{"id":887,"date":"2023-11-19T22:21:39","date_gmt":"2023-11-19T21:21:39","guid":{"rendered":"https:\/\/rodeko.pl\/?page_id=887"},"modified":"2025-02-25T11:43:21","modified_gmt":"2025-02-25T10:43:21","slug":"wykonczeniowe-c","status":"publish","type":"page","link":"https:\/\/rodeko.pl\/?page_id=887","title":{"rendered":"Wyko\u0144czeniowe C"},"content":{"rendered":"\n<figure class=\"wp-block-image size-full\"><img loading=\"lazy\" decoding=\"async\" width=\"1024\" height=\"472\" src=\"https:\/\/rodeko.pl\/wp-content\/uploads\/2023\/11\/kik-lazienka-5-Copy.jpg\" alt=\"\" class=\"wp-image-896\" srcset=\"https:\/\/rodeko.pl\/wp-content\/uploads\/2023\/11\/kik-lazienka-5-Copy.jpg 1024w, https:\/\/rodeko.pl\/wp-content\/uploads\/2023\/11\/kik-lazienka-5-Copy-300x138.jpg 300w, https:\/\/rodeko.pl\/wp-content\/uploads\/2023\/11\/kik-lazienka-5-Copy-768x354.jpg 768w\" sizes=\"auto, (max-width: 1024px) 100vw, 1024px\" \/><figcaption class=\"wp-element-caption\">WIDOK \u0141AZIENKI PO REMONCIE GENERALNYM; HYDRAULIKA-CA\u0141A-NOWA, ELEKTRYKA, ZABUDOWY G\/K, STELA\u017bE PODTYNKOWE, KAFLE,  P\u00d3\u0141KA-ZABODOWA-WENTYLACJI MONTA\u017b; KABINY, SZAFY\/UMYWALKI\/ZLEWU PODWIESZANYCH,  MISKI WC, GRZEJNIKA, DESZCOWNICA, LUSTRO-REWIZJA-LICZNIK\u00d3W, KAFLE DOCINANE DO KONT\u00d3W OBUSIECZNYCH. PRZENIESIENIE STELA\u017b WC NA LEWO DO WN\u0118KI \/ PRALKA I GRZEJNIK NA KONIEC W PRAWO \u0141AZIENKI <\/figcaption><\/figure>\n\n\n\n<div class=\"wp-block-columns is-layout-flex wp-container-core-columns-is-layout-9d6595d7 wp-block-columns-is-layout-flex\">\n<div class=\"wp-block-column is-layout-flow wp-block-column-is-layout-flow\" style=\"flex-basis:100%\">\n<figure class=\"wp-block-gallery has-nested-images columns-default is-cropped wp-block-gallery-1 is-layout-flex wp-block-gallery-is-layout-flex\">\n<figure class=\"wp-block-image size-large\"><img loading=\"lazy\" decoding=\"async\" width=\"1024\" height=\"768\" data-id=\"894\" src=\"https:\/\/rodeko.pl\/wp-content\/uploads\/2023\/11\/kik-lazienka-stara2-Copy-1.jpg\" alt=\"\" class=\"wp-image-894\" srcset=\"https:\/\/rodeko.pl\/wp-content\/uploads\/2023\/11\/kik-lazienka-stara2-Copy-1.jpg 1024w, https:\/\/rodeko.pl\/wp-content\/uploads\/2023\/11\/kik-lazienka-stara2-Copy-1-300x225.jpg 300w, https:\/\/rodeko.pl\/wp-content\/uploads\/2023\/11\/kik-lazienka-stara2-Copy-1-768x576.jpg 768w\" sizes=\"auto, (max-width: 1024px) 100vw, 1024px\" \/><figcaption class=\"wp-element-caption\">WIDOK \u0141AZIENKI PRZED REMONTEM<\/figcaption><\/figure>\n<\/figure>\n\n\n\n<figure class=\"wp-block-image size-full\"><img loading=\"lazy\" decoding=\"async\" width=\"1024\" height=\"472\" src=\"https:\/\/rodeko.pl\/wp-content\/uploads\/2023\/11\/kik-lazienka-6-Copy.jpg\" alt=\"\" class=\"wp-image-895\" srcset=\"https:\/\/rodeko.pl\/wp-content\/uploads\/2023\/11\/kik-lazienka-6-Copy.jpg 1024w, https:\/\/rodeko.pl\/wp-content\/uploads\/2023\/11\/kik-lazienka-6-Copy-300x138.jpg 300w, https:\/\/rodeko.pl\/wp-content\/uploads\/2023\/11\/kik-lazienka-6-Copy-768x354.jpg 768w\" sizes=\"auto, (max-width: 1024px) 100vw, 1024px\" \/><\/figure>\n<\/div>\n<\/div>\n\n\n\n<div class=\"wp-block-columns is-layout-flex wp-container-core-columns-is-layout-9d6595d7 wp-block-columns-is-layout-flex\">\n<div class=\"wp-block-column is-layout-flow wp-block-column-is-layout-flow\" style=\"flex-basis:100%\">\n<figure class=\"wp-block-gallery has-nested-images columns-default is-cropped wp-block-gallery-2 is-layout-flex wp-block-gallery-is-layout-flex\">\n<figure class=\"wp-block-image size-large\"><img loading=\"lazy\" decoding=\"async\" width=\"576\" height=\"768\" data-id=\"903\" src=\"https:\/\/rodeko.pl\/wp-content\/uploads\/2023\/11\/kik-lazienka-stara1-Copy-2.jpg\" alt=\"\" class=\"wp-image-903\" srcset=\"https:\/\/rodeko.pl\/wp-content\/uploads\/2023\/11\/kik-lazienka-stara1-Copy-2.jpg 576w, https:\/\/rodeko.pl\/wp-content\/uploads\/2023\/11\/kik-lazienka-stara1-Copy-2-225x300.jpg 225w\" sizes=\"auto, (max-width: 576px) 100vw, 576px\" \/><figcaption class=\"wp-element-caption\">WIDOK WN\u0118KI PRZED REMONTEM<\/figcaption><\/figure>\n\n\n\n<figure class=\"wp-block-image size-large\"><img loading=\"lazy\" decoding=\"async\" width=\"354\" height=\"768\" data-id=\"905\" src=\"https:\/\/rodeko.pl\/wp-content\/uploads\/2023\/11\/kik-lazienka-3-Copy.jpg\" alt=\"\" class=\"wp-image-905\" srcset=\"https:\/\/rodeko.pl\/wp-content\/uploads\/2023\/11\/kik-lazienka-3-Copy.jpg 354w, https:\/\/rodeko.pl\/wp-content\/uploads\/2023\/11\/kik-lazienka-3-Copy-138x300.jpg 138w\" sizes=\"auto, (max-width: 354px) 100vw, 354px\" \/><figcaption class=\"wp-element-caption\">WIDOK WN\u0118KI PO REMONCIE<\/figcaption><\/figure>\n<\/figure>\n<\/div>\n<\/div>\n\n\n\n<figure class=\"wp-block-image size-full\"><img loading=\"lazy\" decoding=\"async\" width=\"1024\" height=\"768\" src=\"https:\/\/rodeko.pl\/wp-content\/uploads\/2025\/02\/wyk-odplyw-przed-1.jpg\" alt=\"\" class=\"wp-image-987\" srcset=\"https:\/\/rodeko.pl\/wp-content\/uploads\/2025\/02\/wyk-odplyw-przed-1.jpg 1024w, https:\/\/rodeko.pl\/wp-content\/uploads\/2025\/02\/wyk-odplyw-przed-1-300x225.jpg 300w, https:\/\/rodeko.pl\/wp-content\/uploads\/2025\/02\/wyk-odplyw-przed-1-768x576.jpg 768w\" sizes=\"auto, (max-width: 1024px) 100vw, 1024px\" \/><figcaption class=\"wp-element-caption\">WIDOK \u0141AZIENKI PRZED WYKONANIEM ODP\u0141YWU LINIOWEGO<\/figcaption><\/figure>\n\n\n\n<figure class=\"wp-block-image size-full\"><img loading=\"lazy\" decoding=\"async\" width=\"1024\" height=\"768\" src=\"https:\/\/rodeko.pl\/wp-content\/uploads\/2025\/02\/wyk-odplyw-po.jpg\" alt=\"\" class=\"wp-image-988\" srcset=\"https:\/\/rodeko.pl\/wp-content\/uploads\/2025\/02\/wyk-odplyw-po.jpg 1024w, https:\/\/rodeko.pl\/wp-content\/uploads\/2025\/02\/wyk-odplyw-po-300x225.jpg 300w, https:\/\/rodeko.pl\/wp-content\/uploads\/2025\/02\/wyk-odplyw-po-768x576.jpg 768w\" sizes=\"auto, (max-width: 1024px) 100vw, 1024px\" \/><figcaption class=\"wp-element-caption\">EFEKT JU\u017b PO WYKONANIU ODP\u0141YWU LINIOWEGO , PRZESZKLENIA-PRZESUWNEGO, PRZESUNI\u0118CIA MUSZLI WC-ABY NIE ZACHODZI\u0141A W \u015aWIAT\u0141O KABINY<\/figcaption><\/figure>\n\n\n\n<figure class=\"wp-block-image size-full\"><img loading=\"lazy\" decoding=\"async\" width=\"576\" height=\"768\" src=\"https:\/\/rodeko.pl\/wp-content\/uploads\/2025\/02\/wyk-odplyw.jpg\" alt=\"\" class=\"wp-image-991\" srcset=\"https:\/\/rodeko.pl\/wp-content\/uploads\/2025\/02\/wyk-odplyw.jpg 576w, https:\/\/rodeko.pl\/wp-content\/uploads\/2025\/02\/wyk-odplyw-225x300.jpg 225w\" sizes=\"auto, (max-width: 576px) 100vw, 576px\" \/><figcaption class=\"wp-element-caption\">WYKONANIE ODP\u0141YWU LINIOWEGO W ISTNIEJ\u0104CEJ WCZESNIEJ \u0141AZIENCE Z WANN\u0104 , <br>KAFLE CI\u0118TE W GWIAZD\u0118- Z ODP\u0141YWEM PO \u015aRODKU I SZYB\u0104<br>, DODATKOWO WYKONANE LUSTRA NA \u015aCIANACH<\/figcaption><\/figure>\n\n\n\n<figure class=\"wp-block-gallery has-nested-images columns-default is-cropped wp-block-gallery-3 is-layout-flex wp-block-gallery-is-layout-flex\">\n<figure class=\"wp-block-image size-large\"><img loading=\"lazy\" decoding=\"async\" width=\"1024\" height=\"768\" data-id=\"995\" src=\"https:\/\/rodeko.pl\/wp-content\/uploads\/2025\/02\/wyk-centrum-przed.jpg\" alt=\"ZDJECIE PRZED\" class=\"wp-image-995\" srcset=\"https:\/\/rodeko.pl\/wp-content\/uploads\/2025\/02\/wyk-centrum-przed.jpg 1024w, https:\/\/rodeko.pl\/wp-content\/uploads\/2025\/02\/wyk-centrum-przed-300x225.jpg 300w, https:\/\/rodeko.pl\/wp-content\/uploads\/2025\/02\/wyk-centrum-przed-768x576.jpg 768w\" sizes=\"auto, (max-width: 1024px) 100vw, 1024px\" \/><figcaption class=\"wp-element-caption\">ZDJECIE PRZED<\/figcaption><\/figure>\n\n\n\n<figure class=\"wp-block-image size-large\"><img loading=\"lazy\" decoding=\"async\" width=\"1024\" height=\"768\" data-id=\"997\" src=\"https:\/\/rodeko.pl\/wp-content\/uploads\/2025\/02\/wyk-centrum-po.jpg\" alt=\"ZDJ\u0118CIE PO\" class=\"wp-image-997\" srcset=\"https:\/\/rodeko.pl\/wp-content\/uploads\/2025\/02\/wyk-centrum-po.jpg 1024w, https:\/\/rodeko.pl\/wp-content\/uploads\/2025\/02\/wyk-centrum-po-300x225.jpg 300w, https:\/\/rodeko.pl\/wp-content\/uploads\/2025\/02\/wyk-centrum-po-768x576.jpg 768w\" sizes=\"auto, (max-width: 1024px) 100vw, 1024px\" \/><figcaption class=\"wp-element-caption\">ZDJECIE PO<\/figcaption><\/figure>\n<\/figure>\n\n\n\n<p>DEMONTA\u017b ZABUDYWY-WC W CELU POG\u0141\u0118BIENA MIEJSCA DLA PRALKI I JEJ PRZY\u0141\u0104CZY <\/p>\n\n\n\n<figure class=\"wp-block-image size-full\"><img loading=\"lazy\" decoding=\"async\" width=\"1024\" height=\"473\" src=\"http:\/\/rodeko.pl\/wp-content\/uploads\/2023\/11\/kik-balkon-1-Copy.jpg\" alt=\"\" class=\"wp-image-912\" srcset=\"https:\/\/rodeko.pl\/wp-content\/uploads\/2023\/11\/kik-balkon-1-Copy.jpg 1024w, https:\/\/rodeko.pl\/wp-content\/uploads\/2023\/11\/kik-balkon-1-Copy-300x139.jpg 300w, https:\/\/rodeko.pl\/wp-content\/uploads\/2023\/11\/kik-balkon-1-Copy-768x355.jpg 768w\" sizes=\"auto, (max-width: 1024px) 100vw, 1024px\" \/><\/figure>\n\n\n\n<figure class=\"wp-block-image size-full\"><img loading=\"lazy\" decoding=\"async\" width=\"1024\" height=\"473\" src=\"http:\/\/rodeko.pl\/wp-content\/uploads\/2023\/11\/kik-balkon-3-Copy.jpg\" alt=\"\" class=\"wp-image-911\" srcset=\"https:\/\/rodeko.pl\/wp-content\/uploads\/2023\/11\/kik-balkon-3-Copy.jpg 1024w, https:\/\/rodeko.pl\/wp-content\/uploads\/2023\/11\/kik-balkon-3-Copy-300x139.jpg 300w, https:\/\/rodeko.pl\/wp-content\/uploads\/2023\/11\/kik-balkon-3-Copy-768x355.jpg 768w\" sizes=\"auto, (max-width: 1024px) 100vw, 1024px\" \/><\/figure>\n\n\n\n<figure class=\"wp-block-image size-full\"><img loading=\"lazy\" decoding=\"async\" width=\"1024\" height=\"473\" src=\"http:\/\/rodeko.pl\/wp-content\/uploads\/2023\/11\/kik-balkon-2-Copy.jpg\" alt=\"\" class=\"wp-image-913\" srcset=\"https:\/\/rodeko.pl\/wp-content\/uploads\/2023\/11\/kik-balkon-2-Copy.jpg 1024w, https:\/\/rodeko.pl\/wp-content\/uploads\/2023\/11\/kik-balkon-2-Copy-300x139.jpg 300w, https:\/\/rodeko.pl\/wp-content\/uploads\/2023\/11\/kik-balkon-2-Copy-768x355.jpg 768w\" sizes=\"auto, (max-width: 1024px) 100vw, 1024px\" \/><\/figure>\n\n\n\n<figure class=\"wp-block-image size-full\"><img loading=\"lazy\" decoding=\"async\" width=\"576\" height=\"768\" src=\"https:\/\/rodeko.pl\/wp-content\/uploads\/2023\/11\/x-malowanie-szpachlowanie-Copy.jpg\" alt=\"\" class=\"wp-image-917\" srcset=\"https:\/\/rodeko.pl\/wp-content\/uploads\/2023\/11\/x-malowanie-szpachlowanie-Copy.jpg 576w, https:\/\/rodeko.pl\/wp-content\/uploads\/2023\/11\/x-malowanie-szpachlowanie-Copy-225x300.jpg 225w\" sizes=\"auto, (max-width: 576px) 100vw, 576px\" \/><\/figure>\n\n\n\n<figure class=\"wp-block-image size-full\"><img loading=\"lazy\" decoding=\"async\" width=\"576\" height=\"768\" src=\"https:\/\/rodeko.pl\/wp-content\/uploads\/2025\/02\/wyk-okno.jpg\" alt=\"\" class=\"wp-image-1004\" srcset=\"https:\/\/rodeko.pl\/wp-content\/uploads\/2025\/02\/wyk-okno.jpg 576w, https:\/\/rodeko.pl\/wp-content\/uploads\/2025\/02\/wyk-okno-225x300.jpg 225w\" sizes=\"auto, (max-width: 576px) 100vw, 576px\" \/><figcaption class=\"wp-element-caption\">RENOWACJA OKNA &#8211; DREWNIANEGO<\/figcaption><\/figure>\n\n\n\n<figure class=\"wp-block-image size-full\"><img loading=\"lazy\" decoding=\"async\" width=\"576\" height=\"768\" src=\"http:\/\/rodeko.pl\/wp-content\/uploads\/2025\/02\/wyk-ren-drzwi.jpg\" alt=\"\" class=\"wp-image-1002\" srcset=\"https:\/\/rodeko.pl\/wp-content\/uploads\/2025\/02\/wyk-ren-drzwi.jpg 576w, https:\/\/rodeko.pl\/wp-content\/uploads\/2025\/02\/wyk-ren-drzwi-225x300.jpg 225w\" sizes=\"auto, (max-width: 576px) 100vw, 576px\" \/><figcaption class=\"wp-element-caption\">RENOWACJA DRZWI DREWNIANYCH &#8211; O\u015aCIERZNICY<\/figcaption><\/figure>\n\n\n\n<figure class=\"wp-block-image size-full\"><img loading=\"lazy\" decoding=\"async\" width=\"1024\" height=\"768\" src=\"https:\/\/rodeko.pl\/wp-content\/uploads\/2025\/02\/wyk-ren-drzwi-2.jpg\" alt=\"\" class=\"wp-image-1007\" srcset=\"https:\/\/rodeko.pl\/wp-content\/uploads\/2025\/02\/wyk-ren-drzwi-2.jpg 1024w, https:\/\/rodeko.pl\/wp-content\/uploads\/2025\/02\/wyk-ren-drzwi-2-300x225.jpg 300w, https:\/\/rodeko.pl\/wp-content\/uploads\/2025\/02\/wyk-ren-drzwi-2-768x576.jpg 768w\" sizes=\"auto, (max-width: 1024px) 100vw, 1024px\" \/><\/figure>\n\n\n\n<figure class=\"wp-block-image size-full\"><img loading=\"lazy\" decoding=\"async\" width=\"1024\" height=\"768\" src=\"https:\/\/rodeko.pl\/wp-content\/uploads\/2025\/02\/wyk-ren-kuchnia.jpg\" alt=\"\" class=\"wp-image-1008\" srcset=\"https:\/\/rodeko.pl\/wp-content\/uploads\/2025\/02\/wyk-ren-kuchnia.jpg 1024w, https:\/\/rodeko.pl\/wp-content\/uploads\/2025\/02\/wyk-ren-kuchnia-300x225.jpg 300w, https:\/\/rodeko.pl\/wp-content\/uploads\/2025\/02\/wyk-ren-kuchnia-768x576.jpg 768w\" sizes=\"auto, (max-width: 1024px) 100vw, 1024px\" \/><\/figure>\n\n\n\n<figure class=\"wp-block-image size-full\"><img loading=\"lazy\" decoding=\"async\" width=\"1024\" height=\"768\" src=\"https:\/\/rodeko.pl\/wp-content\/uploads\/2025\/02\/wyk-szafka-umywalki.jpg\" alt=\"\" class=\"wp-image-1010\" srcset=\"https:\/\/rodeko.pl\/wp-content\/uploads\/2025\/02\/wyk-szafka-umywalki.jpg 1024w, https:\/\/rodeko.pl\/wp-content\/uploads\/2025\/02\/wyk-szafka-umywalki-300x225.jpg 300w, https:\/\/rodeko.pl\/wp-content\/uploads\/2025\/02\/wyk-szafka-umywalki-768x576.jpg 768w\" sizes=\"auto, (max-width: 1024px) 100vw, 1024px\" \/><\/figure>\n\n\n\n<figure class=\"wp-block-image size-full\"><img loading=\"lazy\" decoding=\"async\" width=\"1024\" height=\"768\" src=\"https:\/\/rodeko.pl\/wp-content\/uploads\/2025\/02\/wyk-umywalka.jpg\" alt=\"\" class=\"wp-image-1012\" srcset=\"https:\/\/rodeko.pl\/wp-content\/uploads\/2025\/02\/wyk-umywalka.jpg 1024w, https:\/\/rodeko.pl\/wp-content\/uploads\/2025\/02\/wyk-umywalka-300x225.jpg 300w, https:\/\/rodeko.pl\/wp-content\/uploads\/2025\/02\/wyk-umywalka-768x576.jpg 768w\" sizes=\"auto, (max-width: 1024px) 100vw, 1024px\" \/><\/figure>\n\n\n\n<figure class=\"wp-block-image size-full\"><img loading=\"lazy\" decoding=\"async\" width=\"576\" height=\"768\" src=\"https:\/\/rodeko.pl\/wp-content\/uploads\/2025\/02\/wyk-kabina.jpg\" alt=\"\" class=\"wp-image-1013\" srcset=\"https:\/\/rodeko.pl\/wp-content\/uploads\/2025\/02\/wyk-kabina.jpg 576w, https:\/\/rodeko.pl\/wp-content\/uploads\/2025\/02\/wyk-kabina-225x300.jpg 225w\" sizes=\"auto, (max-width: 576px) 100vw, 576px\" \/><\/figure>\n\n\n","protected":false},"excerpt":{"rendered":"<p>DEMONTA\u017b ZABUDYWY-WC W CELU POG\u0141\u0118BIENA MIEJSCA DLA PRALKI I JEJ PRZY\u0141\u0104CZY<\/p>\n","protected":false},"author":1,"featured_media":0,"parent":0,"menu_order":0,"comment_status":"closed","ping_status":"closed","template":"","meta":{"footnotes":""},"class_list":["post-887","page","type-page","status-publish","hentry"],"yoast_head":"<!-- This site is optimized with the Yoast SEO plugin v24.5 - https:\/\/yoast.com\/wordpress\/plugins\/seo\/ -->\n<title>Wyko\u0144czeniowe C - rodeko.pl<\/title>\n<meta name=\"robots\" content=\"index, follow, max-snippet:-1, max-image-preview:large, max-video-preview:-1\" \/>\n<link rel=\"canonical\" href=\"https:\/\/rodeko.pl\/?page_id=887\" \/>\n<meta property=\"og:locale\" content=\"en_US\" \/>\n<meta property=\"og:type\" content=\"article\" \/>\n<meta property=\"og:title\" content=\"Wyko\u0144czeniowe C - rodeko.pl\" \/>\n<meta property=\"og:description\" content=\"DEMONTA\u017b ZABUDYWY-WC W CELU POG\u0141\u0118BIENA MIEJSCA DLA PRALKI I JEJ PRZY\u0141\u0104CZY\" \/>\n<meta property=\"og:url\" content=\"https:\/\/rodeko.pl\/?page_id=887\" \/>\n<meta property=\"og:site_name\" content=\"rodeko.pl\" \/>\n<meta property=\"article:publisher\" content=\"https:\/\/www.facebook.com\/profile.php?id=100092443299246\" \/>\n<meta property=\"article:modified_time\" content=\"2025-02-25T10:43:21+00:00\" \/>\n<meta property=\"og:image\" content=\"https:\/\/rodeko.pl\/wp-content\/uploads\/2023\/11\/kik-lazienka-5-Copy.jpg\" \/>\n<meta name=\"twitter:card\" content=\"summary_large_image\" \/>\n<meta name=\"twitter:label1\" content=\"Est. reading time\" \/>\n\t<meta name=\"twitter:data1\" content=\"5 minutes\" \/>\n<script type=\"application\/ld+json\" class=\"yoast-schema-graph\">{\"@context\":\"https:\/\/schema.org\",\"@graph\":[{\"@type\":\"WebPage\",\"@id\":\"https:\/\/rodeko.pl\/?page_id=887\",\"url\":\"https:\/\/rodeko.pl\/?page_id=887\",\"name\":\"Wyko\u0144czeniowe C - rodeko.pl\",\"isPartOf\":{\"@id\":\"https:\/\/rodeko.pl\/#website\"},\"primaryImageOfPage\":{\"@id\":\"https:\/\/rodeko.pl\/?page_id=887#primaryimage\"},\"image\":{\"@id\":\"https:\/\/rodeko.pl\/?page_id=887#primaryimage\"},\"thumbnailUrl\":\"https:\/\/rodeko.pl\/wp-content\/uploads\/2023\/11\/kik-lazienka-5-Copy.jpg\",\"datePublished\":\"2023-11-19T21:21:39+00:00\",\"dateModified\":\"2025-02-25T10:43:21+00:00\",\"breadcrumb\":{\"@id\":\"https:\/\/rodeko.pl\/?page_id=887#breadcrumb\"},\"inLanguage\":\"en-US\",\"potentialAction\":[{\"@type\":\"ReadAction\",\"target\":[\"https:\/\/rodeko.pl\/?page_id=887\"]}]},{\"@type\":\"ImageObject\",\"inLanguage\":\"en-US\",\"@id\":\"https:\/\/rodeko.pl\/?page_id=887#primaryimage\",\"url\":\"https:\/\/rodeko.pl\/wp-content\/uploads\/2023\/11\/kik-lazienka-5-Copy.jpg\",\"contentUrl\":\"https:\/\/rodeko.pl\/wp-content\/uploads\/2023\/11\/kik-lazienka-5-Copy.jpg\"},{\"@type\":\"BreadcrumbList\",\"@id\":\"https:\/\/rodeko.pl\/?page_id=887#breadcrumb\",\"itemListElement\":[{\"@type\":\"ListItem\",\"position\":1,\"name\":\"Strona g\u0142\u00f3wna\",\"item\":\"https:\/\/rodeko.pl\/\"},{\"@type\":\"ListItem\",\"position\":2,\"name\":\"Wyko\u0144czeniowe C\"}]},{\"@type\":\"WebSite\",\"@id\":\"https:\/\/rodeko.pl\/#website\",\"url\":\"https:\/\/rodeko.pl\/\",\"name\":\"rodeko.pl\",\"description\":\"pompy ciep\u0142a I wyko\u0144czenia I remonty I hydraulika I elektryka I kurs krawiecki\",\"publisher\":{\"@id\":\"https:\/\/rodeko.pl\/#organization\"},\"potentialAction\":[{\"@type\":\"SearchAction\",\"target\":{\"@type\":\"EntryPoint\",\"urlTemplate\":\"https:\/\/rodeko.pl\/?s={search_term_string}\"},\"query-input\":{\"@type\":\"PropertyValueSpecification\",\"valueRequired\":true,\"valueName\":\"search_term_string\"}}],\"inLanguage\":\"en-US\"},{\"@type\":\"Organization\",\"@id\":\"https:\/\/rodeko.pl\/#organization\",\"name\":\"rodeko.pl\",\"url\":\"https:\/\/rodeko.pl\/\",\"logo\":{\"@type\":\"ImageObject\",\"inLanguage\":\"en-US\",\"@id\":\"https:\/\/rodeko.pl\/#\/schema\/logo\/image\/\",\"url\":\"http:\/\/rodeko.pl\/wp-content\/uploads\/2023\/05\/IMG_20211229_223701_HDR-Copy.jpg\",\"contentUrl\":\"http:\/\/rodeko.pl\/wp-content\/uploads\/2023\/05\/IMG_20211229_223701_HDR-Copy.jpg\",\"width\":1024,\"height\":768,\"caption\":\"rodeko.pl\"},\"image\":{\"@id\":\"https:\/\/rodeko.pl\/#\/schema\/logo\/image\/\"},\"sameAs\":[\"https:\/\/www.facebook.com\/profile.php?id=100092443299246\"]}]}<\/script>\n<!-- \/ Yoast SEO plugin. -->","yoast_head_json":{"title":"Wyko\u0144czeniowe C - rodeko.pl","robots":{"index":"index","follow":"follow","max-snippet":"max-snippet:-1","max-image-preview":"max-image-preview:large","max-video-preview":"max-video-preview:-1"},"canonical":"https:\/\/rodeko.pl\/?page_id=887","og_locale":"en_US","og_type":"article","og_title":"Wyko\u0144czeniowe C - rodeko.pl","og_description":"DEMONTA\u017b ZABUDYWY-WC W CELU POG\u0141\u0118BIENA MIEJSCA DLA PRALKI I JEJ PRZY\u0141\u0104CZY","og_url":"https:\/\/rodeko.pl\/?page_id=887","og_site_name":"rodeko.pl","article_publisher":"https:\/\/www.facebook.com\/profile.php?id=100092443299246","article_modified_time":"2025-02-25T10:43:21+00:00","og_image":[{"url":"https:\/\/rodeko.pl\/wp-content\/uploads\/2023\/11\/kik-lazienka-5-Copy.jpg","type":"","width":"","height":""}],"twitter_card":"summary_large_image","twitter_misc":{"Est. reading time":"5 minutes"},"schema":{"@context":"https:\/\/schema.org","@graph":[{"@type":"WebPage","@id":"https:\/\/rodeko.pl\/?page_id=887","url":"https:\/\/rodeko.pl\/?page_id=887","name":"Wyko\u0144czeniowe C - rodeko.pl","isPartOf":{"@id":"https:\/\/rodeko.pl\/#website"},"primaryImageOfPage":{"@id":"https:\/\/rodeko.pl\/?page_id=887#primaryimage"},"image":{"@id":"https:\/\/rodeko.pl\/?page_id=887#primaryimage"},"thumbnailUrl":"https:\/\/rodeko.pl\/wp-content\/uploads\/2023\/11\/kik-lazienka-5-Copy.jpg","datePublished":"2023-11-19T21:21:39+00:00","dateModified":"2025-02-25T10:43:21+00:00","breadcrumb":{"@id":"https:\/\/rodeko.pl\/?page_id=887#breadcrumb"},"inLanguage":"en-US","potentialAction":[{"@type":"ReadAction","target":["https:\/\/rodeko.pl\/?page_id=887"]}]},{"@type":"ImageObject","inLanguage":"en-US","@id":"https:\/\/rodeko.pl\/?page_id=887#primaryimage","url":"https:\/\/rodeko.pl\/wp-content\/uploads\/2023\/11\/kik-lazienka-5-Copy.jpg","contentUrl":"https:\/\/rodeko.pl\/wp-content\/uploads\/2023\/11\/kik-lazienka-5-Copy.jpg"},{"@type":"BreadcrumbList","@id":"https:\/\/rodeko.pl\/?page_id=887#breadcrumb","itemListElement":[{"@type":"ListItem","position":1,"name":"Strona g\u0142\u00f3wna","item":"https:\/\/rodeko.pl\/"},{"@type":"ListItem","position":2,"name":"Wyko\u0144czeniowe C"}]},{"@type":"WebSite","@id":"https:\/\/rodeko.pl\/#website","url":"https:\/\/rodeko.pl\/","name":"rodeko.pl","description":"pompy ciep\u0142a I wyko\u0144czenia I remonty I hydraulika I elektryka I kurs krawiecki","publisher":{"@id":"https:\/\/rodeko.pl\/#organization"},"potentialAction":[{"@type":"SearchAction","target":{"@type":"EntryPoint","urlTemplate":"https:\/\/rodeko.pl\/?s={search_term_string}"},"query-input":{"@type":"PropertyValueSpecification","valueRequired":true,"valueName":"search_term_string"}}],"inLanguage":"en-US"},{"@type":"Organization","@id":"https:\/\/rodeko.pl\/#organization","name":"rodeko.pl","url":"https:\/\/rodeko.pl\/","logo":{"@type":"ImageObject","inLanguage":"en-US","@id":"https:\/\/rodeko.pl\/#\/schema\/logo\/image\/","url":"http:\/\/rodeko.pl\/wp-content\/uploads\/2023\/05\/IMG_20211229_223701_HDR-Copy.jpg","contentUrl":"http:\/\/rodeko.pl\/wp-content\/uploads\/2023\/05\/IMG_20211229_223701_HDR-Copy.jpg","width":1024,"height":768,"caption":"rodeko.pl"},"image":{"@id":"https:\/\/rodeko.pl\/#\/schema\/logo\/image\/"},"sameAs":["https:\/\/www.facebook.com\/profile.php?id=100092443299246"]}]}},"_links":{"self":[{"href":"https:\/\/rodeko.pl\/index.php?rest_route=\/wp\/v2\/pages\/887","targetHints":{"allow":["GET"]}}],"collection":[{"href":"https:\/\/rodeko.pl\/index.php?rest_route=\/wp\/v2\/pages"}],"about":[{"href":"https:\/\/rodeko.pl\/index.php?rest_route=\/wp\/v2\/types\/page"}],"author":[{"embeddable":true,"href":"https:\/\/rodeko.pl\/index.php?rest_route=\/wp\/v2\/users\/1"}],"replies":[{"embeddable":true,"href":"https:\/\/rodeko.pl\/index.php?rest_route=%2Fwp%2Fv2%2Fcomments&post=887"}],"version-history":[{"count":20,"href":"https:\/\/rodeko.pl\/index.php?rest_route=\/wp\/v2\/pages\/887\/revisions"}],"predecessor-version":[{"id":1016,"href":"https:\/\/rodeko.pl\/index.php?rest_route=\/wp\/v2\/pages\/887\/revisions\/1016"}],"wp:attachment":[{"href":"https:\/\/rodeko.pl\/index.php?rest_route=%2Fwp%2Fv2%2Fmedia&parent=887"}],"curies":[{"name":"wp","href":"https:\/\/api.w.org\/{rel}","templated":true}]}}