{"id":845,"date":"2023-06-28T01:27:49","date_gmt":"2023-06-27T23:27:49","guid":{"rendered":"https:\/\/rodeko.pl\/?page_id=845"},"modified":"2023-07-06T23:41:45","modified_gmt":"2023-07-06T21:41:45","slug":"panasonic","status":"publish","type":"page","link":"https:\/\/rodeko.pl\/?page_id=845","title":{"rendered":"PANASONIC"},"content":{"rendered":"\n<p>Poradnik jest do pobrania klikaj\u0105c w link poni\u017cej<\/p>\n\n\n\n<p><a href=\"https:\/\/www.panasonicproclub.com\/uploads\/PL\/catalogues\/leaflet-for-end-users\/2023\/Poradnik%20dla%20u%C5%BCytkownika%20Pompy%20Ciep%C5%82a%20od%20A%20do%20Z_04%202023.pdf\">Poradnik dla u\u017cytkownika Pompy Ciep\u0142a od A do Z_04 2023.pdf (panasonicproclub.com)<\/a><\/p>\n\n\n\n<figure class=\"wp-block-image size-large\"><img loading=\"lazy\" decoding=\"async\" width=\"724\" height=\"1024\" src=\"https:\/\/rodeko.pl\/wp-content\/uploads\/2023\/07\/Poradnik-dla-uzytkownika-Pompy-Ciepla-od-A-do-Z_04-2023-1strona-724x1024.jpg\" alt=\"\" class=\"wp-image-859\" srcset=\"https:\/\/rodeko.pl\/wp-content\/uploads\/2023\/07\/Poradnik-dla-uzytkownika-Pompy-Ciepla-od-A-do-Z_04-2023-1strona-724x1024.jpg 724w, https:\/\/rodeko.pl\/wp-content\/uploads\/2023\/07\/Poradnik-dla-uzytkownika-Pompy-Ciepla-od-A-do-Z_04-2023-1strona-212x300.jpg 212w, https:\/\/rodeko.pl\/wp-content\/uploads\/2023\/07\/Poradnik-dla-uzytkownika-Pompy-Ciepla-od-A-do-Z_04-2023-1strona-768x1086.jpg 768w, https:\/\/rodeko.pl\/wp-content\/uploads\/2023\/07\/Poradnik-dla-uzytkownika-Pompy-Ciepla-od-A-do-Z_04-2023-1strona-1086x1536.jpg 1086w, https:\/\/rodeko.pl\/wp-content\/uploads\/2023\/07\/Poradnik-dla-uzytkownika-Pompy-Ciepla-od-A-do-Z_04-2023-1strona.jpg 1190w\" sizes=\"auto, (max-width: 724px) 100vw, 724px\" \/><\/figure>\n\n\n\n<p><strong>Nasza oferta dotyczy pomp ciep\u0142a:  panasonic t-cap generacji J<\/strong> czynnik R32  , <strong>panasonic t-cap generacji <\/strong>L czynnik R290  <strong>=pliki z pe\u0142nym opisem r\u00f3wnie\u017c technicznym w formacie pdf poni\u017cej=<\/strong><\/p>\n\n\n\n<p><a href=\"https:\/\/www.panasonicproclub.com\/uploads\/PL\/catalogues\/2020\/A2W\/ulotki\/03%20EU%204P%20AQ%20MONOBLOCK%20J%2020_ATT_PL_final.pdf\">03 EU 4P AQ MONOBLOCK J 20_ATT_PL_final.pdf (panasonicproclub.com)<\/a><\/p>\n\n\n\n<p><a href=\"https:\/\/www.panasonicproclub.com\/uploads\/PL\/catalogues\/leaflet-for-end-users\/2023\/Ulotka%20Panasonic%20Aquarea%20serii%20L_v01-06-23.pdf\">Ulotka Panasonic Aquarea serii L_v01-06-23.pdf (panasonicproclub.com)<\/a><\/p>\n\n\n\n<figure class=\"wp-block-image size-large is-resized\"><img loading=\"lazy\" decoding=\"async\" src=\"https:\/\/rodeko.pl\/wp-content\/uploads\/2023\/07\/strona7monoblok-740x1024.jpg\" alt=\"\" class=\"wp-image-872\" width=\"861\" height=\"1191\" srcset=\"https:\/\/rodeko.pl\/wp-content\/uploads\/2023\/07\/strona7monoblok-740x1024.jpg 740w, https:\/\/rodeko.pl\/wp-content\/uploads\/2023\/07\/strona7monoblok-217x300.jpg 217w, https:\/\/rodeko.pl\/wp-content\/uploads\/2023\/07\/strona7monoblok-768x1063.jpg 768w, https:\/\/rodeko.pl\/wp-content\/uploads\/2023\/07\/strona7monoblok-1110x1536.jpg 1110w, https:\/\/rodeko.pl\/wp-content\/uploads\/2023\/07\/strona7monoblok.jpg 1284w\" sizes=\"auto, (max-width: 861px) 100vw, 861px\" \/><figcaption class=\"wp-element-caption\"><a href=\"https:\/\/www.panasonicproclub.com\/uploads\/PL\/catalogues\/2020\/A2W\/ulotki\/03%20EU%204P%20AQ%20MONOBLOCK%20J%2020_ATT_PL_final.pdf\">03 EU 4P AQ MONOBLOCK J 20_ATT_PL_final.pdf (panasonicproclub.com)<\/a><\/figcaption><\/figure>\n\n\n\n<figure class=\"wp-block-image size-large is-resized\"><img loading=\"lazy\" decoding=\"async\" src=\"https:\/\/rodeko.pl\/wp-content\/uploads\/2023\/07\/strona8monoblok-740x1024.jpg\" alt=\"\" class=\"wp-image-875\" width=\"864\" height=\"1194\" srcset=\"https:\/\/rodeko.pl\/wp-content\/uploads\/2023\/07\/strona8monoblok-740x1024.jpg 740w, https:\/\/rodeko.pl\/wp-content\/uploads\/2023\/07\/strona8monoblok-217x300.jpg 217w\" sizes=\"auto, (max-width: 864px) 100vw, 864px\" \/><figcaption class=\"wp-element-caption\"><a href=\"https:\/\/www.panasonicproclub.com\/uploads\/PL\/catalogues\/2020\/A2W\/ulotki\/03%20EU%204P%20AQ%20MONOBLOCK%20J%2020_ATT_PL_final.pdf\">03 EU 4P AQ MONOBLOCK J 20_ATT_PL_final.pdf (panasonicproclub.com)<\/a><\/figcaption><\/figure>\n\n\n\n<figure class=\"wp-block-image size-large\"><img loading=\"lazy\" decoding=\"async\" width=\"724\" height=\"1024\" src=\"https:\/\/rodeko.pl\/wp-content\/uploads\/2023\/07\/strona6monoblok-724x1024.jpg\" alt=\"\" class=\"wp-image-879\" srcset=\"https:\/\/rodeko.pl\/wp-content\/uploads\/2023\/07\/strona6monoblok-724x1024.jpg 724w, https:\/\/rodeko.pl\/wp-content\/uploads\/2023\/07\/strona6monoblok-212x300.jpg 212w, https:\/\/rodeko.pl\/wp-content\/uploads\/2023\/07\/strona6monoblok-768x1087.jpg 768w, https:\/\/rodeko.pl\/wp-content\/uploads\/2023\/07\/strona6monoblok-1085x1536.jpg 1085w, https:\/\/rodeko.pl\/wp-content\/uploads\/2023\/07\/strona6monoblok.jpg 1190w\" sizes=\"auto, (max-width: 724px) 100vw, 724px\" \/><\/figure>\n\n\n\n<figure class=\"wp-block-image size-large\"><img loading=\"lazy\" decoding=\"async\" width=\"724\" height=\"1024\" src=\"https:\/\/rodeko.pl\/wp-content\/uploads\/2023\/07\/strona5monoblok-max-724x1024.jpg\" alt=\"\" class=\"wp-image-881\" srcset=\"https:\/\/rodeko.pl\/wp-content\/uploads\/2023\/07\/strona5monoblok-max-724x1024.jpg 724w, https:\/\/rodeko.pl\/wp-content\/uploads\/2023\/07\/strona5monoblok-max-212x300.jpg 212w, https:\/\/rodeko.pl\/wp-content\/uploads\/2023\/07\/strona5monoblok-max-768x1087.jpg 768w, https:\/\/rodeko.pl\/wp-content\/uploads\/2023\/07\/strona5monoblok-max-1085x1536.jpg 1085w, https:\/\/rodeko.pl\/wp-content\/uploads\/2023\/07\/strona5monoblok-max.jpg 1190w\" sizes=\"auto, (max-width: 724px) 100vw, 724px\" \/><\/figure>\n\n\n\n<figure class=\"wp-block-image size-large\"><img loading=\"lazy\" decoding=\"async\" width=\"724\" height=\"1024\" src=\"https:\/\/rodeko.pl\/wp-content\/uploads\/2023\/07\/strona4monoblok-max-724x1024.jpg\" alt=\"\" class=\"wp-image-882\" srcset=\"https:\/\/rodeko.pl\/wp-content\/uploads\/2023\/07\/strona4monoblok-max-724x1024.jpg 724w, https:\/\/rodeko.pl\/wp-content\/uploads\/2023\/07\/strona4monoblok-max-212x300.jpg 212w, https:\/\/rodeko.pl\/wp-content\/uploads\/2023\/07\/strona4monoblok-max-768x1087.jpg 768w, https:\/\/rodeko.pl\/wp-content\/uploads\/2023\/07\/strona4monoblok-max-1085x1536.jpg 1085w, https:\/\/rodeko.pl\/wp-content\/uploads\/2023\/07\/strona4monoblok-max.jpg 1190w\" sizes=\"auto, (max-width: 724px) 100vw, 724px\" \/><\/figure>\n\n\n\n<figure class=\"wp-block-image size-large\"><img loading=\"lazy\" decoding=\"async\" width=\"724\" height=\"1024\" src=\"https:\/\/rodeko.pl\/wp-content\/uploads\/2023\/07\/strona3monoblok-max-724x1024.jpg\" alt=\"\" class=\"wp-image-883\" srcset=\"https:\/\/rodeko.pl\/wp-content\/uploads\/2023\/07\/strona3monoblok-max-724x1024.jpg 724w, https:\/\/rodeko.pl\/wp-content\/uploads\/2023\/07\/strona3monoblok-max-212x300.jpg 212w, https:\/\/rodeko.pl\/wp-content\/uploads\/2023\/07\/strona3monoblok-max-768x1087.jpg 768w, https:\/\/rodeko.pl\/wp-content\/uploads\/2023\/07\/strona3monoblok-max-1085x1536.jpg 1085w, https:\/\/rodeko.pl\/wp-content\/uploads\/2023\/07\/strona3monoblok-max.jpg 1190w\" sizes=\"auto, (max-width: 724px) 100vw, 724px\" \/><\/figure>\n\n\n\n<p><strong>DOST\u0118PNE MODELE I CENY W ZAK\u0141ADCE \u2013 CENY<\/strong><\/p>\n","protected":false},"excerpt":{"rendered":"<p>Poradnik jest do pobrania klikaj\u0105c w link poni\u017cej Poradnik dla u\u017cytkownika Pompy Ciep\u0142a od A do Z_04 2023.pdf (panasonicproclub.com) Nasza oferta dotyczy pomp ciep\u0142a: panasonic t-cap generacji J czynnik R32 , panasonic t-cap generacji L czynnik R290 =pliki z pe\u0142nym opisem r\u00f3wnie\u017c technicznym w formacie pdf poni\u017cej= 03 EU 4P AQ MONOBLOCK J 20_ATT_PL_final.pdf (panasonicproclub.com) &hellip; <a href=\"https:\/\/rodeko.pl\/?page_id=845\" class=\"more-link\">Continue reading <span class=\"screen-reader-text\">PANASONIC<\/span> <span class=\"meta-nav\">&rarr;<\/span><\/a><\/p>\n","protected":false},"author":1,"featured_media":0,"parent":0,"menu_order":0,"comment_status":"closed","ping_status":"closed","template":"","meta":{"footnotes":""},"class_list":["post-845","page","type-page","status-publish","hentry"],"yoast_head":"<!-- This site is optimized with the Yoast SEO plugin v24.5 - https:\/\/yoast.com\/wordpress\/plugins\/seo\/ -->\n<title>PANASONIC - rodeko.pl<\/title>\n<meta name=\"robots\" content=\"index, follow, max-snippet:-1, max-image-preview:large, max-video-preview:-1\" \/>\n<link rel=\"canonical\" href=\"https:\/\/rodeko.pl\/?page_id=845\" \/>\n<meta property=\"og:locale\" content=\"en_US\" \/>\n<meta property=\"og:type\" content=\"article\" \/>\n<meta property=\"og:title\" content=\"PANASONIC - rodeko.pl\" \/>\n<meta property=\"og:description\" content=\"Poradnik jest do pobrania klikaj\u0105c w link poni\u017cej Poradnik dla u\u017cytkownika Pompy Ciep\u0142a od A do Z_04 2023.pdf (panasonicproclub.com) Nasza oferta dotyczy pomp ciep\u0142a: panasonic t-cap generacji J czynnik R32 , panasonic t-cap generacji L czynnik R290 =pliki z pe\u0142nym opisem r\u00f3wnie\u017c technicznym w formacie pdf poni\u017cej= 03 EU 4P AQ MONOBLOCK J 20_ATT_PL_final.pdf (panasonicproclub.com) &hellip; Continue reading PANASONIC &rarr;\" \/>\n<meta property=\"og:url\" content=\"https:\/\/rodeko.pl\/?page_id=845\" \/>\n<meta property=\"og:site_name\" content=\"rodeko.pl\" \/>\n<meta property=\"article:publisher\" content=\"https:\/\/www.facebook.com\/profile.php?id=100092443299246\" \/>\n<meta property=\"article:modified_time\" content=\"2023-07-06T21:41:45+00:00\" \/>\n<meta property=\"og:image\" content=\"https:\/\/rodeko.pl\/wp-content\/uploads\/2023\/07\/Poradnik-dla-uzytkownika-Pompy-Ciepla-od-A-do-Z_04-2023-1strona-724x1024.jpg\" \/>\n<meta name=\"twitter:card\" content=\"summary_large_image\" \/>\n<meta name=\"twitter:label1\" content=\"Est. reading time\" \/>\n\t<meta name=\"twitter:data1\" content=\"2 minutes\" \/>\n<script type=\"application\/ld+json\" class=\"yoast-schema-graph\">{\"@context\":\"https:\/\/schema.org\",\"@graph\":[{\"@type\":\"WebPage\",\"@id\":\"https:\/\/rodeko.pl\/?page_id=845\",\"url\":\"https:\/\/rodeko.pl\/?page_id=845\",\"name\":\"PANASONIC - rodeko.pl\",\"isPartOf\":{\"@id\":\"https:\/\/rodeko.pl\/#website\"},\"primaryImageOfPage\":{\"@id\":\"https:\/\/rodeko.pl\/?page_id=845#primaryimage\"},\"image\":{\"@id\":\"https:\/\/rodeko.pl\/?page_id=845#primaryimage\"},\"thumbnailUrl\":\"https:\/\/rodeko.pl\/wp-content\/uploads\/2023\/07\/Poradnik-dla-uzytkownika-Pompy-Ciepla-od-A-do-Z_04-2023-1strona-724x1024.jpg\",\"datePublished\":\"2023-06-27T23:27:49+00:00\",\"dateModified\":\"2023-07-06T21:41:45+00:00\",\"breadcrumb\":{\"@id\":\"https:\/\/rodeko.pl\/?page_id=845#breadcrumb\"},\"inLanguage\":\"en-US\",\"potentialAction\":[{\"@type\":\"ReadAction\",\"target\":[\"https:\/\/rodeko.pl\/?page_id=845\"]}]},{\"@type\":\"ImageObject\",\"inLanguage\":\"en-US\",\"@id\":\"https:\/\/rodeko.pl\/?page_id=845#primaryimage\",\"url\":\"https:\/\/rodeko.pl\/wp-content\/uploads\/2023\/07\/Poradnik-dla-uzytkownika-Pompy-Ciepla-od-A-do-Z_04-2023-1strona-724x1024.jpg\",\"contentUrl\":\"https:\/\/rodeko.pl\/wp-content\/uploads\/2023\/07\/Poradnik-dla-uzytkownika-Pompy-Ciepla-od-A-do-Z_04-2023-1strona-724x1024.jpg\"},{\"@type\":\"BreadcrumbList\",\"@id\":\"https:\/\/rodeko.pl\/?page_id=845#breadcrumb\",\"itemListElement\":[{\"@type\":\"ListItem\",\"position\":1,\"name\":\"Strona g\u0142\u00f3wna\",\"item\":\"https:\/\/rodeko.pl\/\"},{\"@type\":\"ListItem\",\"position\":2,\"name\":\"PANASONIC\"}]},{\"@type\":\"WebSite\",\"@id\":\"https:\/\/rodeko.pl\/#website\",\"url\":\"https:\/\/rodeko.pl\/\",\"name\":\"rodeko.pl\",\"description\":\"pompy ciep\u0142a I wyko\u0144czenia I remonty I hydraulika I elektryka I kurs krawiecki\",\"publisher\":{\"@id\":\"https:\/\/rodeko.pl\/#organization\"},\"potentialAction\":[{\"@type\":\"SearchAction\",\"target\":{\"@type\":\"EntryPoint\",\"urlTemplate\":\"https:\/\/rodeko.pl\/?s={search_term_string}\"},\"query-input\":{\"@type\":\"PropertyValueSpecification\",\"valueRequired\":true,\"valueName\":\"search_term_string\"}}],\"inLanguage\":\"en-US\"},{\"@type\":\"Organization\",\"@id\":\"https:\/\/rodeko.pl\/#organization\",\"name\":\"rodeko.pl\",\"url\":\"https:\/\/rodeko.pl\/\",\"logo\":{\"@type\":\"ImageObject\",\"inLanguage\":\"en-US\",\"@id\":\"https:\/\/rodeko.pl\/#\/schema\/logo\/image\/\",\"url\":\"http:\/\/rodeko.pl\/wp-content\/uploads\/2023\/05\/IMG_20211229_223701_HDR-Copy.jpg\",\"contentUrl\":\"http:\/\/rodeko.pl\/wp-content\/uploads\/2023\/05\/IMG_20211229_223701_HDR-Copy.jpg\",\"width\":1024,\"height\":768,\"caption\":\"rodeko.pl\"},\"image\":{\"@id\":\"https:\/\/rodeko.pl\/#\/schema\/logo\/image\/\"},\"sameAs\":[\"https:\/\/www.facebook.com\/profile.php?id=100092443299246\"]}]}<\/script>\n<!-- \/ Yoast SEO plugin. -->","yoast_head_json":{"title":"PANASONIC - rodeko.pl","robots":{"index":"index","follow":"follow","max-snippet":"max-snippet:-1","max-image-preview":"max-image-preview:large","max-video-preview":"max-video-preview:-1"},"canonical":"https:\/\/rodeko.pl\/?page_id=845","og_locale":"en_US","og_type":"article","og_title":"PANASONIC - rodeko.pl","og_description":"Poradnik jest do pobrania klikaj\u0105c w link poni\u017cej Poradnik dla u\u017cytkownika Pompy Ciep\u0142a od A do Z_04 2023.pdf (panasonicproclub.com) Nasza oferta dotyczy pomp ciep\u0142a: panasonic t-cap generacji J czynnik R32 , panasonic t-cap generacji L czynnik R290 =pliki z pe\u0142nym opisem r\u00f3wnie\u017c technicznym w formacie pdf poni\u017cej= 03 EU 4P AQ MONOBLOCK J 20_ATT_PL_final.pdf (panasonicproclub.com) &hellip; Continue reading PANASONIC &rarr;","og_url":"https:\/\/rodeko.pl\/?page_id=845","og_site_name":"rodeko.pl","article_publisher":"https:\/\/www.facebook.com\/profile.php?id=100092443299246","article_modified_time":"2023-07-06T21:41:45+00:00","og_image":[{"url":"https:\/\/rodeko.pl\/wp-content\/uploads\/2023\/07\/Poradnik-dla-uzytkownika-Pompy-Ciepla-od-A-do-Z_04-2023-1strona-724x1024.jpg","type":"","width":"","height":""}],"twitter_card":"summary_large_image","twitter_misc":{"Est. reading time":"2 minutes"},"schema":{"@context":"https:\/\/schema.org","@graph":[{"@type":"WebPage","@id":"https:\/\/rodeko.pl\/?page_id=845","url":"https:\/\/rodeko.pl\/?page_id=845","name":"PANASONIC - rodeko.pl","isPartOf":{"@id":"https:\/\/rodeko.pl\/#website"},"primaryImageOfPage":{"@id":"https:\/\/rodeko.pl\/?page_id=845#primaryimage"},"image":{"@id":"https:\/\/rodeko.pl\/?page_id=845#primaryimage"},"thumbnailUrl":"https:\/\/rodeko.pl\/wp-content\/uploads\/2023\/07\/Poradnik-dla-uzytkownika-Pompy-Ciepla-od-A-do-Z_04-2023-1strona-724x1024.jpg","datePublished":"2023-06-27T23:27:49+00:00","dateModified":"2023-07-06T21:41:45+00:00","breadcrumb":{"@id":"https:\/\/rodeko.pl\/?page_id=845#breadcrumb"},"inLanguage":"en-US","potentialAction":[{"@type":"ReadAction","target":["https:\/\/rodeko.pl\/?page_id=845"]}]},{"@type":"ImageObject","inLanguage":"en-US","@id":"https:\/\/rodeko.pl\/?page_id=845#primaryimage","url":"https:\/\/rodeko.pl\/wp-content\/uploads\/2023\/07\/Poradnik-dla-uzytkownika-Pompy-Ciepla-od-A-do-Z_04-2023-1strona-724x1024.jpg","contentUrl":"https:\/\/rodeko.pl\/wp-content\/uploads\/2023\/07\/Poradnik-dla-uzytkownika-Pompy-Ciepla-od-A-do-Z_04-2023-1strona-724x1024.jpg"},{"@type":"BreadcrumbList","@id":"https:\/\/rodeko.pl\/?page_id=845#breadcrumb","itemListElement":[{"@type":"ListItem","position":1,"name":"Strona g\u0142\u00f3wna","item":"https:\/\/rodeko.pl\/"},{"@type":"ListItem","position":2,"name":"PANASONIC"}]},{"@type":"WebSite","@id":"https:\/\/rodeko.pl\/#website","url":"https:\/\/rodeko.pl\/","name":"rodeko.pl","description":"pompy ciep\u0142a I wyko\u0144czenia I remonty I hydraulika I elektryka I kurs krawiecki","publisher":{"@id":"https:\/\/rodeko.pl\/#organization"},"potentialAction":[{"@type":"SearchAction","target":{"@type":"EntryPoint","urlTemplate":"https:\/\/rodeko.pl\/?s={search_term_string}"},"query-input":{"@type":"PropertyValueSpecification","valueRequired":true,"valueName":"search_term_string"}}],"inLanguage":"en-US"},{"@type":"Organization","@id":"https:\/\/rodeko.pl\/#organization","name":"rodeko.pl","url":"https:\/\/rodeko.pl\/","logo":{"@type":"ImageObject","inLanguage":"en-US","@id":"https:\/\/rodeko.pl\/#\/schema\/logo\/image\/","url":"http:\/\/rodeko.pl\/wp-content\/uploads\/2023\/05\/IMG_20211229_223701_HDR-Copy.jpg","contentUrl":"http:\/\/rodeko.pl\/wp-content\/uploads\/2023\/05\/IMG_20211229_223701_HDR-Copy.jpg","width":1024,"height":768,"caption":"rodeko.pl"},"image":{"@id":"https:\/\/rodeko.pl\/#\/schema\/logo\/image\/"},"sameAs":["https:\/\/www.facebook.com\/profile.php?id=100092443299246"]}]}},"_links":{"self":[{"href":"https:\/\/rodeko.pl\/index.php?rest_route=\/wp\/v2\/pages\/845","targetHints":{"allow":["GET"]}}],"collection":[{"href":"https:\/\/rodeko.pl\/index.php?rest_route=\/wp\/v2\/pages"}],"about":[{"href":"https:\/\/rodeko.pl\/index.php?rest_route=\/wp\/v2\/types\/page"}],"author":[{"embeddable":true,"href":"https:\/\/rodeko.pl\/index.php?rest_route=\/wp\/v2\/users\/1"}],"replies":[{"embeddable":true,"href":"https:\/\/rodeko.pl\/index.php?rest_route=%2Fwp%2Fv2%2Fcomments&post=845"}],"version-history":[{"count":14,"href":"https:\/\/rodeko.pl\/index.php?rest_route=\/wp\/v2\/pages\/845\/revisions"}],"predecessor-version":[{"id":885,"href":"https:\/\/rodeko.pl\/index.php?rest_route=\/wp\/v2\/pages\/845\/revisions\/885"}],"wp:attachment":[{"href":"https:\/\/rodeko.pl\/index.php?rest_route=%2Fwp%2Fv2%2Fmedia&parent=845"}],"curies":[{"name":"wp","href":"https:\/\/api.w.org\/{rel}","templated":true}]}}