{"id":674,"date":"2023-04-28T23:14:53","date_gmt":"2023-04-28T23:14:53","guid":{"rendered":"https:\/\/instal-remont.pl\/?page_id=674"},"modified":"2023-07-06T22:32:56","modified_gmt":"2023-07-06T20:32:56","slug":"beretta","status":"publish","type":"page","link":"https:\/\/rodeko.pl\/?page_id=674","title":{"rendered":"BERETTA"},"content":{"rendered":"\n<p><a href=\"https:\/\/beretta.pl\/wp-content\/uploads\/2022\/02\/27019008_00_Beretta_HYDRO-UNIT-M_PL_02.2022.pdf\">27019008_00_Beretta_HYDRO-UNIT-M_PL_02.2022.pdf<\/a><\/p>\n\n\n\n<figure class=\"wp-block-image size-full is-resized\"><img loading=\"lazy\" decoding=\"async\" src=\"http:\/\/rodeko.pl\/wp-content\/uploads\/2023\/04\/0001-Copy.jpg\" alt=\"\" class=\"wp-image-711\" width=\"801\" height=\"1133\" srcset=\"https:\/\/rodeko.pl\/wp-content\/uploads\/2023\/04\/0001-Copy.jpg 543w, https:\/\/rodeko.pl\/wp-content\/uploads\/2023\/04\/0001-Copy-212x300.jpg 212w\" sizes=\"auto, (max-width: 801px) 100vw, 801px\" \/><\/figure>\n\n\n\n<figure class=\"wp-block-image size-full is-resized\"><img loading=\"lazy\" decoding=\"async\" src=\"http:\/\/rodeko.pl\/wp-content\/uploads\/2023\/04\/0002-Copy.jpg\" alt=\"\" class=\"wp-image-712\" width=\"799\" height=\"1131\" srcset=\"https:\/\/rodeko.pl\/wp-content\/uploads\/2023\/04\/0002-Copy.jpg 543w, https:\/\/rodeko.pl\/wp-content\/uploads\/2023\/04\/0002-Copy-212x300.jpg 212w\" sizes=\"auto, (max-width: 799px) 100vw, 799px\" \/><\/figure>\n\n\n\n<figure class=\"wp-block-image size-full is-resized\"><img loading=\"lazy\" decoding=\"async\" src=\"http:\/\/rodeko.pl\/wp-content\/uploads\/2023\/04\/0003-Copy.jpg\" alt=\"\" class=\"wp-image-713\" width=\"800\" height=\"1132\" srcset=\"https:\/\/rodeko.pl\/wp-content\/uploads\/2023\/04\/0003-Copy.jpg 543w, https:\/\/rodeko.pl\/wp-content\/uploads\/2023\/04\/0003-Copy-212x300.jpg 212w\" sizes=\"auto, (max-width: 800px) 100vw, 800px\" \/><\/figure>\n\n\n\n<figure class=\"wp-block-image size-full is-resized\"><img loading=\"lazy\" decoding=\"async\" src=\"http:\/\/rodeko.pl\/wp-content\/uploads\/2023\/04\/0004-Copy.jpg\" alt=\"\" class=\"wp-image-714\" width=\"799\" height=\"1130\" srcset=\"https:\/\/rodeko.pl\/wp-content\/uploads\/2023\/04\/0004-Copy.jpg 543w, https:\/\/rodeko.pl\/wp-content\/uploads\/2023\/04\/0004-Copy-212x300.jpg 212w\" sizes=\"auto, (max-width: 799px) 100vw, 799px\" \/><\/figure>\n\n\n\n<figure class=\"wp-block-image size-full is-resized\"><img loading=\"lazy\" decoding=\"async\" src=\"http:\/\/rodeko.pl\/wp-content\/uploads\/2023\/04\/0005-Copy.jpg\" alt=\"\" class=\"wp-image-715\" width=\"801\" height=\"1132\" srcset=\"https:\/\/rodeko.pl\/wp-content\/uploads\/2023\/04\/0005-Copy.jpg 543w, https:\/\/rodeko.pl\/wp-content\/uploads\/2023\/04\/0005-Copy-212x300.jpg 212w\" sizes=\"auto, (max-width: 801px) 100vw, 801px\" \/><\/figure>\n\n\n\n<figure class=\"wp-block-image size-full is-resized\"><img loading=\"lazy\" decoding=\"async\" src=\"http:\/\/rodeko.pl\/wp-content\/uploads\/2023\/04\/0006-Copy.jpg\" alt=\"\" class=\"wp-image-716\" width=\"800\" height=\"1131\" srcset=\"https:\/\/rodeko.pl\/wp-content\/uploads\/2023\/04\/0006-Copy.jpg 543w, https:\/\/rodeko.pl\/wp-content\/uploads\/2023\/04\/0006-Copy-212x300.jpg 212w\" sizes=\"auto, (max-width: 800px) 100vw, 800px\" \/><\/figure>\n\n\n\n<figure class=\"wp-block-image size-full is-resized\"><img loading=\"lazy\" decoding=\"async\" src=\"http:\/\/rodeko.pl\/wp-content\/uploads\/2023\/04\/0007-Copy.jpg\" alt=\"\" class=\"wp-image-717\" width=\"800\" height=\"1132\" srcset=\"https:\/\/rodeko.pl\/wp-content\/uploads\/2023\/04\/0007-Copy.jpg 543w, https:\/\/rodeko.pl\/wp-content\/uploads\/2023\/04\/0007-Copy-212x300.jpg 212w\" sizes=\"auto, (max-width: 800px) 100vw, 800px\" \/><\/figure>\n\n\n\n<figure class=\"wp-block-image size-full is-resized\"><img loading=\"lazy\" decoding=\"async\" src=\"http:\/\/rodeko.pl\/wp-content\/uploads\/2023\/04\/0008-Copy.jpg\" alt=\"\" class=\"wp-image-718\" width=\"800\" height=\"1132\" srcset=\"https:\/\/rodeko.pl\/wp-content\/uploads\/2023\/04\/0008-Copy.jpg 543w, https:\/\/rodeko.pl\/wp-content\/uploads\/2023\/04\/0008-Copy-212x300.jpg 212w\" sizes=\"auto, (max-width: 800px) 100vw, 800px\" \/><\/figure>\n\n\n\n<figure class=\"wp-block-image size-full is-resized\"><img loading=\"lazy\" decoding=\"async\" src=\"http:\/\/rodeko.pl\/wp-content\/uploads\/2023\/04\/0009-Copy.jpg\" alt=\"\" class=\"wp-image-719\" width=\"800\" height=\"1131\" srcset=\"https:\/\/rodeko.pl\/wp-content\/uploads\/2023\/04\/0009-Copy.jpg 543w, https:\/\/rodeko.pl\/wp-content\/uploads\/2023\/04\/0009-Copy-212x300.jpg 212w\" sizes=\"auto, (max-width: 800px) 100vw, 800px\" \/><\/figure>\n\n\n\n<figure class=\"wp-block-image size-full is-resized\"><img loading=\"lazy\" decoding=\"async\" src=\"http:\/\/rodeko.pl\/wp-content\/uploads\/2023\/04\/0010-Copy.jpg\" alt=\"\" class=\"wp-image-720\" width=\"800\" height=\"1131\" srcset=\"https:\/\/rodeko.pl\/wp-content\/uploads\/2023\/04\/0010-Copy.jpg 543w, https:\/\/rodeko.pl\/wp-content\/uploads\/2023\/04\/0010-Copy-212x300.jpg 212w\" sizes=\"auto, (max-width: 800px) 100vw, 800px\" \/><\/figure>\n\n\n\n<figure class=\"wp-block-image size-full is-resized\"><img loading=\"lazy\" decoding=\"async\" src=\"http:\/\/rodeko.pl\/wp-content\/uploads\/2023\/04\/0011-Copy.jpg\" alt=\"\" class=\"wp-image-721\" width=\"800\" height=\"1131\" srcset=\"https:\/\/rodeko.pl\/wp-content\/uploads\/2023\/04\/0011-Copy.jpg 543w, https:\/\/rodeko.pl\/wp-content\/uploads\/2023\/04\/0011-Copy-212x300.jpg 212w\" sizes=\"auto, (max-width: 800px) 100vw, 800px\" \/><\/figure>\n\n\n\n<figure class=\"wp-block-image size-full is-resized\"><img loading=\"lazy\" decoding=\"async\" src=\"http:\/\/rodeko.pl\/wp-content\/uploads\/2023\/04\/0012-Copy.jpg\" alt=\"\" class=\"wp-image-722\" width=\"801\" height=\"1132\" srcset=\"https:\/\/rodeko.pl\/wp-content\/uploads\/2023\/04\/0012-Copy.jpg 543w, https:\/\/rodeko.pl\/wp-content\/uploads\/2023\/04\/0012-Copy-212x300.jpg 212w\" sizes=\"auto, (max-width: 801px) 100vw, 801px\" \/><\/figure>\n\n\n\n<p><a href=\"https:\/\/beretta.pl\/wp-content\/uploads\/2022\/02\/27019008_00_Beretta_HYDRO-UNIT-M_PL_02.2022.pdf\">27019008_00_Beretta_HYDRO-UNIT-M_PL_02.2022.pdf<\/a><\/p>\n\n\n\n<p><strong>DOST\u0118PNE MODELE I CENY PONI\u017bEJ W ZAK\u0141ADCE &#8211; CENY<\/strong><\/p>\n","protected":false},"excerpt":{"rendered":"<p>27019008_00_Beretta_HYDRO-UNIT-M_PL_02.2022.pdf 27019008_00_Beretta_HYDRO-UNIT-M_PL_02.2022.pdf DOST\u0118PNE MODELE I CENY PONI\u017bEJ W ZAK\u0141ADCE &#8211; CENY<\/p>\n","protected":false},"author":2,"featured_media":0,"parent":0,"menu_order":0,"comment_status":"closed","ping_status":"closed","template":"","meta":{"footnotes":""},"class_list":["post-674","page","type-page","status-publish","hentry"],"yoast_head":"<!-- This site is optimized with the Yoast SEO plugin v24.5 - https:\/\/yoast.com\/wordpress\/plugins\/seo\/ -->\n<title>BERETTA - rodeko.pl<\/title>\n<meta name=\"robots\" content=\"index, follow, max-snippet:-1, max-image-preview:large, max-video-preview:-1\" \/>\n<link rel=\"canonical\" href=\"https:\/\/rodeko.pl\/?page_id=674\" \/>\n<meta property=\"og:locale\" content=\"en_US\" \/>\n<meta property=\"og:type\" content=\"article\" \/>\n<meta property=\"og:title\" content=\"BERETTA - rodeko.pl\" \/>\n<meta property=\"og:description\" content=\"27019008_00_Beretta_HYDRO-UNIT-M_PL_02.2022.pdf 27019008_00_Beretta_HYDRO-UNIT-M_PL_02.2022.pdf DOST\u0118PNE MODELE I CENY PONI\u017bEJ W ZAK\u0141ADCE &#8211; CENY\" \/>\n<meta property=\"og:url\" content=\"https:\/\/rodeko.pl\/?page_id=674\" \/>\n<meta property=\"og:site_name\" content=\"rodeko.pl\" \/>\n<meta property=\"article:publisher\" content=\"https:\/\/www.facebook.com\/profile.php?id=100092443299246\" \/>\n<meta property=\"article:modified_time\" content=\"2023-07-06T20:32:56+00:00\" \/>\n<meta property=\"og:image\" content=\"http:\/\/rodeko.pl\/wp-content\/uploads\/2023\/04\/0001-Copy.jpg\" \/>\n<meta name=\"twitter:card\" content=\"summary_large_image\" \/>\n<meta name=\"twitter:label1\" content=\"Est. reading time\" \/>\n\t<meta name=\"twitter:data1\" content=\"3 minutes\" \/>\n<script type=\"application\/ld+json\" class=\"yoast-schema-graph\">{\"@context\":\"https:\/\/schema.org\",\"@graph\":[{\"@type\":\"WebPage\",\"@id\":\"https:\/\/rodeko.pl\/?page_id=674\",\"url\":\"https:\/\/rodeko.pl\/?page_id=674\",\"name\":\"BERETTA - rodeko.pl\",\"isPartOf\":{\"@id\":\"https:\/\/rodeko.pl\/#website\"},\"primaryImageOfPage\":{\"@id\":\"https:\/\/rodeko.pl\/?page_id=674#primaryimage\"},\"image\":{\"@id\":\"https:\/\/rodeko.pl\/?page_id=674#primaryimage\"},\"thumbnailUrl\":\"http:\/\/rodeko.pl\/wp-content\/uploads\/2023\/04\/0001-Copy.jpg\",\"datePublished\":\"2023-04-28T23:14:53+00:00\",\"dateModified\":\"2023-07-06T20:32:56+00:00\",\"breadcrumb\":{\"@id\":\"https:\/\/rodeko.pl\/?page_id=674#breadcrumb\"},\"inLanguage\":\"en-US\",\"potentialAction\":[{\"@type\":\"ReadAction\",\"target\":[\"https:\/\/rodeko.pl\/?page_id=674\"]}]},{\"@type\":\"ImageObject\",\"inLanguage\":\"en-US\",\"@id\":\"https:\/\/rodeko.pl\/?page_id=674#primaryimage\",\"url\":\"http:\/\/rodeko.pl\/wp-content\/uploads\/2023\/04\/0001-Copy.jpg\",\"contentUrl\":\"http:\/\/rodeko.pl\/wp-content\/uploads\/2023\/04\/0001-Copy.jpg\"},{\"@type\":\"BreadcrumbList\",\"@id\":\"https:\/\/rodeko.pl\/?page_id=674#breadcrumb\",\"itemListElement\":[{\"@type\":\"ListItem\",\"position\":1,\"name\":\"Strona g\u0142\u00f3wna\",\"item\":\"https:\/\/rodeko.pl\/\"},{\"@type\":\"ListItem\",\"position\":2,\"name\":\"BERETTA\"}]},{\"@type\":\"WebSite\",\"@id\":\"https:\/\/rodeko.pl\/#website\",\"url\":\"https:\/\/rodeko.pl\/\",\"name\":\"rodeko.pl\",\"description\":\"pompy ciep\u0142a I wyko\u0144czenia I remonty I hydraulika I elektryka I kurs krawiecki\",\"publisher\":{\"@id\":\"https:\/\/rodeko.pl\/#organization\"},\"potentialAction\":[{\"@type\":\"SearchAction\",\"target\":{\"@type\":\"EntryPoint\",\"urlTemplate\":\"https:\/\/rodeko.pl\/?s={search_term_string}\"},\"query-input\":{\"@type\":\"PropertyValueSpecification\",\"valueRequired\":true,\"valueName\":\"search_term_string\"}}],\"inLanguage\":\"en-US\"},{\"@type\":\"Organization\",\"@id\":\"https:\/\/rodeko.pl\/#organization\",\"name\":\"rodeko.pl\",\"url\":\"https:\/\/rodeko.pl\/\",\"logo\":{\"@type\":\"ImageObject\",\"inLanguage\":\"en-US\",\"@id\":\"https:\/\/rodeko.pl\/#\/schema\/logo\/image\/\",\"url\":\"http:\/\/rodeko.pl\/wp-content\/uploads\/2023\/05\/IMG_20211229_223701_HDR-Copy.jpg\",\"contentUrl\":\"http:\/\/rodeko.pl\/wp-content\/uploads\/2023\/05\/IMG_20211229_223701_HDR-Copy.jpg\",\"width\":1024,\"height\":768,\"caption\":\"rodeko.pl\"},\"image\":{\"@id\":\"https:\/\/rodeko.pl\/#\/schema\/logo\/image\/\"},\"sameAs\":[\"https:\/\/www.facebook.com\/profile.php?id=100092443299246\"]}]}<\/script>\n<!-- \/ Yoast SEO plugin. -->","yoast_head_json":{"title":"BERETTA - rodeko.pl","robots":{"index":"index","follow":"follow","max-snippet":"max-snippet:-1","max-image-preview":"max-image-preview:large","max-video-preview":"max-video-preview:-1"},"canonical":"https:\/\/rodeko.pl\/?page_id=674","og_locale":"en_US","og_type":"article","og_title":"BERETTA - rodeko.pl","og_description":"27019008_00_Beretta_HYDRO-UNIT-M_PL_02.2022.pdf 27019008_00_Beretta_HYDRO-UNIT-M_PL_02.2022.pdf DOST\u0118PNE MODELE I CENY PONI\u017bEJ W ZAK\u0141ADCE &#8211; CENY","og_url":"https:\/\/rodeko.pl\/?page_id=674","og_site_name":"rodeko.pl","article_publisher":"https:\/\/www.facebook.com\/profile.php?id=100092443299246","article_modified_time":"2023-07-06T20:32:56+00:00","og_image":[{"url":"http:\/\/rodeko.pl\/wp-content\/uploads\/2023\/04\/0001-Copy.jpg","type":"","width":"","height":""}],"twitter_card":"summary_large_image","twitter_misc":{"Est. reading time":"3 minutes"},"schema":{"@context":"https:\/\/schema.org","@graph":[{"@type":"WebPage","@id":"https:\/\/rodeko.pl\/?page_id=674","url":"https:\/\/rodeko.pl\/?page_id=674","name":"BERETTA - rodeko.pl","isPartOf":{"@id":"https:\/\/rodeko.pl\/#website"},"primaryImageOfPage":{"@id":"https:\/\/rodeko.pl\/?page_id=674#primaryimage"},"image":{"@id":"https:\/\/rodeko.pl\/?page_id=674#primaryimage"},"thumbnailUrl":"http:\/\/rodeko.pl\/wp-content\/uploads\/2023\/04\/0001-Copy.jpg","datePublished":"2023-04-28T23:14:53+00:00","dateModified":"2023-07-06T20:32:56+00:00","breadcrumb":{"@id":"https:\/\/rodeko.pl\/?page_id=674#breadcrumb"},"inLanguage":"en-US","potentialAction":[{"@type":"ReadAction","target":["https:\/\/rodeko.pl\/?page_id=674"]}]},{"@type":"ImageObject","inLanguage":"en-US","@id":"https:\/\/rodeko.pl\/?page_id=674#primaryimage","url":"http:\/\/rodeko.pl\/wp-content\/uploads\/2023\/04\/0001-Copy.jpg","contentUrl":"http:\/\/rodeko.pl\/wp-content\/uploads\/2023\/04\/0001-Copy.jpg"},{"@type":"BreadcrumbList","@id":"https:\/\/rodeko.pl\/?page_id=674#breadcrumb","itemListElement":[{"@type":"ListItem","position":1,"name":"Strona g\u0142\u00f3wna","item":"https:\/\/rodeko.pl\/"},{"@type":"ListItem","position":2,"name":"BERETTA"}]},{"@type":"WebSite","@id":"https:\/\/rodeko.pl\/#website","url":"https:\/\/rodeko.pl\/","name":"rodeko.pl","description":"pompy ciep\u0142a I wyko\u0144czenia I remonty I hydraulika I elektryka I kurs krawiecki","publisher":{"@id":"https:\/\/rodeko.pl\/#organization"},"potentialAction":[{"@type":"SearchAction","target":{"@type":"EntryPoint","urlTemplate":"https:\/\/rodeko.pl\/?s={search_term_string}"},"query-input":{"@type":"PropertyValueSpecification","valueRequired":true,"valueName":"search_term_string"}}],"inLanguage":"en-US"},{"@type":"Organization","@id":"https:\/\/rodeko.pl\/#organization","name":"rodeko.pl","url":"https:\/\/rodeko.pl\/","logo":{"@type":"ImageObject","inLanguage":"en-US","@id":"https:\/\/rodeko.pl\/#\/schema\/logo\/image\/","url":"http:\/\/rodeko.pl\/wp-content\/uploads\/2023\/05\/IMG_20211229_223701_HDR-Copy.jpg","contentUrl":"http:\/\/rodeko.pl\/wp-content\/uploads\/2023\/05\/IMG_20211229_223701_HDR-Copy.jpg","width":1024,"height":768,"caption":"rodeko.pl"},"image":{"@id":"https:\/\/rodeko.pl\/#\/schema\/logo\/image\/"},"sameAs":["https:\/\/www.facebook.com\/profile.php?id=100092443299246"]}]}},"_links":{"self":[{"href":"https:\/\/rodeko.pl\/index.php?rest_route=\/wp\/v2\/pages\/674","targetHints":{"allow":["GET"]}}],"collection":[{"href":"https:\/\/rodeko.pl\/index.php?rest_route=\/wp\/v2\/pages"}],"about":[{"href":"https:\/\/rodeko.pl\/index.php?rest_route=\/wp\/v2\/types\/page"}],"author":[{"embeddable":true,"href":"https:\/\/rodeko.pl\/index.php?rest_route=\/wp\/v2\/users\/2"}],"replies":[{"embeddable":true,"href":"https:\/\/rodeko.pl\/index.php?rest_route=%2Fwp%2Fv2%2Fcomments&post=674"}],"version-history":[{"count":1,"href":"https:\/\/rodeko.pl\/index.php?rest_route=\/wp\/v2\/pages\/674\/revisions"}],"predecessor-version":[{"id":865,"href":"https:\/\/rodeko.pl\/index.php?rest_route=\/wp\/v2\/pages\/674\/revisions\/865"}],"wp:attachment":[{"href":"https:\/\/rodeko.pl\/index.php?rest_route=%2Fwp%2Fv2%2Fmedia&parent=674"}],"curies":[{"name":"wp","href":"https:\/\/api.w.org\/{rel}","templated":true}]}}