{"id":672,"date":"2023-04-28T23:14:25","date_gmt":"2023-04-28T23:14:25","guid":{"rendered":"https:\/\/instal-remont.pl\/?page_id=672"},"modified":"2023-04-28T23:14:25","modified_gmt":"2023-04-28T23:14:25","slug":"aiwa","status":"publish","type":"page","link":"https:\/\/rodeko.pl\/?page_id=672","title":{"rendered":"AIWA"},"content":{"rendered":"\n<figure class=\"wp-block-image size-full\"><img loading=\"lazy\" decoding=\"async\" width=\"1024\" height=\"339\" src=\"http:\/\/rodeko.pl\/wp-content\/uploads\/2023\/04\/AIWA-1-Copy.jpg\" alt=\"\" class=\"wp-image-681\" srcset=\"https:\/\/rodeko.pl\/wp-content\/uploads\/2023\/04\/AIWA-1-Copy.jpg 1024w, https:\/\/rodeko.pl\/wp-content\/uploads\/2023\/04\/AIWA-1-Copy-300x99.jpg 300w, https:\/\/rodeko.pl\/wp-content\/uploads\/2023\/04\/AIWA-1-Copy-768x254.jpg 768w\" sizes=\"auto, (max-width: 1024px) 100vw, 1024px\" \/><\/figure>\n\n\n\n<ul class=\"wp-block-list\">\n<li>Model: AIWA-HPM9V<\/li>\n\n\n\n<li>EAN: 5903089908043\u00a0<\/li>\n\n\n\n<li>Funkcje:<\/li>\n\n\n\n<li>Ch\u0142odzenie<\/li>\n\n\n\n<li>Grzanie<\/li>\n\n\n\n<li>Osuszanie posadzki<\/li>\n\n\n\n<li>Tryb antyzamro\u017ceniowy<\/li>\n\n\n\n<li>Timer<\/li>\n\n\n\n<li>Krzywe grzewcze<\/li>\n\n\n\n<li>Sterowanie stacjonarne poprzez panel przewodowy z wbudowanym modu\u0142em Wi-Fi<\/li>\n\n\n\n<li>Sterowanie zdalne poprzez aplikacj\u0119<\/li>\n<\/ul>\n\n\n\n<div class=\"wp-block-media-text alignwide is-stacked-on-mobile\"><figure class=\"wp-block-media-text__media\"><img loading=\"lazy\" decoding=\"async\" width=\"768\" height=\"768\" src=\"http:\/\/rodeko.pl\/wp-content\/uploads\/2023\/04\/AIWA-2-Copy.jpg\" alt=\"\" class=\"wp-image-686 size-full\" srcset=\"https:\/\/rodeko.pl\/wp-content\/uploads\/2023\/04\/AIWA-2-Copy.jpg 768w, https:\/\/rodeko.pl\/wp-content\/uploads\/2023\/04\/AIWA-2-Copy-300x300.jpg 300w, https:\/\/rodeko.pl\/wp-content\/uploads\/2023\/04\/AIWA-2-Copy-150x150.jpg 150w\" sizes=\"auto, (max-width: 768px) 100vw, 768px\" \/><\/figure><div class=\"wp-block-media-text__content\">\n<p>Wymiary: 121 cm x 94,5cm x 40,5cm <\/p>\n<\/div><\/div>\n\n\n\n<p><strong>Wygl\u0105d sterownika pasuje do nowoczesnych wn\u0119trz<br>(polskie menu sterownika)<\/strong><\/p>\n\n\n\n<p><strong>Nowoczesny wygl\u0105d jednostki zewn\u0119trznej<\/strong><\/p>\n\n\n\n<figure class=\"wp-block-image size-full is-resized\"><img loading=\"lazy\" decoding=\"async\" src=\"http:\/\/rodeko.pl\/wp-content\/uploads\/2023\/04\/AIWA-3-Copy.jpg\" alt=\"\" class=\"wp-image-687\" width=\"561\" height=\"561\" srcset=\"https:\/\/rodeko.pl\/wp-content\/uploads\/2023\/04\/AIWA-3-Copy.jpg 768w, https:\/\/rodeko.pl\/wp-content\/uploads\/2023\/04\/AIWA-3-Copy-300x300.jpg 300w, https:\/\/rodeko.pl\/wp-content\/uploads\/2023\/04\/AIWA-3-Copy-150x150.jpg 150w\" sizes=\"auto, (max-width: 561px) 100vw, 561px\" \/><\/figure>\n\n\n\n<p><strong>Wysoka wydajno\u015b\u0107 grzewcza \u2013 wysokie COP<\/strong><\/p>\n\n\n\n<p><strong>Bardzo niskie zu\u017cycie energii elektryczne<\/strong><\/p>\n\n\n\n<figure class=\"wp-block-image size-full\"><img loading=\"lazy\" decoding=\"async\" width=\"1024\" height=\"512\" src=\"http:\/\/rodeko.pl\/wp-content\/uploads\/2023\/04\/AIWA-4-Copy.jpg\" alt=\"\" class=\"wp-image-691\" srcset=\"https:\/\/rodeko.pl\/wp-content\/uploads\/2023\/04\/AIWA-4-Copy.jpg 1024w, https:\/\/rodeko.pl\/wp-content\/uploads\/2023\/04\/AIWA-4-Copy-300x150.jpg 300w, https:\/\/rodeko.pl\/wp-content\/uploads\/2023\/04\/AIWA-4-Copy-768x384.jpg 768w\" sizes=\"auto, (max-width: 1024px) 100vw, 1024px\" \/><\/figure>\n\n\n\n<p><strong>Urz\u0105dzenie jednowentylatorowe<\/strong><\/p>\n\n\n\n<p><strong>Bardzo cicha praca<\/strong><\/p>\n\n\n\n<ul class=\"wp-block-list\">\n<li>W zestawie:<\/li>\n\n\n\n<li>Sterownik przewodowy z wbudowanym modu\u0142em WI-FI<\/li>\n\n\n\n<li>Opaski monta\u017cowe<\/li>\n\n\n\n<li>Kr\u00f3\u0107ce odp\u0142ywu skroplin<\/li>\n\n\n\n<li>Filtr siatkowy typu Y<\/li>\n\n\n\n<li>Czujnik temperatury CWU<\/li>\n\n\n\n<li>Instrukcja obs\u0142ugi w j\u0119zyku polskim<\/li>\n\n\n\n<li>Instrukcja monta\u017cu w j\u0119zyku polskim<\/li>\n<\/ul>\n\n\n\n<figure class=\"wp-block-image size-full is-resized\"><img loading=\"lazy\" decoding=\"async\" src=\"http:\/\/rodeko.pl\/wp-content\/uploads\/2023\/04\/AIWA-5-Copy.jpg\" alt=\"\" class=\"wp-image-693\" width=\"768\" height=\"768\" srcset=\"https:\/\/rodeko.pl\/wp-content\/uploads\/2023\/04\/AIWA-5-Copy.jpg 768w, https:\/\/rodeko.pl\/wp-content\/uploads\/2023\/04\/AIWA-5-Copy-300x300.jpg 300w, https:\/\/rodeko.pl\/wp-content\/uploads\/2023\/04\/AIWA-5-Copy-150x150.jpg 150w\" sizes=\"auto, (max-width: 768px) 100vw, 768px\" \/><\/figure>\n\n\n\n<p><strong>Opis:<br>Pompa ciep\u0142a Aiwa Monoblok to wysoka jako\u015b\u0107 wykonania,<br>nowoczesny design sterownika i jednostki zewn\u0119trznej<br>oraz 3 funkcje: Ch\u0142odzenie, Grzanie, Osuszanie posadzki.<br>Wbudowany modu\u0142 Wi-Fi \u2013 dzi\u0119ki tej opcji mo\u017cemy sterowa\u0107 pomp\u0105<br>ciep\u0142a za pomoc\u0105 smartfona z dowolnego miejsca z dost\u0119pem do<br>internetu. Nowy ekologiczny czynnik R32.<\/strong><\/p>\n\n\n\n<p><strong>Specyfikacja techniczna:<br>Nominalna wydajno\u015b\u0107 ch\u0142odnicza: 9 kW<br>Nominalna wydajno\u015b\u0107 grzewcza: 9 kW<br>Klasa energetyczna: A+++<br>Poziom ci\u015bnienia akustycznego: 49 dB(A)<br>\uf105 MO\u017bE CI SI\u0118 SPODOBA\u0106 R\u00d3WNIE\u017b<br>Nowy ekologiczny czynnik ch\u0142odniczy R32<br>Wymiary jednostki monoblok : 121 cm x 94,5cm x 40,5cm<br>Zasilanie: 220-240V, 50Hz, 1 faza<\/strong><\/p>\n\n\n\n<p><strong>CENA ZA MODELE OD 9KW DO 16KW  W ZAK\u0141ADCE CENNIK<\/strong><\/p>\n\n\n\n<figure class=\"wp-block-image size-full\"><img loading=\"lazy\" decoding=\"async\" width=\"768\" height=\"768\" src=\"http:\/\/rodeko.pl\/wp-content\/uploads\/2023\/04\/AIWA-7-Copy.jpg\" alt=\"\" class=\"wp-image-700\" srcset=\"https:\/\/rodeko.pl\/wp-content\/uploads\/2023\/04\/AIWA-7-Copy.jpg 768w, https:\/\/rodeko.pl\/wp-content\/uploads\/2023\/04\/AIWA-7-Copy-300x300.jpg 300w, https:\/\/rodeko.pl\/wp-content\/uploads\/2023\/04\/AIWA-7-Copy-150x150.jpg 150w\" sizes=\"auto, (max-width: 768px) 100vw, 768px\" \/><\/figure>\n","protected":false},"excerpt":{"rendered":"<p>Wymiary: 121 cm x 94,5cm x 40,5cm Wygl\u0105d sterownika pasuje do nowoczesnych wn\u0119trz(polskie menu sterownika) Nowoczesny wygl\u0105d jednostki zewn\u0119trznej Wysoka wydajno\u015b\u0107 grzewcza \u2013 wysokie COP Bardzo niskie zu\u017cycie energii elektryczne Urz\u0105dzenie jednowentylatorowe Bardzo cicha praca Opis:Pompa ciep\u0142a Aiwa Monoblok to wysoka jako\u015b\u0107 wykonania,nowoczesny design sterownika i jednostki zewn\u0119trznejoraz 3 funkcje: Ch\u0142odzenie, Grzanie, Osuszanie posadzki.Wbudowany modu\u0142 &hellip; <a href=\"https:\/\/rodeko.pl\/?page_id=672\" class=\"more-link\">Continue reading <span class=\"screen-reader-text\">AIWA<\/span> <span class=\"meta-nav\">&rarr;<\/span><\/a><\/p>\n","protected":false},"author":2,"featured_media":0,"parent":0,"menu_order":0,"comment_status":"closed","ping_status":"closed","template":"","meta":{"footnotes":""},"class_list":["post-672","page","type-page","status-publish","hentry"],"yoast_head":"<!-- This site is optimized with the Yoast SEO plugin v24.5 - https:\/\/yoast.com\/wordpress\/plugins\/seo\/ -->\n<title>AIWA - rodeko.pl<\/title>\n<meta name=\"robots\" content=\"index, follow, max-snippet:-1, max-image-preview:large, max-video-preview:-1\" \/>\n<link rel=\"canonical\" href=\"https:\/\/rodeko.pl\/?page_id=672\" \/>\n<meta property=\"og:locale\" content=\"en_US\" \/>\n<meta property=\"og:type\" content=\"article\" \/>\n<meta property=\"og:title\" content=\"AIWA - rodeko.pl\" \/>\n<meta property=\"og:description\" content=\"Wymiary: 121 cm x 94,5cm x 40,5cm Wygl\u0105d sterownika pasuje do nowoczesnych wn\u0119trz(polskie menu sterownika) Nowoczesny wygl\u0105d jednostki zewn\u0119trznej Wysoka wydajno\u015b\u0107 grzewcza \u2013 wysokie COP Bardzo niskie zu\u017cycie energii elektryczne Urz\u0105dzenie jednowentylatorowe Bardzo cicha praca Opis:Pompa ciep\u0142a Aiwa Monoblok to wysoka jako\u015b\u0107 wykonania,nowoczesny design sterownika i jednostki zewn\u0119trznejoraz 3 funkcje: Ch\u0142odzenie, Grzanie, Osuszanie posadzki.Wbudowany modu\u0142 &hellip; Continue reading AIWA &rarr;\" \/>\n<meta property=\"og:url\" content=\"https:\/\/rodeko.pl\/?page_id=672\" \/>\n<meta property=\"og:site_name\" content=\"rodeko.pl\" \/>\n<meta property=\"article:publisher\" content=\"https:\/\/www.facebook.com\/profile.php?id=100092443299246\" \/>\n<meta property=\"og:image\" content=\"http:\/\/rodeko.pl\/wp-content\/uploads\/2023\/04\/AIWA-1-Copy.jpg\" \/>\n<meta name=\"twitter:card\" content=\"summary_large_image\" \/>\n<meta name=\"twitter:label1\" content=\"Est. reading time\" \/>\n\t<meta name=\"twitter:data1\" content=\"1 minute\" \/>\n<script type=\"application\/ld+json\" class=\"yoast-schema-graph\">{\"@context\":\"https:\/\/schema.org\",\"@graph\":[{\"@type\":\"WebPage\",\"@id\":\"https:\/\/rodeko.pl\/?page_id=672\",\"url\":\"https:\/\/rodeko.pl\/?page_id=672\",\"name\":\"AIWA - rodeko.pl\",\"isPartOf\":{\"@id\":\"https:\/\/rodeko.pl\/#website\"},\"primaryImageOfPage\":{\"@id\":\"https:\/\/rodeko.pl\/?page_id=672#primaryimage\"},\"image\":{\"@id\":\"https:\/\/rodeko.pl\/?page_id=672#primaryimage\"},\"thumbnailUrl\":\"http:\/\/rodeko.pl\/wp-content\/uploads\/2023\/04\/AIWA-1-Copy.jpg\",\"datePublished\":\"2023-04-28T23:14:25+00:00\",\"breadcrumb\":{\"@id\":\"https:\/\/rodeko.pl\/?page_id=672#breadcrumb\"},\"inLanguage\":\"en-US\",\"potentialAction\":[{\"@type\":\"ReadAction\",\"target\":[\"https:\/\/rodeko.pl\/?page_id=672\"]}]},{\"@type\":\"ImageObject\",\"inLanguage\":\"en-US\",\"@id\":\"https:\/\/rodeko.pl\/?page_id=672#primaryimage\",\"url\":\"http:\/\/rodeko.pl\/wp-content\/uploads\/2023\/04\/AIWA-1-Copy.jpg\",\"contentUrl\":\"http:\/\/rodeko.pl\/wp-content\/uploads\/2023\/04\/AIWA-1-Copy.jpg\"},{\"@type\":\"BreadcrumbList\",\"@id\":\"https:\/\/rodeko.pl\/?page_id=672#breadcrumb\",\"itemListElement\":[{\"@type\":\"ListItem\",\"position\":1,\"name\":\"Strona g\u0142\u00f3wna\",\"item\":\"https:\/\/rodeko.pl\/\"},{\"@type\":\"ListItem\",\"position\":2,\"name\":\"AIWA\"}]},{\"@type\":\"WebSite\",\"@id\":\"https:\/\/rodeko.pl\/#website\",\"url\":\"https:\/\/rodeko.pl\/\",\"name\":\"rodeko.pl\",\"description\":\"pompy ciep\u0142a I wyko\u0144czenia I remonty I hydraulika I elektryka I kurs krawiecki\",\"publisher\":{\"@id\":\"https:\/\/rodeko.pl\/#organization\"},\"potentialAction\":[{\"@type\":\"SearchAction\",\"target\":{\"@type\":\"EntryPoint\",\"urlTemplate\":\"https:\/\/rodeko.pl\/?s={search_term_string}\"},\"query-input\":{\"@type\":\"PropertyValueSpecification\",\"valueRequired\":true,\"valueName\":\"search_term_string\"}}],\"inLanguage\":\"en-US\"},{\"@type\":\"Organization\",\"@id\":\"https:\/\/rodeko.pl\/#organization\",\"name\":\"rodeko.pl\",\"url\":\"https:\/\/rodeko.pl\/\",\"logo\":{\"@type\":\"ImageObject\",\"inLanguage\":\"en-US\",\"@id\":\"https:\/\/rodeko.pl\/#\/schema\/logo\/image\/\",\"url\":\"http:\/\/rodeko.pl\/wp-content\/uploads\/2023\/05\/IMG_20211229_223701_HDR-Copy.jpg\",\"contentUrl\":\"http:\/\/rodeko.pl\/wp-content\/uploads\/2023\/05\/IMG_20211229_223701_HDR-Copy.jpg\",\"width\":1024,\"height\":768,\"caption\":\"rodeko.pl\"},\"image\":{\"@id\":\"https:\/\/rodeko.pl\/#\/schema\/logo\/image\/\"},\"sameAs\":[\"https:\/\/www.facebook.com\/profile.php?id=100092443299246\"]}]}<\/script>\n<!-- \/ Yoast SEO plugin. -->","yoast_head_json":{"title":"AIWA - rodeko.pl","robots":{"index":"index","follow":"follow","max-snippet":"max-snippet:-1","max-image-preview":"max-image-preview:large","max-video-preview":"max-video-preview:-1"},"canonical":"https:\/\/rodeko.pl\/?page_id=672","og_locale":"en_US","og_type":"article","og_title":"AIWA - rodeko.pl","og_description":"Wymiary: 121 cm x 94,5cm x 40,5cm Wygl\u0105d sterownika pasuje do nowoczesnych wn\u0119trz(polskie menu sterownika) Nowoczesny wygl\u0105d jednostki zewn\u0119trznej Wysoka wydajno\u015b\u0107 grzewcza \u2013 wysokie COP Bardzo niskie zu\u017cycie energii elektryczne Urz\u0105dzenie jednowentylatorowe Bardzo cicha praca Opis:Pompa ciep\u0142a Aiwa Monoblok to wysoka jako\u015b\u0107 wykonania,nowoczesny design sterownika i jednostki zewn\u0119trznejoraz 3 funkcje: Ch\u0142odzenie, Grzanie, Osuszanie posadzki.Wbudowany modu\u0142 &hellip; Continue reading AIWA &rarr;","og_url":"https:\/\/rodeko.pl\/?page_id=672","og_site_name":"rodeko.pl","article_publisher":"https:\/\/www.facebook.com\/profile.php?id=100092443299246","og_image":[{"url":"http:\/\/rodeko.pl\/wp-content\/uploads\/2023\/04\/AIWA-1-Copy.jpg","type":"","width":"","height":""}],"twitter_card":"summary_large_image","twitter_misc":{"Est. reading time":"1 minute"},"schema":{"@context":"https:\/\/schema.org","@graph":[{"@type":"WebPage","@id":"https:\/\/rodeko.pl\/?page_id=672","url":"https:\/\/rodeko.pl\/?page_id=672","name":"AIWA - rodeko.pl","isPartOf":{"@id":"https:\/\/rodeko.pl\/#website"},"primaryImageOfPage":{"@id":"https:\/\/rodeko.pl\/?page_id=672#primaryimage"},"image":{"@id":"https:\/\/rodeko.pl\/?page_id=672#primaryimage"},"thumbnailUrl":"http:\/\/rodeko.pl\/wp-content\/uploads\/2023\/04\/AIWA-1-Copy.jpg","datePublished":"2023-04-28T23:14:25+00:00","breadcrumb":{"@id":"https:\/\/rodeko.pl\/?page_id=672#breadcrumb"},"inLanguage":"en-US","potentialAction":[{"@type":"ReadAction","target":["https:\/\/rodeko.pl\/?page_id=672"]}]},{"@type":"ImageObject","inLanguage":"en-US","@id":"https:\/\/rodeko.pl\/?page_id=672#primaryimage","url":"http:\/\/rodeko.pl\/wp-content\/uploads\/2023\/04\/AIWA-1-Copy.jpg","contentUrl":"http:\/\/rodeko.pl\/wp-content\/uploads\/2023\/04\/AIWA-1-Copy.jpg"},{"@type":"BreadcrumbList","@id":"https:\/\/rodeko.pl\/?page_id=672#breadcrumb","itemListElement":[{"@type":"ListItem","position":1,"name":"Strona g\u0142\u00f3wna","item":"https:\/\/rodeko.pl\/"},{"@type":"ListItem","position":2,"name":"AIWA"}]},{"@type":"WebSite","@id":"https:\/\/rodeko.pl\/#website","url":"https:\/\/rodeko.pl\/","name":"rodeko.pl","description":"pompy ciep\u0142a I wyko\u0144czenia I remonty I hydraulika I elektryka I kurs krawiecki","publisher":{"@id":"https:\/\/rodeko.pl\/#organization"},"potentialAction":[{"@type":"SearchAction","target":{"@type":"EntryPoint","urlTemplate":"https:\/\/rodeko.pl\/?s={search_term_string}"},"query-input":{"@type":"PropertyValueSpecification","valueRequired":true,"valueName":"search_term_string"}}],"inLanguage":"en-US"},{"@type":"Organization","@id":"https:\/\/rodeko.pl\/#organization","name":"rodeko.pl","url":"https:\/\/rodeko.pl\/","logo":{"@type":"ImageObject","inLanguage":"en-US","@id":"https:\/\/rodeko.pl\/#\/schema\/logo\/image\/","url":"http:\/\/rodeko.pl\/wp-content\/uploads\/2023\/05\/IMG_20211229_223701_HDR-Copy.jpg","contentUrl":"http:\/\/rodeko.pl\/wp-content\/uploads\/2023\/05\/IMG_20211229_223701_HDR-Copy.jpg","width":1024,"height":768,"caption":"rodeko.pl"},"image":{"@id":"https:\/\/rodeko.pl\/#\/schema\/logo\/image\/"},"sameAs":["https:\/\/www.facebook.com\/profile.php?id=100092443299246"]}]}},"_links":{"self":[{"href":"https:\/\/rodeko.pl\/index.php?rest_route=\/wp\/v2\/pages\/672","targetHints":{"allow":["GET"]}}],"collection":[{"href":"https:\/\/rodeko.pl\/index.php?rest_route=\/wp\/v2\/pages"}],"about":[{"href":"https:\/\/rodeko.pl\/index.php?rest_route=\/wp\/v2\/types\/page"}],"author":[{"embeddable":true,"href":"https:\/\/rodeko.pl\/index.php?rest_route=\/wp\/v2\/users\/2"}],"replies":[{"embeddable":true,"href":"https:\/\/rodeko.pl\/index.php?rest_route=%2Fwp%2Fv2%2Fcomments&post=672"}],"version-history":[{"count":0,"href":"https:\/\/rodeko.pl\/index.php?rest_route=\/wp\/v2\/pages\/672\/revisions"}],"wp:attachment":[{"href":"https:\/\/rodeko.pl\/index.php?rest_route=%2Fwp%2Fv2%2Fmedia&parent=672"}],"curies":[{"name":"wp","href":"https:\/\/api.w.org\/{rel}","templated":true}]}}