{"id":49,"date":"2021-01-16T16:03:08","date_gmt":"2021-01-16T16:03:08","guid":{"rendered":"http:\/\/server324116.nazwa.pl\/wp\/?page_id=49"},"modified":"2025-02-25T09:51:04","modified_gmt":"2025-02-25T08:51:04","slug":"elektryczne-2","status":"publish","type":"page","link":"https:\/\/rodeko.pl\/?page_id=49","title":{"rendered":"Elektryczne"},"content":{"rendered":"\n<figure class=\"wp-block-image size-full\"><img loading=\"lazy\" decoding=\"async\" width=\"1024\" height=\"768\" src=\"http:\/\/rodeko.pl\/wp-content\/uploads\/2025\/02\/elektry-pomiary.jpg\" alt=\"\" class=\"wp-image-937\" srcset=\"https:\/\/rodeko.pl\/wp-content\/uploads\/2025\/02\/elektry-pomiary.jpg 1024w, https:\/\/rodeko.pl\/wp-content\/uploads\/2025\/02\/elektry-pomiary-300x225.jpg 300w, https:\/\/rodeko.pl\/wp-content\/uploads\/2025\/02\/elektry-pomiary-768x576.jpg 768w\" sizes=\"auto, (max-width: 1024px) 100vw, 1024px\" \/><\/figure>\n\n\n\n<figure class=\"wp-block-image size-full is-resized\"><img loading=\"lazy\" decoding=\"async\" width=\"1024\" height=\"768\" src=\"http:\/\/rodeko.pl\/wp-content\/uploads\/2023\/01\/IMG_20220405_153524_HDR-Copy.jpg\" alt=\"\" class=\"wp-image-545\" style=\"width:570px;height:429px\" srcset=\"https:\/\/rodeko.pl\/wp-content\/uploads\/2023\/01\/IMG_20220405_153524_HDR-Copy.jpg 1024w, https:\/\/rodeko.pl\/wp-content\/uploads\/2023\/01\/IMG_20220405_153524_HDR-Copy-300x225.jpg 300w, https:\/\/rodeko.pl\/wp-content\/uploads\/2023\/01\/IMG_20220405_153524_HDR-Copy-768x576.jpg 768w\" sizes=\"auto, (max-width: 1024px) 100vw, 1024px\" \/><\/figure>\n\n\n\n<p>Wymiana starej aluminiowej instalacji elektrycznej na now\u0105 miedzian\u0105 w uk\u0142adzie TNC z przewodem ochronnym. Pomimo zabezpieczenia nadpr\u0105dowego to zastosowaniem zgodnie z przepisami zabezpieczenia r\u00f3\u017cnicowo pr\u0105dowego. Poni\u017cej kilka przyk\u0142ad\u00f3w tak wykonanych prac remontowych.<\/p>\n\n\n\n<figure class=\"wp-block-image size-full\"><img loading=\"lazy\" decoding=\"async\" width=\"576\" height=\"768\" src=\"https:\/\/rodeko.pl\/wp-content\/uploads\/2025\/02\/elektry-rozdziel-2.jpg\" alt=\"\" class=\"wp-image-944\" srcset=\"https:\/\/rodeko.pl\/wp-content\/uploads\/2025\/02\/elektry-rozdziel-2.jpg 576w, https:\/\/rodeko.pl\/wp-content\/uploads\/2025\/02\/elektry-rozdziel-2-225x300.jpg 225w\" sizes=\"auto, (max-width: 576px) 100vw, 576px\" \/><\/figure>\n\n\n\n<figure class=\"wp-block-image size-full\"><img loading=\"lazy\" decoding=\"async\" width=\"1024\" height=\"768\" src=\"https:\/\/rodeko.pl\/wp-content\/uploads\/2025\/02\/elektry-panele-pv.jpg\" alt=\"\" class=\"wp-image-938\" srcset=\"https:\/\/rodeko.pl\/wp-content\/uploads\/2025\/02\/elektry-panele-pv.jpg 1024w, https:\/\/rodeko.pl\/wp-content\/uploads\/2025\/02\/elektry-panele-pv-300x225.jpg 300w, https:\/\/rodeko.pl\/wp-content\/uploads\/2025\/02\/elektry-panele-pv-768x576.jpg 768w\" sizes=\"auto, (max-width: 1024px) 100vw, 1024px\" \/><\/figure>\n\n\n\n<figure class=\"wp-block-gallery has-nested-images columns-default is-cropped wp-block-gallery-1 is-layout-flex wp-block-gallery-is-layout-flex\">\n<figure class=\"wp-block-image size-large\"><img loading=\"lazy\" decoding=\"async\" width=\"1024\" height=\"576\" data-id=\"404\" src=\"http:\/\/rodeko.pl\/wp-content\/uploads\/2021\/04\/Kuchnia-przed-i-w-trakcie-Copy.jpg\" alt=\"\" class=\"wp-image-404\" srcset=\"https:\/\/rodeko.pl\/wp-content\/uploads\/2021\/04\/Kuchnia-przed-i-w-trakcie-Copy.jpg 1024w, https:\/\/rodeko.pl\/wp-content\/uploads\/2021\/04\/Kuchnia-przed-i-w-trakcie-Copy-300x169.jpg 300w, https:\/\/rodeko.pl\/wp-content\/uploads\/2021\/04\/Kuchnia-przed-i-w-trakcie-Copy-768x432.jpg 768w\" sizes=\"auto, (max-width: 1024px) 100vw, 1024px\" \/><figcaption class=\"wp-element-caption\">WYMIANA INSTALACJI ALUMINIOWEJ PODCZAS REMONTU KUCHNI , NOWA INSTALACJA MIEDZIANA W UK\u0141ADZIE TNC Z PRZEWODEM OCHRONNYM.<\/figcaption><\/figure>\n<\/figure>\n\n\n\n<figure class=\"wp-block-image size-full is-resized\"><img loading=\"lazy\" decoding=\"async\" width=\"576\" height=\"768\" src=\"http:\/\/rodeko.pl\/wp-content\/uploads\/2023\/01\/IMG_20220203_140852-Copy.jpg\" alt=\"\" class=\"wp-image-530\" style=\"width:415px;height:554px\" srcset=\"https:\/\/rodeko.pl\/wp-content\/uploads\/2023\/01\/IMG_20220203_140852-Copy.jpg 576w, https:\/\/rodeko.pl\/wp-content\/uploads\/2023\/01\/IMG_20220203_140852-Copy-225x300.jpg 225w\" sizes=\"auto, (max-width: 576px) 100vw, 576px\" \/><\/figure>\n\n\n\n<figure class=\"wp-block-image size-large\"><img loading=\"lazy\" decoding=\"async\" width=\"1024\" height=\"576\" src=\"http:\/\/server324116.nazwa.pl\/wp\/wp-content\/uploads\/2021\/01\/janiewiczelektrykaskrzynkakable-1024x576.jpg\" alt=\"\" class=\"wp-image-72\" srcset=\"https:\/\/rodeko.pl\/wp-content\/uploads\/2021\/01\/janiewiczelektrykaskrzynkakable-1024x576.jpg 1024w, https:\/\/rodeko.pl\/wp-content\/uploads\/2021\/01\/janiewiczelektrykaskrzynkakable-300x169.jpg 300w, https:\/\/rodeko.pl\/wp-content\/uploads\/2021\/01\/janiewiczelektrykaskrzynkakable-768x432.jpg 768w, https:\/\/rodeko.pl\/wp-content\/uploads\/2021\/01\/janiewiczelektrykaskrzynkakable-1536x864.jpg 1536w, https:\/\/rodeko.pl\/wp-content\/uploads\/2021\/01\/janiewiczelektrykaskrzynkakable.jpg 1920w\" sizes=\"auto, (max-width: 1024px) 100vw, 1024px\" \/><\/figure>\n\n\n\n<figure class=\"wp-block-image size-large\"><img loading=\"lazy\" decoding=\"async\" width=\"1024\" height=\"576\" src=\"http:\/\/server324116.nazwa.pl\/wp\/wp-content\/uploads\/2021\/01\/janiewiczeelektrykaxcx-7-1024x576.jpg\" alt=\"\" class=\"wp-image-73\" srcset=\"https:\/\/rodeko.pl\/wp-content\/uploads\/2021\/01\/janiewiczeelektrykaxcx-7-1024x576.jpg 1024w, https:\/\/rodeko.pl\/wp-content\/uploads\/2021\/01\/janiewiczeelektrykaxcx-7-300x169.jpg 300w, https:\/\/rodeko.pl\/wp-content\/uploads\/2021\/01\/janiewiczeelektrykaxcx-7-768x432.jpg 768w, https:\/\/rodeko.pl\/wp-content\/uploads\/2021\/01\/janiewiczeelektrykaxcx-7-1536x864.jpg 1536w, https:\/\/rodeko.pl\/wp-content\/uploads\/2021\/01\/janiewiczeelektrykaxcx-7.jpg 1920w\" sizes=\"auto, (max-width: 1024px) 100vw, 1024px\" \/><\/figure>\n\n\n\n<figure class=\"wp-block-image size-large\"><img loading=\"lazy\" decoding=\"async\" width=\"1024\" height=\"576\" src=\"http:\/\/server324116.nazwa.pl\/wp\/wp-content\/uploads\/2021\/01\/janiewiczelektrykawglebi-1024x576.jpg\" alt=\"\" class=\"wp-image-74\" srcset=\"https:\/\/rodeko.pl\/wp-content\/uploads\/2021\/01\/janiewiczelektrykawglebi-1024x576.jpg 1024w, https:\/\/rodeko.pl\/wp-content\/uploads\/2021\/01\/janiewiczelektrykawglebi-300x169.jpg 300w, https:\/\/rodeko.pl\/wp-content\/uploads\/2021\/01\/janiewiczelektrykawglebi-768x432.jpg 768w, https:\/\/rodeko.pl\/wp-content\/uploads\/2021\/01\/janiewiczelektrykawglebi-1536x864.jpg 1536w, https:\/\/rodeko.pl\/wp-content\/uploads\/2021\/01\/janiewiczelektrykawglebi.jpg 1920w\" sizes=\"auto, (max-width: 1024px) 100vw, 1024px\" \/><\/figure>\n\n\n\n<figure class=\"wp-block-image size-large\"><img decoding=\"async\" src=\"http:\/\/server324116.nazwa.pl\/wp\/wp-content\/uploads\/2021\/01\/janiewiczwymianarozdzielnikorytarz-576x1024.jpg\" alt=\"\" class=\"wp-image-75\"\/><\/figure>\n\n\n\n<figure class=\"wp-block-image size-large\"><img loading=\"lazy\" decoding=\"async\" width=\"1024\" height=\"576\" src=\"http:\/\/server324116.nazwa.pl\/wp\/wp-content\/uploads\/2021\/01\/janiewiczeelektrykaxcx-4-1024x576.jpg\" alt=\"\" class=\"wp-image-78\" srcset=\"https:\/\/rodeko.pl\/wp-content\/uploads\/2021\/01\/janiewiczeelektrykaxcx-4-1024x576.jpg 1024w, https:\/\/rodeko.pl\/wp-content\/uploads\/2021\/01\/janiewiczeelektrykaxcx-4-300x169.jpg 300w, https:\/\/rodeko.pl\/wp-content\/uploads\/2021\/01\/janiewiczeelektrykaxcx-4-768x432.jpg 768w, https:\/\/rodeko.pl\/wp-content\/uploads\/2021\/01\/janiewiczeelektrykaxcx-4-1536x864.jpg 1536w, https:\/\/rodeko.pl\/wp-content\/uploads\/2021\/01\/janiewiczeelektrykaxcx-4.jpg 1920w\" sizes=\"auto, (max-width: 1024px) 100vw, 1024px\" \/><\/figure>\n\n\n\n<p>Zastosowanie ogrzewania elektrycznego kondensacyjnego , opr\u00f3cz programatora tygodniowego zastosowano niezale\u017cny 3-fazowy uk\u0142ad elektryczny  przekaznikowo stycznikowy.<\/p>\n\n\n\n<figure class=\"wp-block-image size-large\"><img loading=\"lazy\" decoding=\"async\" width=\"1024\" height=\"768\" src=\"http:\/\/rodeko.pl\/wp-content\/uploads\/2021\/01\/19xsystemogrzewaniaelektrycznokondensacyjnego-a-na-scianach-tynki-angielskie-motoda-skimming-Copy-1024x768-1.jpg\" alt=\"\" class=\"wp-image-284\" srcset=\"https:\/\/rodeko.pl\/wp-content\/uploads\/2021\/01\/19xsystemogrzewaniaelektrycznokondensacyjnego-a-na-scianach-tynki-angielskie-motoda-skimming-Copy-1024x768-1.jpg 1024w, https:\/\/rodeko.pl\/wp-content\/uploads\/2021\/01\/19xsystemogrzewaniaelektrycznokondensacyjnego-a-na-scianach-tynki-angielskie-motoda-skimming-Copy-1024x768-1-300x225.jpg 300w, https:\/\/rodeko.pl\/wp-content\/uploads\/2021\/01\/19xsystemogrzewaniaelektrycznokondensacyjnego-a-na-scianach-tynki-angielskie-motoda-skimming-Copy-1024x768-1-768x576.jpg 768w\" sizes=\"auto, (max-width: 1024px) 100vw, 1024px\" \/><\/figure>\n\n\n\n<p>Zastosowanie listwy steruj\u0105cej SALUS do si\u0142ownik\u00f3w termoelektrycznych w celu regulacji temperatury ogrzewania pod\u0142ogowego  w ka\u017cdym pomieszczeniu z osobna za pomoc\u0105 programator\u00f3w pokojowych.<\/p>\n\n\n\n<figure class=\"wp-block-image size-large\"><img loading=\"lazy\" decoding=\"async\" width=\"1024\" height=\"576\" src=\"http:\/\/server324116.nazwa.pl\/wp\/wp-content\/uploads\/2021\/01\/szymanow12-1-1-1024x576.jpg\" alt=\"\" class=\"wp-image-287\" srcset=\"https:\/\/rodeko.pl\/wp-content\/uploads\/2021\/01\/szymanow12-1-1-1024x576.jpg 1024w, https:\/\/rodeko.pl\/wp-content\/uploads\/2021\/01\/szymanow12-1-1-300x169.jpg 300w, https:\/\/rodeko.pl\/wp-content\/uploads\/2021\/01\/szymanow12-1-1-768x432.jpg 768w, https:\/\/rodeko.pl\/wp-content\/uploads\/2021\/01\/szymanow12-1-1-1536x864.jpg 1536w, https:\/\/rodeko.pl\/wp-content\/uploads\/2021\/01\/szymanow12-1-1.jpg 1920w\" sizes=\"auto, (max-width: 1024px) 100vw, 1024px\" \/><\/figure>\n\n\n\n<p>Wykonanie instalacji elektrycznej pod projekt nowej kuchni wraz z zabudowa G\/K i instalacj\u0105 hydrauliczn\u0105 i wentylacyjn\u0105 , roletami elektrycznymi w oknie.<\/p>\n\n\n\n<figure class=\"wp-block-gallery has-nested-images columns-default is-cropped wp-block-gallery-2 is-layout-flex wp-block-gallery-is-layout-flex\">\n<figure class=\"wp-block-image size-large\"><img decoding=\"async\" data-id=\"366\" src=\"https:\/\/instal-remont.pl\/wp-content\/uploads\/2021\/01\/wojtekkikgk3-576x1024.jpg\" alt=\"\" class=\"wp-image-366\"\/><\/figure>\n\n\n\n<figure class=\"wp-block-image size-large\"><img loading=\"lazy\" decoding=\"async\" width=\"1024\" height=\"576\" data-id=\"368\" src=\"http:\/\/rodeko.pl\/wp-content\/uploads\/2021\/01\/wojtekkikgk2-1024x576.jpg\" alt=\"\" class=\"wp-image-368\" srcset=\"https:\/\/rodeko.pl\/wp-content\/uploads\/2021\/01\/wojtekkikgk2-1024x576.jpg 1024w, https:\/\/rodeko.pl\/wp-content\/uploads\/2021\/01\/wojtekkikgk2-300x169.jpg 300w, https:\/\/rodeko.pl\/wp-content\/uploads\/2021\/01\/wojtekkikgk2-768x432.jpg 768w, https:\/\/rodeko.pl\/wp-content\/uploads\/2021\/01\/wojtekkikgk2-1536x864.jpg 1536w, https:\/\/rodeko.pl\/wp-content\/uploads\/2021\/01\/wojtekkikgk2.jpg 1920w\" sizes=\"auto, (max-width: 1024px) 100vw, 1024px\" \/><\/figure>\n<\/figure>\n\n\n\n<p><font _mstmutation=\"1\"><\/font><\/p>\n\n\n\n<figure class=\"wp-block-image size-full\"><img loading=\"lazy\" decoding=\"async\" width=\"1024\" height=\"768\" src=\"https:\/\/rodeko.pl\/wp-content\/uploads\/2025\/02\/elektry-uziom-pomiar.jpg\" alt=\"\" class=\"wp-image-941\" srcset=\"https:\/\/rodeko.pl\/wp-content\/uploads\/2025\/02\/elektry-uziom-pomiar.jpg 1024w, https:\/\/rodeko.pl\/wp-content\/uploads\/2025\/02\/elektry-uziom-pomiar-300x225.jpg 300w, https:\/\/rodeko.pl\/wp-content\/uploads\/2025\/02\/elektry-uziom-pomiar-768x576.jpg 768w\" sizes=\"auto, (max-width: 1024px) 100vw, 1024px\" \/><\/figure>\n\n\n\n<figure class=\"wp-block-image size-full\"><img loading=\"lazy\" decoding=\"async\" width=\"576\" height=\"768\" src=\"https:\/\/rodeko.pl\/wp-content\/uploads\/2025\/02\/elektry-rozdziel-1.jpg\" alt=\"\" class=\"wp-image-943\" srcset=\"https:\/\/rodeko.pl\/wp-content\/uploads\/2025\/02\/elektry-rozdziel-1.jpg 576w, https:\/\/rodeko.pl\/wp-content\/uploads\/2025\/02\/elektry-rozdziel-1-225x300.jpg 225w\" sizes=\"auto, (max-width: 576px) 100vw, 576px\" \/><\/figure>\n\n\n\n<figure class=\"wp-block-image size-full\"><img loading=\"lazy\" decoding=\"async\" width=\"1024\" height=\"768\" src=\"https:\/\/rodeko.pl\/wp-content\/uploads\/2025\/02\/elektry-okap.jpg\" alt=\"\" class=\"wp-image-945\" srcset=\"https:\/\/rodeko.pl\/wp-content\/uploads\/2025\/02\/elektry-okap.jpg 1024w, https:\/\/rodeko.pl\/wp-content\/uploads\/2025\/02\/elektry-okap-300x225.jpg 300w, https:\/\/rodeko.pl\/wp-content\/uploads\/2025\/02\/elektry-okap-768x576.jpg 768w\" sizes=\"auto, (max-width: 1024px) 100vw, 1024px\" \/><\/figure>\n\n\n\n<figure class=\"wp-block-image size-full\"><img loading=\"lazy\" decoding=\"async\" width=\"576\" height=\"768\" src=\"https:\/\/rodeko.pl\/wp-content\/uploads\/2025\/02\/elektry-inverter.jpg\" alt=\"\" class=\"wp-image-942\" srcset=\"https:\/\/rodeko.pl\/wp-content\/uploads\/2025\/02\/elektry-inverter.jpg 576w, https:\/\/rodeko.pl\/wp-content\/uploads\/2025\/02\/elektry-inverter-225x300.jpg 225w\" sizes=\"auto, (max-width: 576px) 100vw, 576px\" \/><\/figure>\n\n\n\n<figure class=\"wp-block-image size-full\"><img loading=\"lazy\" decoding=\"async\" width=\"576\" height=\"768\" src=\"https:\/\/rodeko.pl\/wp-content\/uploads\/2025\/02\/elektry-posadzka.jpg\" alt=\"\" class=\"wp-image-946\" srcset=\"https:\/\/rodeko.pl\/wp-content\/uploads\/2025\/02\/elektry-posadzka.jpg 576w, https:\/\/rodeko.pl\/wp-content\/uploads\/2025\/02\/elektry-posadzka-225x300.jpg 225w\" sizes=\"auto, (max-width: 576px) 100vw, 576px\" \/><\/figure>\n\n\n\n<figure class=\"wp-block-gallery has-nested-images columns-default is-cropped wp-block-gallery-3 is-layout-flex wp-block-gallery-is-layout-flex\">\n<figure class=\"wp-block-image size-large\"><img loading=\"lazy\" decoding=\"async\" width=\"576\" height=\"768\" data-id=\"947\" src=\"https:\/\/rodeko.pl\/wp-content\/uploads\/2025\/02\/elektry-listwa.jpg\" alt=\"\" class=\"wp-image-947\" srcset=\"https:\/\/rodeko.pl\/wp-content\/uploads\/2025\/02\/elektry-listwa.jpg 576w, https:\/\/rodeko.pl\/wp-content\/uploads\/2025\/02\/elektry-listwa-225x300.jpg 225w\" sizes=\"auto, (max-width: 576px) 100vw, 576px\" \/><\/figure>\n\n\n\n<figure class=\"wp-block-image size-large\"><img loading=\"lazy\" decoding=\"async\" width=\"576\" height=\"768\" data-id=\"948\" src=\"https:\/\/rodeko.pl\/wp-content\/uploads\/2025\/02\/elektry-listwa-2.jpg\" alt=\"\" class=\"wp-image-948\" srcset=\"https:\/\/rodeko.pl\/wp-content\/uploads\/2025\/02\/elektry-listwa-2.jpg 576w, https:\/\/rodeko.pl\/wp-content\/uploads\/2025\/02\/elektry-listwa-2-225x300.jpg 225w\" sizes=\"auto, (max-width: 576px) 100vw, 576px\" \/><\/figure>\n<\/figure>\n\n\n\n<figure class=\"wp-block-image size-full is-resized\"><img loading=\"lazy\" decoding=\"async\" width=\"576\" height=\"768\" src=\"http:\/\/rodeko.pl\/wp-content\/uploads\/2023\/01\/IMG_20220524_150411_HDR-Copy.jpg\" alt=\"\" class=\"wp-image-550\" style=\"width:416px;height:555px\" srcset=\"https:\/\/rodeko.pl\/wp-content\/uploads\/2023\/01\/IMG_20220524_150411_HDR-Copy.jpg 576w, https:\/\/rodeko.pl\/wp-content\/uploads\/2023\/01\/IMG_20220524_150411_HDR-Copy-225x300.jpg 225w\" sizes=\"auto, (max-width: 576px) 100vw, 576px\" \/><\/figure>\n\n\n\n<figure class=\"wp-block-image size-full is-resized\"><img loading=\"lazy\" decoding=\"async\" width=\"1024\" height=\"768\" src=\"http:\/\/rodeko.pl\/wp-content\/uploads\/2023\/01\/IMG_20220201_130458_HDR-Copy.jpg\" alt=\"\" class=\"wp-image-529\" style=\"width:589px;height:442px\" srcset=\"https:\/\/rodeko.pl\/wp-content\/uploads\/2023\/01\/IMG_20220201_130458_HDR-Copy.jpg 1024w, https:\/\/rodeko.pl\/wp-content\/uploads\/2023\/01\/IMG_20220201_130458_HDR-Copy-300x225.jpg 300w, https:\/\/rodeko.pl\/wp-content\/uploads\/2023\/01\/IMG_20220201_130458_HDR-Copy-768x576.jpg 768w\" sizes=\"auto, (max-width: 1024px) 100vw, 1024px\" \/><\/figure>\n","protected":false},"excerpt":{"rendered":"<p>Wymiana starej aluminiowej instalacji elektrycznej na now\u0105 miedzian\u0105 w uk\u0142adzie TNC z przewodem ochronnym. Pomimo zabezpieczenia nadpr\u0105dowego to zastosowaniem zgodnie z przepisami zabezpieczenia r\u00f3\u017cnicowo pr\u0105dowego. Poni\u017cej kilka przyk\u0142ad\u00f3w tak wykonanych prac remontowych. Zastosowanie ogrzewania elektrycznego kondensacyjnego , opr\u00f3cz programatora tygodniowego zastosowano niezale\u017cny 3-fazowy uk\u0142ad elektryczny przekaznikowo stycznikowy. Zastosowanie listwy steruj\u0105cej SALUS do si\u0142ownik\u00f3w termoelektrycznych w &hellip; <a href=\"https:\/\/rodeko.pl\/?page_id=49\" class=\"more-link\">Continue reading <span class=\"screen-reader-text\">Elektryczne<\/span> <span class=\"meta-nav\">&rarr;<\/span><\/a><\/p>\n","protected":false},"author":2,"featured_media":0,"parent":0,"menu_order":0,"comment_status":"closed","ping_status":"closed","template":"","meta":{"footnotes":""},"class_list":["post-49","page","type-page","status-publish","hentry"],"yoast_head":"<!-- This site is optimized with the Yoast SEO plugin v24.5 - https:\/\/yoast.com\/wordpress\/plugins\/seo\/ -->\n<title>Elektryczne - rodeko.pl<\/title>\n<meta name=\"robots\" content=\"index, follow, max-snippet:-1, max-image-preview:large, max-video-preview:-1\" \/>\n<link rel=\"canonical\" href=\"https:\/\/rodeko.pl\/?page_id=49\" \/>\n<meta property=\"og:locale\" content=\"en_US\" \/>\n<meta property=\"og:type\" content=\"article\" \/>\n<meta property=\"og:title\" content=\"Elektryczne - rodeko.pl\" \/>\n<meta property=\"og:description\" content=\"Wymiana starej aluminiowej instalacji elektrycznej na now\u0105 miedzian\u0105 w uk\u0142adzie TNC z przewodem ochronnym. Pomimo zabezpieczenia nadpr\u0105dowego to zastosowaniem zgodnie z przepisami zabezpieczenia r\u00f3\u017cnicowo pr\u0105dowego. Poni\u017cej kilka przyk\u0142ad\u00f3w tak wykonanych prac remontowych. Zastosowanie ogrzewania elektrycznego kondensacyjnego , opr\u00f3cz programatora tygodniowego zastosowano niezale\u017cny 3-fazowy uk\u0142ad elektryczny przekaznikowo stycznikowy. Zastosowanie listwy steruj\u0105cej SALUS do si\u0142ownik\u00f3w termoelektrycznych w &hellip; Continue reading Elektryczne &rarr;\" \/>\n<meta property=\"og:url\" content=\"https:\/\/rodeko.pl\/?page_id=49\" \/>\n<meta property=\"og:site_name\" content=\"rodeko.pl\" \/>\n<meta property=\"article:publisher\" content=\"https:\/\/www.facebook.com\/profile.php?id=100092443299246\" \/>\n<meta property=\"article:modified_time\" content=\"2025-02-25T08:51:04+00:00\" \/>\n<meta property=\"og:image\" content=\"http:\/\/rodeko.pl\/wp-content\/uploads\/2025\/02\/elektry-pomiary.jpg\" \/>\n<meta name=\"twitter:card\" content=\"summary_large_image\" \/>\n<meta name=\"twitter:label1\" content=\"Est. reading time\" \/>\n\t<meta name=\"twitter:data1\" content=\"6 minutes\" \/>\n<script type=\"application\/ld+json\" class=\"yoast-schema-graph\">{\"@context\":\"https:\/\/schema.org\",\"@graph\":[{\"@type\":\"WebPage\",\"@id\":\"https:\/\/rodeko.pl\/?page_id=49\",\"url\":\"https:\/\/rodeko.pl\/?page_id=49\",\"name\":\"Elektryczne - rodeko.pl\",\"isPartOf\":{\"@id\":\"https:\/\/rodeko.pl\/#website\"},\"primaryImageOfPage\":{\"@id\":\"https:\/\/rodeko.pl\/?page_id=49#primaryimage\"},\"image\":{\"@id\":\"https:\/\/rodeko.pl\/?page_id=49#primaryimage\"},\"thumbnailUrl\":\"http:\/\/rodeko.pl\/wp-content\/uploads\/2025\/02\/elektry-pomiary.jpg\",\"datePublished\":\"2021-01-16T16:03:08+00:00\",\"dateModified\":\"2025-02-25T08:51:04+00:00\",\"breadcrumb\":{\"@id\":\"https:\/\/rodeko.pl\/?page_id=49#breadcrumb\"},\"inLanguage\":\"en-US\",\"potentialAction\":[{\"@type\":\"ReadAction\",\"target\":[\"https:\/\/rodeko.pl\/?page_id=49\"]}]},{\"@type\":\"ImageObject\",\"inLanguage\":\"en-US\",\"@id\":\"https:\/\/rodeko.pl\/?page_id=49#primaryimage\",\"url\":\"http:\/\/rodeko.pl\/wp-content\/uploads\/2025\/02\/elektry-pomiary.jpg\",\"contentUrl\":\"http:\/\/rodeko.pl\/wp-content\/uploads\/2025\/02\/elektry-pomiary.jpg\"},{\"@type\":\"BreadcrumbList\",\"@id\":\"https:\/\/rodeko.pl\/?page_id=49#breadcrumb\",\"itemListElement\":[{\"@type\":\"ListItem\",\"position\":1,\"name\":\"Strona g\u0142\u00f3wna\",\"item\":\"https:\/\/rodeko.pl\/\"},{\"@type\":\"ListItem\",\"position\":2,\"name\":\"Elektryczne\"}]},{\"@type\":\"WebSite\",\"@id\":\"https:\/\/rodeko.pl\/#website\",\"url\":\"https:\/\/rodeko.pl\/\",\"name\":\"rodeko.pl\",\"description\":\"pompy ciep\u0142a I wyko\u0144czenia I remonty I hydraulika I elektryka I kurs krawiecki\",\"publisher\":{\"@id\":\"https:\/\/rodeko.pl\/#organization\"},\"potentialAction\":[{\"@type\":\"SearchAction\",\"target\":{\"@type\":\"EntryPoint\",\"urlTemplate\":\"https:\/\/rodeko.pl\/?s={search_term_string}\"},\"query-input\":{\"@type\":\"PropertyValueSpecification\",\"valueRequired\":true,\"valueName\":\"search_term_string\"}}],\"inLanguage\":\"en-US\"},{\"@type\":\"Organization\",\"@id\":\"https:\/\/rodeko.pl\/#organization\",\"name\":\"rodeko.pl\",\"url\":\"https:\/\/rodeko.pl\/\",\"logo\":{\"@type\":\"ImageObject\",\"inLanguage\":\"en-US\",\"@id\":\"https:\/\/rodeko.pl\/#\/schema\/logo\/image\/\",\"url\":\"http:\/\/rodeko.pl\/wp-content\/uploads\/2023\/05\/IMG_20211229_223701_HDR-Copy.jpg\",\"contentUrl\":\"http:\/\/rodeko.pl\/wp-content\/uploads\/2023\/05\/IMG_20211229_223701_HDR-Copy.jpg\",\"width\":1024,\"height\":768,\"caption\":\"rodeko.pl\"},\"image\":{\"@id\":\"https:\/\/rodeko.pl\/#\/schema\/logo\/image\/\"},\"sameAs\":[\"https:\/\/www.facebook.com\/profile.php?id=100092443299246\"]}]}<\/script>\n<!-- \/ Yoast SEO plugin. -->","yoast_head_json":{"title":"Elektryczne - rodeko.pl","robots":{"index":"index","follow":"follow","max-snippet":"max-snippet:-1","max-image-preview":"max-image-preview:large","max-video-preview":"max-video-preview:-1"},"canonical":"https:\/\/rodeko.pl\/?page_id=49","og_locale":"en_US","og_type":"article","og_title":"Elektryczne - rodeko.pl","og_description":"Wymiana starej aluminiowej instalacji elektrycznej na now\u0105 miedzian\u0105 w uk\u0142adzie TNC z przewodem ochronnym. Pomimo zabezpieczenia nadpr\u0105dowego to zastosowaniem zgodnie z przepisami zabezpieczenia r\u00f3\u017cnicowo pr\u0105dowego. Poni\u017cej kilka przyk\u0142ad\u00f3w tak wykonanych prac remontowych. Zastosowanie ogrzewania elektrycznego kondensacyjnego , opr\u00f3cz programatora tygodniowego zastosowano niezale\u017cny 3-fazowy uk\u0142ad elektryczny przekaznikowo stycznikowy. Zastosowanie listwy steruj\u0105cej SALUS do si\u0142ownik\u00f3w termoelektrycznych w &hellip; Continue reading Elektryczne &rarr;","og_url":"https:\/\/rodeko.pl\/?page_id=49","og_site_name":"rodeko.pl","article_publisher":"https:\/\/www.facebook.com\/profile.php?id=100092443299246","article_modified_time":"2025-02-25T08:51:04+00:00","og_image":[{"url":"http:\/\/rodeko.pl\/wp-content\/uploads\/2025\/02\/elektry-pomiary.jpg","type":"","width":"","height":""}],"twitter_card":"summary_large_image","twitter_misc":{"Est. reading time":"6 minutes"},"schema":{"@context":"https:\/\/schema.org","@graph":[{"@type":"WebPage","@id":"https:\/\/rodeko.pl\/?page_id=49","url":"https:\/\/rodeko.pl\/?page_id=49","name":"Elektryczne - rodeko.pl","isPartOf":{"@id":"https:\/\/rodeko.pl\/#website"},"primaryImageOfPage":{"@id":"https:\/\/rodeko.pl\/?page_id=49#primaryimage"},"image":{"@id":"https:\/\/rodeko.pl\/?page_id=49#primaryimage"},"thumbnailUrl":"http:\/\/rodeko.pl\/wp-content\/uploads\/2025\/02\/elektry-pomiary.jpg","datePublished":"2021-01-16T16:03:08+00:00","dateModified":"2025-02-25T08:51:04+00:00","breadcrumb":{"@id":"https:\/\/rodeko.pl\/?page_id=49#breadcrumb"},"inLanguage":"en-US","potentialAction":[{"@type":"ReadAction","target":["https:\/\/rodeko.pl\/?page_id=49"]}]},{"@type":"ImageObject","inLanguage":"en-US","@id":"https:\/\/rodeko.pl\/?page_id=49#primaryimage","url":"http:\/\/rodeko.pl\/wp-content\/uploads\/2025\/02\/elektry-pomiary.jpg","contentUrl":"http:\/\/rodeko.pl\/wp-content\/uploads\/2025\/02\/elektry-pomiary.jpg"},{"@type":"BreadcrumbList","@id":"https:\/\/rodeko.pl\/?page_id=49#breadcrumb","itemListElement":[{"@type":"ListItem","position":1,"name":"Strona g\u0142\u00f3wna","item":"https:\/\/rodeko.pl\/"},{"@type":"ListItem","position":2,"name":"Elektryczne"}]},{"@type":"WebSite","@id":"https:\/\/rodeko.pl\/#website","url":"https:\/\/rodeko.pl\/","name":"rodeko.pl","description":"pompy ciep\u0142a I wyko\u0144czenia I remonty I hydraulika I elektryka I kurs krawiecki","publisher":{"@id":"https:\/\/rodeko.pl\/#organization"},"potentialAction":[{"@type":"SearchAction","target":{"@type":"EntryPoint","urlTemplate":"https:\/\/rodeko.pl\/?s={search_term_string}"},"query-input":{"@type":"PropertyValueSpecification","valueRequired":true,"valueName":"search_term_string"}}],"inLanguage":"en-US"},{"@type":"Organization","@id":"https:\/\/rodeko.pl\/#organization","name":"rodeko.pl","url":"https:\/\/rodeko.pl\/","logo":{"@type":"ImageObject","inLanguage":"en-US","@id":"https:\/\/rodeko.pl\/#\/schema\/logo\/image\/","url":"http:\/\/rodeko.pl\/wp-content\/uploads\/2023\/05\/IMG_20211229_223701_HDR-Copy.jpg","contentUrl":"http:\/\/rodeko.pl\/wp-content\/uploads\/2023\/05\/IMG_20211229_223701_HDR-Copy.jpg","width":1024,"height":768,"caption":"rodeko.pl"},"image":{"@id":"https:\/\/rodeko.pl\/#\/schema\/logo\/image\/"},"sameAs":["https:\/\/www.facebook.com\/profile.php?id=100092443299246"]}]}},"_links":{"self":[{"href":"https:\/\/rodeko.pl\/index.php?rest_route=\/wp\/v2\/pages\/49","targetHints":{"allow":["GET"]}}],"collection":[{"href":"https:\/\/rodeko.pl\/index.php?rest_route=\/wp\/v2\/pages"}],"about":[{"href":"https:\/\/rodeko.pl\/index.php?rest_route=\/wp\/v2\/types\/page"}],"author":[{"embeddable":true,"href":"https:\/\/rodeko.pl\/index.php?rest_route=\/wp\/v2\/users\/2"}],"replies":[{"embeddable":true,"href":"https:\/\/rodeko.pl\/index.php?rest_route=%2Fwp%2Fv2%2Fcomments&post=49"}],"version-history":[{"count":4,"href":"https:\/\/rodeko.pl\/index.php?rest_route=\/wp\/v2\/pages\/49\/revisions"}],"predecessor-version":[{"id":952,"href":"https:\/\/rodeko.pl\/index.php?rest_route=\/wp\/v2\/pages\/49\/revisions\/952"}],"wp:attachment":[{"href":"https:\/\/rodeko.pl\/index.php?rest_route=%2Fwp%2Fv2%2Fmedia&parent=49"}],"curies":[{"name":"wp","href":"https:\/\/api.w.org\/{rel}","templated":true}]}}