{"id":44,"date":"2021-01-16T15:14:51","date_gmt":"2021-01-16T15:14:51","guid":{"rendered":"http:\/\/server324116.nazwa.pl\/wp\/?page_id=44"},"modified":"2023-05-04T01:34:08","modified_gmt":"2023-05-03T23:34:08","slug":"realizacje-2","status":"publish","type":"page","link":"https:\/\/rodeko.pl\/?page_id=44","title":{"rendered":"Realizacje"},"content":{"rendered":"\n<p>Zako\u0144czone i trwaj\u0105ce przedsi\u0119wzi\u0119cia\u00a0<em>wyko\u0144czeniowe i remontowe<\/em>\u00a0znajdziecie pa\u0144stwo w zak\u0142adce\u00a0<strong>REALIZACJE\u00a0<\/strong>podzielone one zosta\u0142y na\u00a0<strong>WYKO\u0143CZENIOWE<\/strong>\u00a0<strong>A &amp; B<\/strong> ,\u00a0<strong>OG\u00d3LNOBUDOWLANE\u00a0, ELEKTRYCZNE<\/strong>\u00a0,\u00a0<strong>HYDRAULICZNE<\/strong>\u00a0<strong>I GAZOWE<\/strong><\/p>\n","protected":false},"excerpt":{"rendered":"<p>Zako\u0144czone i trwaj\u0105ce przedsi\u0119wzi\u0119cia\u00a0wyko\u0144czeniowe i remontowe\u00a0znajdziecie pa\u0144stwo w zak\u0142adce\u00a0REALIZACJE\u00a0podzielone one zosta\u0142y na\u00a0WYKO\u0143CZENIOWE\u00a0A &amp; B ,\u00a0OG\u00d3LNOBUDOWLANE\u00a0, ELEKTRYCZNE\u00a0,\u00a0HYDRAULICZNE\u00a0I GAZOWE<\/p>\n","protected":false},"author":2,"featured_media":0,"parent":0,"menu_order":0,"comment_status":"closed","ping_status":"closed","template":"","meta":{"footnotes":""},"class_list":["post-44","page","type-page","status-publish","hentry"],"yoast_head":"<!-- This site is optimized with the Yoast SEO plugin v24.5 - https:\/\/yoast.com\/wordpress\/plugins\/seo\/ -->\n<title>Realizacje - rodeko.pl<\/title>\n<meta name=\"robots\" content=\"index, follow, max-snippet:-1, max-image-preview:large, max-video-preview:-1\" \/>\n<link rel=\"canonical\" href=\"https:\/\/rodeko.pl\/?page_id=44\" \/>\n<meta property=\"og:locale\" content=\"en_US\" \/>\n<meta property=\"og:type\" content=\"article\" \/>\n<meta property=\"og:title\" content=\"Realizacje - rodeko.pl\" \/>\n<meta property=\"og:description\" content=\"Zako\u0144czone i trwaj\u0105ce przedsi\u0119wzi\u0119cia\u00a0wyko\u0144czeniowe i remontowe\u00a0znajdziecie pa\u0144stwo w zak\u0142adce\u00a0REALIZACJE\u00a0podzielone one zosta\u0142y na\u00a0WYKO\u0143CZENIOWE\u00a0A &amp; B ,\u00a0OG\u00d3LNOBUDOWLANE\u00a0, ELEKTRYCZNE\u00a0,\u00a0HYDRAULICZNE\u00a0I GAZOWE\" \/>\n<meta property=\"og:url\" content=\"https:\/\/rodeko.pl\/?page_id=44\" \/>\n<meta property=\"og:site_name\" content=\"rodeko.pl\" \/>\n<meta property=\"article:publisher\" content=\"https:\/\/www.facebook.com\/profile.php?id=100092443299246\" \/>\n<meta property=\"article:modified_time\" content=\"2023-05-03T23:34:08+00:00\" \/>\n<meta name=\"twitter:card\" content=\"summary_large_image\" \/>\n<script type=\"application\/ld+json\" class=\"yoast-schema-graph\">{\"@context\":\"https:\/\/schema.org\",\"@graph\":[{\"@type\":\"WebPage\",\"@id\":\"https:\/\/rodeko.pl\/?page_id=44\",\"url\":\"https:\/\/rodeko.pl\/?page_id=44\",\"name\":\"Realizacje - rodeko.pl\",\"isPartOf\":{\"@id\":\"https:\/\/rodeko.pl\/#website\"},\"datePublished\":\"2021-01-16T15:14:51+00:00\",\"dateModified\":\"2023-05-03T23:34:08+00:00\",\"breadcrumb\":{\"@id\":\"https:\/\/rodeko.pl\/?page_id=44#breadcrumb\"},\"inLanguage\":\"en-US\",\"potentialAction\":[{\"@type\":\"ReadAction\",\"target\":[\"https:\/\/rodeko.pl\/?page_id=44\"]}]},{\"@type\":\"BreadcrumbList\",\"@id\":\"https:\/\/rodeko.pl\/?page_id=44#breadcrumb\",\"itemListElement\":[{\"@type\":\"ListItem\",\"position\":1,\"name\":\"Strona g\u0142\u00f3wna\",\"item\":\"https:\/\/rodeko.pl\/\"},{\"@type\":\"ListItem\",\"position\":2,\"name\":\"Realizacje\"}]},{\"@type\":\"WebSite\",\"@id\":\"https:\/\/rodeko.pl\/#website\",\"url\":\"https:\/\/rodeko.pl\/\",\"name\":\"rodeko.pl\",\"description\":\"pompy ciep\u0142a I wyko\u0144czenia I remonty I hydraulika I elektryka I kurs krawiecki\",\"publisher\":{\"@id\":\"https:\/\/rodeko.pl\/#organization\"},\"potentialAction\":[{\"@type\":\"SearchAction\",\"target\":{\"@type\":\"EntryPoint\",\"urlTemplate\":\"https:\/\/rodeko.pl\/?s={search_term_string}\"},\"query-input\":{\"@type\":\"PropertyValueSpecification\",\"valueRequired\":true,\"valueName\":\"search_term_string\"}}],\"inLanguage\":\"en-US\"},{\"@type\":\"Organization\",\"@id\":\"https:\/\/rodeko.pl\/#organization\",\"name\":\"rodeko.pl\",\"url\":\"https:\/\/rodeko.pl\/\",\"logo\":{\"@type\":\"ImageObject\",\"inLanguage\":\"en-US\",\"@id\":\"https:\/\/rodeko.pl\/#\/schema\/logo\/image\/\",\"url\":\"http:\/\/rodeko.pl\/wp-content\/uploads\/2023\/05\/IMG_20211229_223701_HDR-Copy.jpg\",\"contentUrl\":\"http:\/\/rodeko.pl\/wp-content\/uploads\/2023\/05\/IMG_20211229_223701_HDR-Copy.jpg\",\"width\":1024,\"height\":768,\"caption\":\"rodeko.pl\"},\"image\":{\"@id\":\"https:\/\/rodeko.pl\/#\/schema\/logo\/image\/\"},\"sameAs\":[\"https:\/\/www.facebook.com\/profile.php?id=100092443299246\"]}]}<\/script>\n<!-- \/ Yoast SEO plugin. -->","yoast_head_json":{"title":"Realizacje - rodeko.pl","robots":{"index":"index","follow":"follow","max-snippet":"max-snippet:-1","max-image-preview":"max-image-preview:large","max-video-preview":"max-video-preview:-1"},"canonical":"https:\/\/rodeko.pl\/?page_id=44","og_locale":"en_US","og_type":"article","og_title":"Realizacje - rodeko.pl","og_description":"Zako\u0144czone i trwaj\u0105ce przedsi\u0119wzi\u0119cia\u00a0wyko\u0144czeniowe i remontowe\u00a0znajdziecie pa\u0144stwo w zak\u0142adce\u00a0REALIZACJE\u00a0podzielone one zosta\u0142y na\u00a0WYKO\u0143CZENIOWE\u00a0A &amp; B ,\u00a0OG\u00d3LNOBUDOWLANE\u00a0, ELEKTRYCZNE\u00a0,\u00a0HYDRAULICZNE\u00a0I GAZOWE","og_url":"https:\/\/rodeko.pl\/?page_id=44","og_site_name":"rodeko.pl","article_publisher":"https:\/\/www.facebook.com\/profile.php?id=100092443299246","article_modified_time":"2023-05-03T23:34:08+00:00","twitter_card":"summary_large_image","schema":{"@context":"https:\/\/schema.org","@graph":[{"@type":"WebPage","@id":"https:\/\/rodeko.pl\/?page_id=44","url":"https:\/\/rodeko.pl\/?page_id=44","name":"Realizacje - rodeko.pl","isPartOf":{"@id":"https:\/\/rodeko.pl\/#website"},"datePublished":"2021-01-16T15:14:51+00:00","dateModified":"2023-05-03T23:34:08+00:00","breadcrumb":{"@id":"https:\/\/rodeko.pl\/?page_id=44#breadcrumb"},"inLanguage":"en-US","potentialAction":[{"@type":"ReadAction","target":["https:\/\/rodeko.pl\/?page_id=44"]}]},{"@type":"BreadcrumbList","@id":"https:\/\/rodeko.pl\/?page_id=44#breadcrumb","itemListElement":[{"@type":"ListItem","position":1,"name":"Strona g\u0142\u00f3wna","item":"https:\/\/rodeko.pl\/"},{"@type":"ListItem","position":2,"name":"Realizacje"}]},{"@type":"WebSite","@id":"https:\/\/rodeko.pl\/#website","url":"https:\/\/rodeko.pl\/","name":"rodeko.pl","description":"pompy ciep\u0142a I wyko\u0144czenia I remonty I hydraulika I elektryka I kurs krawiecki","publisher":{"@id":"https:\/\/rodeko.pl\/#organization"},"potentialAction":[{"@type":"SearchAction","target":{"@type":"EntryPoint","urlTemplate":"https:\/\/rodeko.pl\/?s={search_term_string}"},"query-input":{"@type":"PropertyValueSpecification","valueRequired":true,"valueName":"search_term_string"}}],"inLanguage":"en-US"},{"@type":"Organization","@id":"https:\/\/rodeko.pl\/#organization","name":"rodeko.pl","url":"https:\/\/rodeko.pl\/","logo":{"@type":"ImageObject","inLanguage":"en-US","@id":"https:\/\/rodeko.pl\/#\/schema\/logo\/image\/","url":"http:\/\/rodeko.pl\/wp-content\/uploads\/2023\/05\/IMG_20211229_223701_HDR-Copy.jpg","contentUrl":"http:\/\/rodeko.pl\/wp-content\/uploads\/2023\/05\/IMG_20211229_223701_HDR-Copy.jpg","width":1024,"height":768,"caption":"rodeko.pl"},"image":{"@id":"https:\/\/rodeko.pl\/#\/schema\/logo\/image\/"},"sameAs":["https:\/\/www.facebook.com\/profile.php?id=100092443299246"]}]}},"_links":{"self":[{"href":"https:\/\/rodeko.pl\/index.php?rest_route=\/wp\/v2\/pages\/44","targetHints":{"allow":["GET"]}}],"collection":[{"href":"https:\/\/rodeko.pl\/index.php?rest_route=\/wp\/v2\/pages"}],"about":[{"href":"https:\/\/rodeko.pl\/index.php?rest_route=\/wp\/v2\/types\/page"}],"author":[{"embeddable":true,"href":"https:\/\/rodeko.pl\/index.php?rest_route=\/wp\/v2\/users\/2"}],"replies":[{"embeddable":true,"href":"https:\/\/rodeko.pl\/index.php?rest_route=%2Fwp%2Fv2%2Fcomments&post=44"}],"version-history":[{"count":1,"href":"https:\/\/rodeko.pl\/index.php?rest_route=\/wp\/v2\/pages\/44\/revisions"}],"predecessor-version":[{"id":831,"href":"https:\/\/rodeko.pl\/index.php?rest_route=\/wp\/v2\/pages\/44\/revisions\/831"}],"wp:attachment":[{"href":"https:\/\/rodeko.pl\/index.php?rest_route=%2Fwp%2Fv2%2Fmedia&parent=44"}],"curies":[{"name":"wp","href":"https:\/\/api.w.org\/{rel}","templated":true}]}}