{"id":23,"date":"2021-01-06T16:12:00","date_gmt":"2021-01-06T16:12:00","guid":{"rendered":"http:\/\/server324116.nazwa.pl\/wp\/?page_id=23"},"modified":"2023-05-04T00:39:02","modified_gmt":"2023-05-03T22:39:02","slug":"wykonczenia","status":"publish","type":"page","link":"https:\/\/rodeko.pl\/?page_id=23","title":{"rendered":"WYKO\u0143CZENIA"},"content":{"rendered":"\n<p>US\u0141UGI REMONTOWO-WYKO\u0143CZENIOWE<\/p>\n\n\n\n<figure class=\"wp-block-gallery has-nested-images columns-default is-cropped wp-block-gallery-1 is-layout-flex wp-block-gallery-is-layout-flex\">\n<figure class=\"wp-block-image size-large\"><img loading=\"lazy\" decoding=\"async\" width=\"1024\" height=\"768\" data-id=\"320\" src=\"http:\/\/rodeko.pl\/wp-content\/uploads\/2021\/01\/WYKONCZENIA20180111_165813-Copy-Copy.jpg\" alt=\"\" class=\"wp-image-320\" srcset=\"https:\/\/rodeko.pl\/wp-content\/uploads\/2021\/01\/WYKONCZENIA20180111_165813-Copy-Copy.jpg 1024w, https:\/\/rodeko.pl\/wp-content\/uploads\/2021\/01\/WYKONCZENIA20180111_165813-Copy-Copy-300x225.jpg 300w, https:\/\/rodeko.pl\/wp-content\/uploads\/2021\/01\/WYKONCZENIA20180111_165813-Copy-Copy-768x576.jpg 768w\" sizes=\"auto, (max-width: 1024px) 100vw, 1024px\" \/><\/figure>\n\n\n\n<figure class=\"wp-block-image size-large\"><img loading=\"lazy\" decoding=\"async\" width=\"1024\" height=\"576\" data-id=\"321\" src=\"http:\/\/server324116.nazwa.pl\/wp\/wp-content\/uploads\/2021\/01\/AGREGATKALETA15120200611_153615-1024x576.jpg\" alt=\"\" class=\"wp-image-321\" srcset=\"https:\/\/rodeko.pl\/wp-content\/uploads\/2021\/01\/AGREGATKALETA15120200611_153615-1024x576.jpg 1024w, https:\/\/rodeko.pl\/wp-content\/uploads\/2021\/01\/AGREGATKALETA15120200611_153615-300x169.jpg 300w, https:\/\/rodeko.pl\/wp-content\/uploads\/2021\/01\/AGREGATKALETA15120200611_153615-768x432.jpg 768w, https:\/\/rodeko.pl\/wp-content\/uploads\/2021\/01\/AGREGATKALETA15120200611_153615-1536x864.jpg 1536w, https:\/\/rodeko.pl\/wp-content\/uploads\/2021\/01\/AGREGATKALETA15120200611_153615.jpg 1920w\" sizes=\"auto, (max-width: 1024px) 100vw, 1024px\" \/><\/figure>\n<\/figure>\n\n\n\n<p><\/p>\n\n\n\n<figure class=\"wp-block-gallery has-nested-images columns-default is-cropped wp-block-gallery-2 is-layout-flex wp-block-gallery-is-layout-flex\">\n<figure class=\"wp-block-image size-large\"><img loading=\"lazy\" decoding=\"async\" width=\"1024\" height=\"576\" data-id=\"324\" src=\"http:\/\/rodeko.pl\/wp-content\/uploads\/2021\/01\/AGREGATMALARSKI20210116_234745-1024x576.jpg\" alt=\"\" class=\"wp-image-324\" srcset=\"https:\/\/rodeko.pl\/wp-content\/uploads\/2021\/01\/AGREGATMALARSKI20210116_234745-1024x576.jpg 1024w, https:\/\/rodeko.pl\/wp-content\/uploads\/2021\/01\/AGREGATMALARSKI20210116_234745-300x169.jpg 300w, https:\/\/rodeko.pl\/wp-content\/uploads\/2021\/01\/AGREGATMALARSKI20210116_234745-768x432.jpg 768w, https:\/\/rodeko.pl\/wp-content\/uploads\/2021\/01\/AGREGATMALARSKI20210116_234745-1536x864.jpg 1536w, https:\/\/rodeko.pl\/wp-content\/uploads\/2021\/01\/AGREGATMALARSKI20210116_234745.jpg 1920w\" sizes=\"auto, (max-width: 1024px) 100vw, 1024px\" \/><\/figure>\n<\/figure>\n\n\n\n<p> <p>W naszej ofercie znajd\u0105 pa\u0144stwo:<\/p><strong>Docinanie na mokro lub sucho glazury i gresu oraz uk\u0142adanie-klejenie w dobrej cenie .  Zabudowa \u0142azienek od projektu a\u017c po monta\u017c armatury   .<\/strong>     <\/p>\n\n\n\n<p><strong>Malowanie oraz g\u0142adzie w dobrej cenie .<\/strong><br>Monta\u017c wszelkiego rodzaju armatury sanitarnej lub elektrycznej:<br>geberit, stela\u017c, wanna, brodzik, bidet, umywalka, bateria, grzejnik, wc, odp\u0142yw liniowy i elektryczne.\u00a0                                                                        <br>Tynki wewn\u0119trzne ozdobne i strukturalne, beton architektoniczny, tynk japo\u0144ski, tynk mozaikowy, ceg\u0142a itp.<br>Wszelkiego rodzaju zabudowy z gips kartonu.<br>Monta\u017c drzwi, stolarki wewn\u0119trznej z panelami pod\u0142ogowymi, deska pod\u0142ogowa.<br>Wszelkie tynki nak\u0142adane natryskowo lub r\u0119cznie ,polskim agregatem Kaleta:<br>-g\u0142adzie<br>-tynki maszynowe i r\u0119czne ,obr\u00f3bka na mokro<br>-tynki elewacyjne typu baranek<br>-zaprawy klejowe do elewacji<br>-wylewki posadzkowe<\/p>\n\n\n\n<p>Dodatkowo zajmujemy si\u0119 dociepleniami elewacji lub poddaszy wraz z podbitk\u0105 ,wyko\u0144czeniem tynkarskim , efekt drewna ,beton architektoniczny, ceg\u0142a.<\/p>\n\n\n\n<p><strong>W naszej pracy dysponujemy wszelkiego rodzaju urz\u0105dzeniami renomowanych firm , rusztowaniami.<br>Dzi\u0119ki wykorzystaniu agregat\u00f3w mo\u017cemy zaoferowa\u0107 wysok\u0105 jako\u015b\u0107 naszych us\u0142ug.<\/strong><\/p>\n\n\n\n<figure class=\"wp-block-gallery has-nested-images columns-default is-cropped wp-block-gallery-3 is-layout-flex wp-block-gallery-is-layout-flex\">\n<figure class=\"wp-block-image size-large\"><img loading=\"lazy\" decoding=\"async\" width=\"1024\" height=\"681\" data-id=\"327\" src=\"http:\/\/rodeko.pl\/wp-content\/uploads\/2021\/01\/WYKONCZENIAmlotfotonaturalne-Copy.jpg\" alt=\"\" class=\"wp-image-327\" srcset=\"https:\/\/rodeko.pl\/wp-content\/uploads\/2021\/01\/WYKONCZENIAmlotfotonaturalne-Copy.jpg 1024w, https:\/\/rodeko.pl\/wp-content\/uploads\/2021\/01\/WYKONCZENIAmlotfotonaturalne-Copy-300x200.jpg 300w, https:\/\/rodeko.pl\/wp-content\/uploads\/2021\/01\/WYKONCZENIAmlotfotonaturalne-Copy-768x511.jpg 768w\" sizes=\"auto, (max-width: 1024px) 100vw, 1024px\" \/><\/figure>\n\n\n\n<figure class=\"wp-block-image size-large\"><img loading=\"lazy\" decoding=\"async\" width=\"768\" height=\"768\" data-id=\"328\" src=\"http:\/\/rodeko.pl\/wp-content\/uploads\/2021\/01\/WYKONCZENIApilaukosnicafoto-Copy.jpg\" alt=\"\" class=\"wp-image-328\" srcset=\"https:\/\/rodeko.pl\/wp-content\/uploads\/2021\/01\/WYKONCZENIApilaukosnicafoto-Copy.jpg 768w, https:\/\/rodeko.pl\/wp-content\/uploads\/2021\/01\/WYKONCZENIApilaukosnicafoto-Copy-300x300.jpg 300w, https:\/\/rodeko.pl\/wp-content\/uploads\/2021\/01\/WYKONCZENIApilaukosnicafoto-Copy-150x150.jpg 150w\" sizes=\"auto, (max-width: 768px) 100vw, 768px\" \/><\/figure>\n<\/figure>\n\n\n\n<p>OD DORADZTWA I PROJEKTU A\u017b PO WYKO\u0143CZENIE<\/p>\n\n\n\n<figure class=\"wp-block-image size-large\"><img loading=\"lazy\" decoding=\"async\" width=\"1024\" height=\"576\" src=\"http:\/\/rodeko.pl\/wp-content\/uploads\/2021\/01\/WYKONCZENIAnarzedziastronka-Copyxxx-1.jpg\" alt=\"\" class=\"wp-image-330\" srcset=\"https:\/\/rodeko.pl\/wp-content\/uploads\/2021\/01\/WYKONCZENIAnarzedziastronka-Copyxxx-1.jpg 1024w, https:\/\/rodeko.pl\/wp-content\/uploads\/2021\/01\/WYKONCZENIAnarzedziastronka-Copyxxx-1-300x169.jpg 300w, https:\/\/rodeko.pl\/wp-content\/uploads\/2021\/01\/WYKONCZENIAnarzedziastronka-Copyxxx-1-768x432.jpg 768w\" sizes=\"auto, (max-width: 1024px) 100vw, 1024px\" \/><\/figure>\n","protected":false},"excerpt":{"rendered":"<p>US\u0141UGI REMONTOWO-WYKO\u0143CZENIOWE W naszej ofercie znajd\u0105 pa\u0144stwo: Docinanie na mokro lub sucho glazury i gresu oraz uk\u0142adanie-klejenie w dobrej cenie . Zabudowa \u0142azienek od projektu a\u017c po monta\u017c armatury . Malowanie oraz g\u0142adzie w dobrej cenie .Monta\u017c wszelkiego rodzaju armatury sanitarnej lub elektrycznej:geberit, stela\u017c, wanna, brodzik, bidet, umywalka, bateria, grzejnik, wc, odp\u0142yw liniowy i elektryczne.\u00a0 &hellip; <a href=\"https:\/\/rodeko.pl\/?page_id=23\" class=\"more-link\">Continue reading <span class=\"screen-reader-text\">WYKO\u0143CZENIA<\/span> <span class=\"meta-nav\">&rarr;<\/span><\/a><\/p>\n","protected":false},"author":2,"featured_media":0,"parent":0,"menu_order":0,"comment_status":"closed","ping_status":"closed","template":"","meta":{"footnotes":""},"class_list":["post-23","page","type-page","status-publish","hentry"],"yoast_head":"<!-- This site is optimized with the Yoast SEO plugin v24.5 - https:\/\/yoast.com\/wordpress\/plugins\/seo\/ -->\n<title>WYKO\u0143CZENIA - rodeko.pl<\/title>\n<meta name=\"robots\" content=\"index, follow, max-snippet:-1, max-image-preview:large, max-video-preview:-1\" \/>\n<link rel=\"canonical\" href=\"https:\/\/rodeko.pl\/?page_id=23\" \/>\n<meta property=\"og:locale\" content=\"en_US\" \/>\n<meta property=\"og:type\" content=\"article\" \/>\n<meta property=\"og:title\" content=\"WYKO\u0143CZENIA - rodeko.pl\" \/>\n<meta property=\"og:description\" content=\"US\u0141UGI REMONTOWO-WYKO\u0143CZENIOWE W naszej ofercie znajd\u0105 pa\u0144stwo: Docinanie na mokro lub sucho glazury i gresu oraz uk\u0142adanie-klejenie w dobrej cenie . Zabudowa \u0142azienek od projektu a\u017c po monta\u017c armatury . Malowanie oraz g\u0142adzie w dobrej cenie .Monta\u017c wszelkiego rodzaju armatury sanitarnej lub elektrycznej:geberit, stela\u017c, wanna, brodzik, bidet, umywalka, bateria, grzejnik, wc, odp\u0142yw liniowy i elektryczne.\u00a0 &hellip; Continue reading WYKO\u0143CZENIA &rarr;\" \/>\n<meta property=\"og:url\" content=\"https:\/\/rodeko.pl\/?page_id=23\" \/>\n<meta property=\"og:site_name\" content=\"rodeko.pl\" \/>\n<meta property=\"article:publisher\" content=\"https:\/\/www.facebook.com\/profile.php?id=100092443299246\" \/>\n<meta property=\"article:modified_time\" content=\"2023-05-03T22:39:02+00:00\" \/>\n<meta property=\"og:image\" content=\"http:\/\/rodeko.pl\/wp-content\/uploads\/2021\/01\/WYKONCZENIA20180111_165813-Copy-Copy.jpg\" \/>\n<meta name=\"twitter:card\" content=\"summary_large_image\" \/>\n<meta name=\"twitter:label1\" content=\"Est. reading time\" \/>\n\t<meta name=\"twitter:data1\" content=\"1 minute\" \/>\n<script type=\"application\/ld+json\" class=\"yoast-schema-graph\">{\"@context\":\"https:\/\/schema.org\",\"@graph\":[{\"@type\":\"WebPage\",\"@id\":\"https:\/\/rodeko.pl\/?page_id=23\",\"url\":\"https:\/\/rodeko.pl\/?page_id=23\",\"name\":\"WYKO\u0143CZENIA - rodeko.pl\",\"isPartOf\":{\"@id\":\"https:\/\/rodeko.pl\/#website\"},\"primaryImageOfPage\":{\"@id\":\"https:\/\/rodeko.pl\/?page_id=23#primaryimage\"},\"image\":{\"@id\":\"https:\/\/rodeko.pl\/?page_id=23#primaryimage\"},\"thumbnailUrl\":\"http:\/\/rodeko.pl\/wp-content\/uploads\/2021\/01\/WYKONCZENIA20180111_165813-Copy-Copy.jpg\",\"datePublished\":\"2021-01-06T16:12:00+00:00\",\"dateModified\":\"2023-05-03T22:39:02+00:00\",\"breadcrumb\":{\"@id\":\"https:\/\/rodeko.pl\/?page_id=23#breadcrumb\"},\"inLanguage\":\"en-US\",\"potentialAction\":[{\"@type\":\"ReadAction\",\"target\":[\"https:\/\/rodeko.pl\/?page_id=23\"]}]},{\"@type\":\"ImageObject\",\"inLanguage\":\"en-US\",\"@id\":\"https:\/\/rodeko.pl\/?page_id=23#primaryimage\",\"url\":\"http:\/\/rodeko.pl\/wp-content\/uploads\/2021\/01\/WYKONCZENIA20180111_165813-Copy-Copy.jpg\",\"contentUrl\":\"http:\/\/rodeko.pl\/wp-content\/uploads\/2021\/01\/WYKONCZENIA20180111_165813-Copy-Copy.jpg\"},{\"@type\":\"BreadcrumbList\",\"@id\":\"https:\/\/rodeko.pl\/?page_id=23#breadcrumb\",\"itemListElement\":[{\"@type\":\"ListItem\",\"position\":1,\"name\":\"Strona g\u0142\u00f3wna\",\"item\":\"https:\/\/rodeko.pl\/\"},{\"@type\":\"ListItem\",\"position\":2,\"name\":\"WYKO\u0143CZENIA\"}]},{\"@type\":\"WebSite\",\"@id\":\"https:\/\/rodeko.pl\/#website\",\"url\":\"https:\/\/rodeko.pl\/\",\"name\":\"rodeko.pl\",\"description\":\"pompy ciep\u0142a I wyko\u0144czenia I remonty I hydraulika I elektryka I kurs krawiecki\",\"publisher\":{\"@id\":\"https:\/\/rodeko.pl\/#organization\"},\"potentialAction\":[{\"@type\":\"SearchAction\",\"target\":{\"@type\":\"EntryPoint\",\"urlTemplate\":\"https:\/\/rodeko.pl\/?s={search_term_string}\"},\"query-input\":{\"@type\":\"PropertyValueSpecification\",\"valueRequired\":true,\"valueName\":\"search_term_string\"}}],\"inLanguage\":\"en-US\"},{\"@type\":\"Organization\",\"@id\":\"https:\/\/rodeko.pl\/#organization\",\"name\":\"rodeko.pl\",\"url\":\"https:\/\/rodeko.pl\/\",\"logo\":{\"@type\":\"ImageObject\",\"inLanguage\":\"en-US\",\"@id\":\"https:\/\/rodeko.pl\/#\/schema\/logo\/image\/\",\"url\":\"http:\/\/rodeko.pl\/wp-content\/uploads\/2023\/05\/IMG_20211229_223701_HDR-Copy.jpg\",\"contentUrl\":\"http:\/\/rodeko.pl\/wp-content\/uploads\/2023\/05\/IMG_20211229_223701_HDR-Copy.jpg\",\"width\":1024,\"height\":768,\"caption\":\"rodeko.pl\"},\"image\":{\"@id\":\"https:\/\/rodeko.pl\/#\/schema\/logo\/image\/\"},\"sameAs\":[\"https:\/\/www.facebook.com\/profile.php?id=100092443299246\"]}]}<\/script>\n<!-- \/ Yoast SEO plugin. -->","yoast_head_json":{"title":"WYKO\u0143CZENIA - rodeko.pl","robots":{"index":"index","follow":"follow","max-snippet":"max-snippet:-1","max-image-preview":"max-image-preview:large","max-video-preview":"max-video-preview:-1"},"canonical":"https:\/\/rodeko.pl\/?page_id=23","og_locale":"en_US","og_type":"article","og_title":"WYKO\u0143CZENIA - rodeko.pl","og_description":"US\u0141UGI REMONTOWO-WYKO\u0143CZENIOWE W naszej ofercie znajd\u0105 pa\u0144stwo: Docinanie na mokro lub sucho glazury i gresu oraz uk\u0142adanie-klejenie w dobrej cenie . Zabudowa \u0142azienek od projektu a\u017c po monta\u017c armatury . Malowanie oraz g\u0142adzie w dobrej cenie .Monta\u017c wszelkiego rodzaju armatury sanitarnej lub elektrycznej:geberit, stela\u017c, wanna, brodzik, bidet, umywalka, bateria, grzejnik, wc, odp\u0142yw liniowy i elektryczne.\u00a0 &hellip; Continue reading WYKO\u0143CZENIA &rarr;","og_url":"https:\/\/rodeko.pl\/?page_id=23","og_site_name":"rodeko.pl","article_publisher":"https:\/\/www.facebook.com\/profile.php?id=100092443299246","article_modified_time":"2023-05-03T22:39:02+00:00","og_image":[{"url":"http:\/\/rodeko.pl\/wp-content\/uploads\/2021\/01\/WYKONCZENIA20180111_165813-Copy-Copy.jpg","type":"","width":"","height":""}],"twitter_card":"summary_large_image","twitter_misc":{"Est. reading time":"1 minute"},"schema":{"@context":"https:\/\/schema.org","@graph":[{"@type":"WebPage","@id":"https:\/\/rodeko.pl\/?page_id=23","url":"https:\/\/rodeko.pl\/?page_id=23","name":"WYKO\u0143CZENIA - rodeko.pl","isPartOf":{"@id":"https:\/\/rodeko.pl\/#website"},"primaryImageOfPage":{"@id":"https:\/\/rodeko.pl\/?page_id=23#primaryimage"},"image":{"@id":"https:\/\/rodeko.pl\/?page_id=23#primaryimage"},"thumbnailUrl":"http:\/\/rodeko.pl\/wp-content\/uploads\/2021\/01\/WYKONCZENIA20180111_165813-Copy-Copy.jpg","datePublished":"2021-01-06T16:12:00+00:00","dateModified":"2023-05-03T22:39:02+00:00","breadcrumb":{"@id":"https:\/\/rodeko.pl\/?page_id=23#breadcrumb"},"inLanguage":"en-US","potentialAction":[{"@type":"ReadAction","target":["https:\/\/rodeko.pl\/?page_id=23"]}]},{"@type":"ImageObject","inLanguage":"en-US","@id":"https:\/\/rodeko.pl\/?page_id=23#primaryimage","url":"http:\/\/rodeko.pl\/wp-content\/uploads\/2021\/01\/WYKONCZENIA20180111_165813-Copy-Copy.jpg","contentUrl":"http:\/\/rodeko.pl\/wp-content\/uploads\/2021\/01\/WYKONCZENIA20180111_165813-Copy-Copy.jpg"},{"@type":"BreadcrumbList","@id":"https:\/\/rodeko.pl\/?page_id=23#breadcrumb","itemListElement":[{"@type":"ListItem","position":1,"name":"Strona g\u0142\u00f3wna","item":"https:\/\/rodeko.pl\/"},{"@type":"ListItem","position":2,"name":"WYKO\u0143CZENIA"}]},{"@type":"WebSite","@id":"https:\/\/rodeko.pl\/#website","url":"https:\/\/rodeko.pl\/","name":"rodeko.pl","description":"pompy ciep\u0142a I wyko\u0144czenia I remonty I hydraulika I elektryka I kurs krawiecki","publisher":{"@id":"https:\/\/rodeko.pl\/#organization"},"potentialAction":[{"@type":"SearchAction","target":{"@type":"EntryPoint","urlTemplate":"https:\/\/rodeko.pl\/?s={search_term_string}"},"query-input":{"@type":"PropertyValueSpecification","valueRequired":true,"valueName":"search_term_string"}}],"inLanguage":"en-US"},{"@type":"Organization","@id":"https:\/\/rodeko.pl\/#organization","name":"rodeko.pl","url":"https:\/\/rodeko.pl\/","logo":{"@type":"ImageObject","inLanguage":"en-US","@id":"https:\/\/rodeko.pl\/#\/schema\/logo\/image\/","url":"http:\/\/rodeko.pl\/wp-content\/uploads\/2023\/05\/IMG_20211229_223701_HDR-Copy.jpg","contentUrl":"http:\/\/rodeko.pl\/wp-content\/uploads\/2023\/05\/IMG_20211229_223701_HDR-Copy.jpg","width":1024,"height":768,"caption":"rodeko.pl"},"image":{"@id":"https:\/\/rodeko.pl\/#\/schema\/logo\/image\/"},"sameAs":["https:\/\/www.facebook.com\/profile.php?id=100092443299246"]}]}},"_links":{"self":[{"href":"https:\/\/rodeko.pl\/index.php?rest_route=\/wp\/v2\/pages\/23","targetHints":{"allow":["GET"]}}],"collection":[{"href":"https:\/\/rodeko.pl\/index.php?rest_route=\/wp\/v2\/pages"}],"about":[{"href":"https:\/\/rodeko.pl\/index.php?rest_route=\/wp\/v2\/types\/page"}],"author":[{"embeddable":true,"href":"https:\/\/rodeko.pl\/index.php?rest_route=\/wp\/v2\/users\/2"}],"replies":[{"embeddable":true,"href":"https:\/\/rodeko.pl\/index.php?rest_route=%2Fwp%2Fv2%2Fcomments&post=23"}],"version-history":[{"count":2,"href":"https:\/\/rodeko.pl\/index.php?rest_route=\/wp\/v2\/pages\/23\/revisions"}],"predecessor-version":[{"id":815,"href":"https:\/\/rodeko.pl\/index.php?rest_route=\/wp\/v2\/pages\/23\/revisions\/815"}],"wp:attachment":[{"href":"https:\/\/rodeko.pl\/index.php?rest_route=%2Fwp%2Fv2%2Fmedia&parent=23"}],"curies":[{"name":"wp","href":"https:\/\/api.w.org\/{rel}","templated":true}]}}