{"id":19,"date":"2021-01-06T16:05:47","date_gmt":"2021-01-06T16:05:47","guid":{"rendered":"http:\/\/server324116.nazwa.pl\/wp\/?page_id=19"},"modified":"2023-07-06T03:14:11","modified_gmt":"2023-07-06T01:14:11","slug":"swiadectwa","status":"publish","type":"page","link":"https:\/\/rodeko.pl\/?page_id=19","title":{"rendered":"\u015aWIADECTWA"},"content":{"rendered":"\n<figure class=\"wp-block-image size-full\"><img loading=\"lazy\" decoding=\"async\" width=\"543\" height=\"768\" src=\"https:\/\/rodeko.pl\/wp-content\/uploads\/2023\/07\/472165_4424_Piotr-Krawczyk-1-Copykompresja.jpg\" alt=\"\" class=\"wp-image-853\" srcset=\"https:\/\/rodeko.pl\/wp-content\/uploads\/2023\/07\/472165_4424_Piotr-Krawczyk-1-Copykompresja.jpg 543w, https:\/\/rodeko.pl\/wp-content\/uploads\/2023\/07\/472165_4424_Piotr-Krawczyk-1-Copykompresja-212x300.jpg 212w\" sizes=\"auto, (max-width: 543px) 100vw, 543px\" \/><figcaption class=\"wp-element-caption\">Autoryzowany Instalator pomp-ciep\u0142a PANASONIC<\/figcaption><\/figure>\n\n\n\n<figure class=\"wp-block-image size-full\"><img loading=\"lazy\" decoding=\"async\" width=\"1024\" height=\"260\" src=\"https:\/\/rodeko.pl\/wp-content\/uploads\/2023\/07\/logo-bosch.jpg\" alt=\"\" class=\"wp-image-851\" srcset=\"https:\/\/rodeko.pl\/wp-content\/uploads\/2023\/07\/logo-bosch.jpg 1024w, https:\/\/rodeko.pl\/wp-content\/uploads\/2023\/07\/logo-bosch-300x76.jpg 300w, https:\/\/rodeko.pl\/wp-content\/uploads\/2023\/07\/logo-bosch-768x195.jpg 768w\" sizes=\"auto, (max-width: 1024px) 100vw, 1024px\" \/><figcaption class=\"wp-element-caption\">Autoryzowany Instalator pomp-ciep\u0142a BOSCH<\/figcaption><\/figure>\n\n\n\n<figure class=\"wp-block-image size-large\"><img loading=\"lazy\" decoding=\"async\" width=\"1024\" height=\"381\" src=\"http:\/\/rodeko.pl\/wp-content\/uploads\/2023\/04\/Bez-tytulAIWA-LOGO-JPG-1024x381.jpg\" alt=\"aut\" class=\"wp-image-702\" srcset=\"https:\/\/rodeko.pl\/wp-content\/uploads\/2023\/04\/Bez-tytulAIWA-LOGO-JPG-1024x381.jpg 1024w, https:\/\/rodeko.pl\/wp-content\/uploads\/2023\/04\/Bez-tytulAIWA-LOGO-JPG-300x112.jpg 300w, https:\/\/rodeko.pl\/wp-content\/uploads\/2023\/04\/Bez-tytulAIWA-LOGO-JPG-768x286.jpg 768w, https:\/\/rodeko.pl\/wp-content\/uploads\/2023\/04\/Bez-tytulAIWA-LOGO-JPG-1536x572.jpg 1536w, https:\/\/rodeko.pl\/wp-content\/uploads\/2023\/04\/Bez-tytulAIWA-LOGO-JPG-2048x762.jpg 2048w\" sizes=\"auto, (max-width: 1024px) 100vw, 1024px\" \/><figcaption class=\"wp-element-caption\">Autoryzowany Instalator pomp-ciep\u0142a AIWA<\/figcaption><\/figure>\n\n\n\n<figure class=\"wp-block-image size-large is-resized\"><img loading=\"lazy\" decoding=\"async\" src=\"http:\/\/rodeko.pl\/wp-content\/uploads\/2021\/04\/logo_header_new.png\" alt=\"\" class=\"wp-image-429\" width=\"471\" height=\"216\" srcset=\"https:\/\/rodeko.pl\/wp-content\/uploads\/2021\/04\/logo_header_new.png 340w, https:\/\/rodeko.pl\/wp-content\/uploads\/2021\/04\/logo_header_new-300x138.png 300w\" sizes=\"auto, (max-width: 471px) 100vw, 471px\" \/><figcaption class=\"wp-element-caption\">Autoryzowany Instalator kot\u0142\u00f3w gazowych i pomp-ciep\u0142a Beretta<\/figcaption><\/figure>\n\n\n\n<figure class=\"wp-block-image size-large\"><img loading=\"lazy\" decoding=\"async\" width=\"1024\" height=\"308\" src=\"http:\/\/rodeko.pl\/wp-content\/uploads\/2021\/01\/swiadectwaTermetlogo-Copy.jpg\" alt=\"\" class=\"wp-image-353\" srcset=\"https:\/\/rodeko.pl\/wp-content\/uploads\/2021\/01\/swiadectwaTermetlogo-Copy.jpg 1024w, https:\/\/rodeko.pl\/wp-content\/uploads\/2021\/01\/swiadectwaTermetlogo-Copy-300x90.jpg 300w, https:\/\/rodeko.pl\/wp-content\/uploads\/2021\/01\/swiadectwaTermetlogo-Copy-768x231.jpg 768w\" sizes=\"auto, (max-width: 1024px) 100vw, 1024px\" \/><figcaption class=\"wp-element-caption\"><em>Autoryzowany Instalator kot\u0142\u00f3w gazowych TERMET<\/em><\/figcaption><\/figure>\n\n\n\n<figure class=\"wp-block-gallery has-nested-images columns-1 is-cropped wp-block-gallery-1 is-layout-flex wp-block-gallery-is-layout-flex\">\n<figure class=\"wp-block-image size-large\"><img loading=\"lazy\" decoding=\"async\" width=\"1024\" height=\"725\" data-id=\"347\" src=\"http:\/\/rodeko.pl\/wp-content\/uploads\/2021\/01\/swiadectwaIMGprzodsepelektrykE1-Copypoprawione.jpg\" alt=\"\" class=\"wp-image-347\" srcset=\"https:\/\/rodeko.pl\/wp-content\/uploads\/2021\/01\/swiadectwaIMGprzodsepelektrykE1-Copypoprawione.jpg 1024w, https:\/\/rodeko.pl\/wp-content\/uploads\/2021\/01\/swiadectwaIMGprzodsepelektrykE1-Copypoprawione-300x212.jpg 300w, https:\/\/rodeko.pl\/wp-content\/uploads\/2021\/01\/swiadectwaIMGprzodsepelektrykE1-Copypoprawione-768x544.jpg 768w\" sizes=\"auto, (max-width: 1024px) 100vw, 1024px\" \/><\/figure>\n\n\n\n<figure class=\"wp-block-image size-large\"><img loading=\"lazy\" decoding=\"async\" width=\"1024\" height=\"736\" data-id=\"348\" src=\"http:\/\/rodeko.pl\/wp-content\/uploads\/2021\/01\/swiadectwaIMGtylsepelektrykE1-Copypoprawione.jpg\" alt=\"\" class=\"wp-image-348\" srcset=\"https:\/\/rodeko.pl\/wp-content\/uploads\/2021\/01\/swiadectwaIMGtylsepelektrykE1-Copypoprawione.jpg 1024w, https:\/\/rodeko.pl\/wp-content\/uploads\/2021\/01\/swiadectwaIMGtylsepelektrykE1-Copypoprawione-300x216.jpg 300w, https:\/\/rodeko.pl\/wp-content\/uploads\/2021\/01\/swiadectwaIMGtylsepelektrykE1-Copypoprawione-768x552.jpg 768w\" sizes=\"auto, (max-width: 1024px) 100vw, 1024px\" \/><\/figure>\n<figcaption class=\"blocks-gallery-caption wp-element-caption\"><em>\u015aWIADECTWO KWALIFIKACYJNE :<br>Urz\u0105dzenia, instalacje i sieci elektroenergetyczne wytwarzaj\u0105ce, przetwarzaj\u0105ce, przesy\u0142aj\u0105ce i zu\u017cywaj\u0105ce energi\u0119 elektryczn\u0105 w zakresie EKSPLOATACJI<\/em><\/figcaption><\/figure>\n\n\n\n<figure class=\"wp-block-gallery has-nested-images columns-1 is-cropped wp-block-gallery-2 is-layout-flex wp-block-gallery-is-layout-flex\">\n<figure class=\"wp-block-image size-large\"><img loading=\"lazy\" decoding=\"async\" width=\"1024\" height=\"735\" data-id=\"349\" src=\"http:\/\/rodeko.pl\/wp-content\/uploads\/2021\/01\/swiadectwaIMG_tylelektryk001-Copyprzerobione.jpg\" alt=\"\" class=\"wp-image-349\" srcset=\"https:\/\/rodeko.pl\/wp-content\/uploads\/2021\/01\/swiadectwaIMG_tylelektryk001-Copyprzerobione.jpg 1024w, https:\/\/rodeko.pl\/wp-content\/uploads\/2021\/01\/swiadectwaIMG_tylelektryk001-Copyprzerobione-300x215.jpg 300w, https:\/\/rodeko.pl\/wp-content\/uploads\/2021\/01\/swiadectwaIMG_tylelektryk001-Copyprzerobione-768x551.jpg 768w\" sizes=\"auto, (max-width: 1024px) 100vw, 1024px\" \/><\/figure>\n\n\n\n<figure class=\"wp-block-image size-large\"><img loading=\"lazy\" decoding=\"async\" width=\"1024\" height=\"705\" data-id=\"350\" src=\"http:\/\/rodeko.pl\/wp-content\/uploads\/2021\/01\/swiadectwaIMG_tylelektryk002-Copypoprawione.jpg\" alt=\"\" class=\"wp-image-350\" srcset=\"https:\/\/rodeko.pl\/wp-content\/uploads\/2021\/01\/swiadectwaIMG_tylelektryk002-Copypoprawione.jpg 1024w, https:\/\/rodeko.pl\/wp-content\/uploads\/2021\/01\/swiadectwaIMG_tylelektryk002-Copypoprawione-300x207.jpg 300w, https:\/\/rodeko.pl\/wp-content\/uploads\/2021\/01\/swiadectwaIMG_tylelektryk002-Copypoprawione-768x529.jpg 768w\" sizes=\"auto, (max-width: 1024px) 100vw, 1024px\" \/><\/figure>\n<figcaption class=\"blocks-gallery-caption wp-element-caption\"><em>PE\u0141NE \u015aWIADECTWA KWALIFIKACYJNE (ENERGIA ELEKTRYCZNA) :<\/em><br><em>Urz\u0105dzenia, instalacje i sieci elektroenergetyczne wytwarzaj\u0105ce, przetwarzaj\u0105ce, przesy\u0142aj\u0105ce i zu\u017cywaj\u0105ce energi\u0119 elektryczn\u0105 w zakresie EKSPLOATACJI<\/em><br><em>Urz\u0105dzenia, instalacje i sieci elektroenergetyczne wytwarzaj\u0105ce, przetwarzaj\u0105ce, przesy\u0142aj\u0105ce i zu\u017cywaj\u0105ce energi\u0119 elektryczn\u0105 w zakresie DOZORU<\/em><\/figcaption><\/figure>\n\n\n\n<figure class=\"wp-block-gallery has-nested-images columns-1 is-cropped wp-block-gallery-3 is-layout-flex wp-block-gallery-is-layout-flex\">\n<figure class=\"wp-block-image size-large\"><img loading=\"lazy\" decoding=\"async\" width=\"1024\" height=\"725\" data-id=\"351\" src=\"http:\/\/rodeko.pl\/wp-content\/uploads\/2021\/01\/swiadectwaIMGtylgaz_0001-Copypoprawione.jpg\" alt=\"\" class=\"wp-image-351\" srcset=\"https:\/\/rodeko.pl\/wp-content\/uploads\/2021\/01\/swiadectwaIMGtylgaz_0001-Copypoprawione.jpg 1024w, https:\/\/rodeko.pl\/wp-content\/uploads\/2021\/01\/swiadectwaIMGtylgaz_0001-Copypoprawione-300x212.jpg 300w, https:\/\/rodeko.pl\/wp-content\/uploads\/2021\/01\/swiadectwaIMGtylgaz_0001-Copypoprawione-768x544.jpg 768w\" sizes=\"auto, (max-width: 1024px) 100vw, 1024px\" \/><\/figure>\n\n\n\n<figure class=\"wp-block-image size-large\"><img loading=\"lazy\" decoding=\"async\" width=\"1024\" height=\"723\" data-id=\"352\" src=\"http:\/\/rodeko.pl\/wp-content\/uploads\/2021\/01\/swiadectwaIMGtylgaz_0002-Copypoprawione.jpg\" alt=\"\" class=\"wp-image-352\" srcset=\"https:\/\/rodeko.pl\/wp-content\/uploads\/2021\/01\/swiadectwaIMGtylgaz_0002-Copypoprawione.jpg 1024w, https:\/\/rodeko.pl\/wp-content\/uploads\/2021\/01\/swiadectwaIMGtylgaz_0002-Copypoprawione-300x212.jpg 300w, https:\/\/rodeko.pl\/wp-content\/uploads\/2021\/01\/swiadectwaIMGtylgaz_0002-Copypoprawione-768x542.jpg 768w\" sizes=\"auto, (max-width: 1024px) 100vw, 1024px\" \/><\/figure>\n<figcaption class=\"blocks-gallery-caption wp-element-caption\"><em>PE\u0141NE \u015aWIADECTWA KWALIFIKACYJNE (PALIWA GAZOWE):<\/em><br><em>Urz\u0105dzenia, instalacje i sieci gazowe wytwarzaj\u0105ce, przetwarzaj\u0105ce, przesy\u0142aj\u0105ce, magazynuj\u0105ce i zu\u017cywaj\u0105ce paliwa gazowe w zakresie EKSPLOATACJI<\/em><br><em>Urz\u0105dzenia, instalacje i sieci gazowe wytwarzaj\u0105ce, przetwarzaj\u0105ce, przesy\u0142aj\u0105ce, magazynuj\u0105ce i zu\u017cywaj\u0105ce paliwa gazowe w zakresie DOZORU<\/em><\/figcaption><\/figure>\n\n\n\n<figure class=\"wp-block-gallery has-nested-images columns-default is-cropped wp-block-gallery-4 is-layout-flex wp-block-gallery-is-layout-flex\">\n<figure class=\"wp-block-image size-large is-style-default\"><img loading=\"lazy\" decoding=\"async\" width=\"676\" height=\"411\" data-id=\"631\" src=\"http:\/\/rodeko.pl\/wp-content\/uploads\/2023\/03\/UDT-1A-STRONKA.jpg\" alt=\"\" class=\"wp-image-631\" srcset=\"https:\/\/rodeko.pl\/wp-content\/uploads\/2023\/03\/UDT-1A-STRONKA.jpg 676w, https:\/\/rodeko.pl\/wp-content\/uploads\/2023\/03\/UDT-1A-STRONKA-300x182.jpg 300w\" sizes=\"auto, (max-width: 676px) 100vw, 676px\" \/><\/figure>\n<\/figure>\n\n\n\n<figure class=\"wp-block-gallery has-nested-images columns-default is-cropped wp-block-gallery-5 is-layout-flex wp-block-gallery-is-layout-flex\">\n<figure class=\"wp-block-image size-full\"><img loading=\"lazy\" decoding=\"async\" width=\"675\" height=\"413\" data-id=\"633\" src=\"http:\/\/rodeko.pl\/wp-content\/uploads\/2023\/03\/UDT-1B-STRONKA.jpg\" alt=\"\" class=\"wp-image-633\" srcset=\"https:\/\/rodeko.pl\/wp-content\/uploads\/2023\/03\/UDT-1B-STRONKA.jpg 675w, https:\/\/rodeko.pl\/wp-content\/uploads\/2023\/03\/UDT-1B-STRONKA-300x184.jpg 300w\" sizes=\"auto, (max-width: 675px) 100vw, 675px\" \/><\/figure>\n<figcaption class=\"blocks-gallery-caption wp-element-caption\">F-GAZY &#8211; Potwierdzenie z UDT kwalifikacji do wykonywania czynno\u015bci zwi\u0105zanych z instalacj\u0105, konserwacj\u0105 lub serwisowaniem a tak\u017ce  napraw\u0105 i likwidacj\u0105 stacjonarnych urz\u0105dze\u0144 ch\u0142odniczych, klimatyzacyjnych, pomp ciep\u0142a oraz agregat\u00f3w ch\u0142odniczych, zawieraj\u0105cych fluorowane gazy cieplarniane lub substancje kontrolowane.  <\/figcaption><\/figure>\n\n\n\n<p><\/p>\n\n\n\n<figure class=\"wp-block-image size-large\"><img loading=\"lazy\" decoding=\"async\" width=\"1024\" height=\"703\" src=\"http:\/\/rodeko.pl\/wp-content\/uploads\/2021\/01\/swiadectwaKnauf-Copy.jpg\" alt=\"\" class=\"wp-image-355\" srcset=\"https:\/\/rodeko.pl\/wp-content\/uploads\/2021\/01\/swiadectwaKnauf-Copy.jpg 1024w, https:\/\/rodeko.pl\/wp-content\/uploads\/2021\/01\/swiadectwaKnauf-Copy-300x206.jpg 300w, https:\/\/rodeko.pl\/wp-content\/uploads\/2021\/01\/swiadectwaKnauf-Copy-768x527.jpg 768w\" sizes=\"auto, (max-width: 1024px) 100vw, 1024px\" \/><figcaption class=\"wp-element-caption\"><em>Wykonawca chemii budowlanej KNAUF<\/em><\/figcaption><\/figure>\n\n\n\n<figure class=\"wp-block-image size-large\"><img loading=\"lazy\" decoding=\"async\" width=\"475\" height=\"745\" src=\"http:\/\/rodeko.pl\/wp-content\/uploads\/2021\/01\/swiadectwaAtlasx-Copy-2.jpg\" alt=\"\" class=\"wp-image-357\" srcset=\"https:\/\/rodeko.pl\/wp-content\/uploads\/2021\/01\/swiadectwaAtlasx-Copy-2.jpg 475w, https:\/\/rodeko.pl\/wp-content\/uploads\/2021\/01\/swiadectwaAtlasx-Copy-2-191x300.jpg 191w\" sizes=\"auto, (max-width: 475px) 100vw, 475px\" \/><figcaption class=\"wp-element-caption\"><em>\u015awiadectwo szkolenia ATLAS<\/em><\/figcaption><\/figure>\n\n\n\n<figure class=\"wp-block-image size-large\"><img loading=\"lazy\" decoding=\"async\" width=\"455\" height=\"683\" src=\"http:\/\/rodeko.pl\/wp-content\/uploads\/2021\/01\/swiadectwaPeri-Copy-1.jpg\" alt=\"\" class=\"wp-image-358\" srcset=\"https:\/\/rodeko.pl\/wp-content\/uploads\/2021\/01\/swiadectwaPeri-Copy-1.jpg 455w, https:\/\/rodeko.pl\/wp-content\/uploads\/2021\/01\/swiadectwaPeri-Copy-1-200x300.jpg 200w\" sizes=\"auto, (max-width: 455px) 100vw, 455px\" \/><figcaption class=\"wp-element-caption\"><em>Certyfikat szkolenia PERI<\/em><\/figcaption><\/figure>\n\n\n\n<figure class=\"wp-block-image size-large\"><img loading=\"lazy\" decoding=\"async\" width=\"294\" height=\"164\" src=\"http:\/\/rodeko.pl\/wp-content\/uploads\/2021\/01\/swiadectwaMapeiLogo.jpg\" alt=\"\" class=\"wp-image-359\"\/><figcaption class=\"wp-element-caption\"><strong>Wykonawca chemii budowlanej Mapei<\/strong><\/figcaption><\/figure>\n\n\n\n<p><strong>\u015awiadectwa w kolejno\u015bci chronologicznej :<\/strong><\/p>\n\n\n\n<p><em>Autoryzowany Instalator <\/em>AIWA japan<\/p>\n\n\n\n<p><em>Autoryzowany Instalator <\/em>BERETTA<\/p>\n\n\n\n<p><em>Autoryzowany Instalator <\/em>TERMET<\/p>\n\n\n\n<p><em>\u015aWIADECTWO KWALIFIKACYJNE :<\/em><br><em>Urz\u0105dzenia, instalacje i sieci elektroenergetyczne wytwarzaj\u0105ce, przetwarzaj\u0105ce, przesy\u0142aj\u0105ce i zu\u017cywaj\u0105ce energi\u0119 elektryczn\u0105 w zakresie EKSPLOATACJI<\/em><\/p>\n\n\n\n<p><em>PE\u0141NE \u015aWIADECTWA KWALIFIKACYJNE (ENERGIA ELEKTRYCZNA) :<\/em><br><em>Urz\u0105dzenia, instalacje i sieci elektroenergetyczne wytwarzaj\u0105ce, przetwarzaj\u0105ce, przesy\u0142aj\u0105ce i zu\u017cywaj\u0105ce energi\u0119 elektryczn\u0105 w zakresie EKSPLOATACJI<\/em><br><em>Urz\u0105dzenia, instalacje i sieci elektroenergetyczne wytwarzaj\u0105ce, przetwarzaj\u0105ce, przesy\u0142aj\u0105ce i zu\u017cywaj\u0105ce energi\u0119 elektryczn\u0105 w zakresie DOZORU<\/em><\/p>\n\n\n\n<p><em>PE\u0141NE \u015aWIADECTWA KWALIFIKACYJNE (PALIWA GAZOWE):<\/em><br><em>Urz\u0105dzenia, instalacje i sieci gazowe wytwarzaj\u0105ce, przetwarzaj\u0105ce, przesy\u0142aj\u0105ce, magazynuj\u0105ce i zu\u017cywaj\u0105ce paliwa gazowe w zakresie EKSPLOATACJI<\/em><br><em>Urz\u0105dzenia, instalacje i sieci gazowe wytwarzaj\u0105ce, przetwarzaj\u0105ce, przesy\u0142aj\u0105ce, magazynuj\u0105ce i zu\u017cywaj\u0105ce paliwa gazowe w zakresie DOZORU<\/em><\/p>\n\n\n\n<p>F-GAZY &#8211; Potwierdzenie z UDT kwalifikacji do wykonywania czynno\u015bci zwi\u0105zanych z instalacj\u0105, konserwacj\u0105 lub serwisowaniem a tak\u017ce  napraw\u0105 i likwidacj\u0105 stacjonarnych urz\u0105dze\u0144 ch\u0142odniczych, klimatyzacyjnych, pomp ciep\u0142a oraz agregat\u00f3w ch\u0142odniczych, zawieraj\u0105cych fluorowane gazy cieplarniane lub substancje kontrolowane.  <\/p>\n\n\n\n<p><em>Wykonawca chemii budowlanej KNAUF<\/em><\/p>\n\n\n\n<p><em>\u015awiadectwo szkolenia ATLAS<\/em>  <\/p>\n\n\n\n<p><em>Certyfikat szkolenia PERI<\/em><\/p>\n\n\n\n<p><strong>Wykonawca chemii budowlanej Mapei<\/strong><br><\/p>\n\n\n\n<p><\/p>\n","protected":false},"excerpt":{"rendered":"<p>\u015awiadectwa w kolejno\u015bci chronologicznej : Autoryzowany Instalator AIWA japan Autoryzowany Instalator BERETTA Autoryzowany Instalator TERMET \u015aWIADECTWO KWALIFIKACYJNE :Urz\u0105dzenia, instalacje i sieci elektroenergetyczne wytwarzaj\u0105ce, przetwarzaj\u0105ce, przesy\u0142aj\u0105ce i zu\u017cywaj\u0105ce energi\u0119 elektryczn\u0105 w zakresie EKSPLOATACJI PE\u0141NE \u015aWIADECTWA KWALIFIKACYJNE (ENERGIA ELEKTRYCZNA) :Urz\u0105dzenia, instalacje i sieci elektroenergetyczne wytwarzaj\u0105ce, przetwarzaj\u0105ce, przesy\u0142aj\u0105ce i zu\u017cywaj\u0105ce energi\u0119 elektryczn\u0105 w zakresie EKSPLOATACJIUrz\u0105dzenia, instalacje i sieci &hellip; <a href=\"https:\/\/rodeko.pl\/?page_id=19\" class=\"more-link\">Continue reading <span class=\"screen-reader-text\">\u015aWIADECTWA<\/span> <span class=\"meta-nav\">&rarr;<\/span><\/a><\/p>\n","protected":false},"author":2,"featured_media":0,"parent":0,"menu_order":0,"comment_status":"closed","ping_status":"closed","template":"","meta":{"footnotes":""},"class_list":["post-19","page","type-page","status-publish","hentry"],"yoast_head":"<!-- This site is optimized with the Yoast SEO plugin v24.5 - https:\/\/yoast.com\/wordpress\/plugins\/seo\/ -->\n<title>\u015aWIADECTWA - rodeko.pl<\/title>\n<meta name=\"robots\" content=\"index, follow, max-snippet:-1, max-image-preview:large, max-video-preview:-1\" \/>\n<link rel=\"canonical\" href=\"https:\/\/rodeko.pl\/?page_id=19\" \/>\n<meta property=\"og:locale\" content=\"en_US\" \/>\n<meta property=\"og:type\" content=\"article\" \/>\n<meta property=\"og:title\" content=\"\u015aWIADECTWA - rodeko.pl\" \/>\n<meta property=\"og:description\" content=\"\u015awiadectwa w kolejno\u015bci chronologicznej : Autoryzowany Instalator AIWA japan Autoryzowany Instalator BERETTA Autoryzowany Instalator TERMET \u015aWIADECTWO KWALIFIKACYJNE :Urz\u0105dzenia, instalacje i sieci elektroenergetyczne wytwarzaj\u0105ce, przetwarzaj\u0105ce, przesy\u0142aj\u0105ce i zu\u017cywaj\u0105ce energi\u0119 elektryczn\u0105 w zakresie EKSPLOATACJI PE\u0141NE \u015aWIADECTWA KWALIFIKACYJNE (ENERGIA ELEKTRYCZNA) :Urz\u0105dzenia, instalacje i sieci elektroenergetyczne wytwarzaj\u0105ce, przetwarzaj\u0105ce, przesy\u0142aj\u0105ce i zu\u017cywaj\u0105ce energi\u0119 elektryczn\u0105 w zakresie EKSPLOATACJIUrz\u0105dzenia, instalacje i sieci &hellip; Continue reading \u015aWIADECTWA &rarr;\" \/>\n<meta property=\"og:url\" content=\"https:\/\/rodeko.pl\/?page_id=19\" \/>\n<meta property=\"og:site_name\" content=\"rodeko.pl\" \/>\n<meta property=\"article:publisher\" content=\"https:\/\/www.facebook.com\/profile.php?id=100092443299246\" \/>\n<meta property=\"article:modified_time\" content=\"2023-07-06T01:14:11+00:00\" \/>\n<meta property=\"og:image\" content=\"https:\/\/rodeko.pl\/wp-content\/uploads\/2023\/07\/472165_4424_Piotr-Krawczyk-1-Copykompresja.jpg\" \/>\n<meta name=\"twitter:card\" content=\"summary_large_image\" \/>\n<meta name=\"twitter:label1\" content=\"Est. reading time\" \/>\n\t<meta name=\"twitter:data1\" content=\"6 minutes\" \/>\n<script type=\"application\/ld+json\" class=\"yoast-schema-graph\">{\"@context\":\"https:\/\/schema.org\",\"@graph\":[{\"@type\":\"WebPage\",\"@id\":\"https:\/\/rodeko.pl\/?page_id=19\",\"url\":\"https:\/\/rodeko.pl\/?page_id=19\",\"name\":\"\u015aWIADECTWA - rodeko.pl\",\"isPartOf\":{\"@id\":\"https:\/\/rodeko.pl\/#website\"},\"primaryImageOfPage\":{\"@id\":\"https:\/\/rodeko.pl\/?page_id=19#primaryimage\"},\"image\":{\"@id\":\"https:\/\/rodeko.pl\/?page_id=19#primaryimage\"},\"thumbnailUrl\":\"https:\/\/rodeko.pl\/wp-content\/uploads\/2023\/07\/472165_4424_Piotr-Krawczyk-1-Copykompresja.jpg\",\"datePublished\":\"2021-01-06T16:05:47+00:00\",\"dateModified\":\"2023-07-06T01:14:11+00:00\",\"breadcrumb\":{\"@id\":\"https:\/\/rodeko.pl\/?page_id=19#breadcrumb\"},\"inLanguage\":\"en-US\",\"potentialAction\":[{\"@type\":\"ReadAction\",\"target\":[\"https:\/\/rodeko.pl\/?page_id=19\"]}]},{\"@type\":\"ImageObject\",\"inLanguage\":\"en-US\",\"@id\":\"https:\/\/rodeko.pl\/?page_id=19#primaryimage\",\"url\":\"https:\/\/rodeko.pl\/wp-content\/uploads\/2023\/07\/472165_4424_Piotr-Krawczyk-1-Copykompresja.jpg\",\"contentUrl\":\"https:\/\/rodeko.pl\/wp-content\/uploads\/2023\/07\/472165_4424_Piotr-Krawczyk-1-Copykompresja.jpg\"},{\"@type\":\"BreadcrumbList\",\"@id\":\"https:\/\/rodeko.pl\/?page_id=19#breadcrumb\",\"itemListElement\":[{\"@type\":\"ListItem\",\"position\":1,\"name\":\"Strona g\u0142\u00f3wna\",\"item\":\"https:\/\/rodeko.pl\/\"},{\"@type\":\"ListItem\",\"position\":2,\"name\":\"\u015aWIADECTWA\"}]},{\"@type\":\"WebSite\",\"@id\":\"https:\/\/rodeko.pl\/#website\",\"url\":\"https:\/\/rodeko.pl\/\",\"name\":\"rodeko.pl\",\"description\":\"pompy ciep\u0142a I wyko\u0144czenia I remonty I hydraulika I elektryka I kurs krawiecki\",\"publisher\":{\"@id\":\"https:\/\/rodeko.pl\/#organization\"},\"potentialAction\":[{\"@type\":\"SearchAction\",\"target\":{\"@type\":\"EntryPoint\",\"urlTemplate\":\"https:\/\/rodeko.pl\/?s={search_term_string}\"},\"query-input\":{\"@type\":\"PropertyValueSpecification\",\"valueRequired\":true,\"valueName\":\"search_term_string\"}}],\"inLanguage\":\"en-US\"},{\"@type\":\"Organization\",\"@id\":\"https:\/\/rodeko.pl\/#organization\",\"name\":\"rodeko.pl\",\"url\":\"https:\/\/rodeko.pl\/\",\"logo\":{\"@type\":\"ImageObject\",\"inLanguage\":\"en-US\",\"@id\":\"https:\/\/rodeko.pl\/#\/schema\/logo\/image\/\",\"url\":\"http:\/\/rodeko.pl\/wp-content\/uploads\/2023\/05\/IMG_20211229_223701_HDR-Copy.jpg\",\"contentUrl\":\"http:\/\/rodeko.pl\/wp-content\/uploads\/2023\/05\/IMG_20211229_223701_HDR-Copy.jpg\",\"width\":1024,\"height\":768,\"caption\":\"rodeko.pl\"},\"image\":{\"@id\":\"https:\/\/rodeko.pl\/#\/schema\/logo\/image\/\"},\"sameAs\":[\"https:\/\/www.facebook.com\/profile.php?id=100092443299246\"]}]}<\/script>\n<!-- \/ Yoast SEO plugin. -->","yoast_head_json":{"title":"\u015aWIADECTWA - rodeko.pl","robots":{"index":"index","follow":"follow","max-snippet":"max-snippet:-1","max-image-preview":"max-image-preview:large","max-video-preview":"max-video-preview:-1"},"canonical":"https:\/\/rodeko.pl\/?page_id=19","og_locale":"en_US","og_type":"article","og_title":"\u015aWIADECTWA - rodeko.pl","og_description":"\u015awiadectwa w kolejno\u015bci chronologicznej : Autoryzowany Instalator AIWA japan Autoryzowany Instalator BERETTA Autoryzowany Instalator TERMET \u015aWIADECTWO KWALIFIKACYJNE :Urz\u0105dzenia, instalacje i sieci elektroenergetyczne wytwarzaj\u0105ce, przetwarzaj\u0105ce, przesy\u0142aj\u0105ce i zu\u017cywaj\u0105ce energi\u0119 elektryczn\u0105 w zakresie EKSPLOATACJI PE\u0141NE \u015aWIADECTWA KWALIFIKACYJNE (ENERGIA ELEKTRYCZNA) :Urz\u0105dzenia, instalacje i sieci elektroenergetyczne wytwarzaj\u0105ce, przetwarzaj\u0105ce, przesy\u0142aj\u0105ce i zu\u017cywaj\u0105ce energi\u0119 elektryczn\u0105 w zakresie EKSPLOATACJIUrz\u0105dzenia, instalacje i sieci &hellip; Continue reading \u015aWIADECTWA &rarr;","og_url":"https:\/\/rodeko.pl\/?page_id=19","og_site_name":"rodeko.pl","article_publisher":"https:\/\/www.facebook.com\/profile.php?id=100092443299246","article_modified_time":"2023-07-06T01:14:11+00:00","og_image":[{"url":"https:\/\/rodeko.pl\/wp-content\/uploads\/2023\/07\/472165_4424_Piotr-Krawczyk-1-Copykompresja.jpg","type":"","width":"","height":""}],"twitter_card":"summary_large_image","twitter_misc":{"Est. reading time":"6 minutes"},"schema":{"@context":"https:\/\/schema.org","@graph":[{"@type":"WebPage","@id":"https:\/\/rodeko.pl\/?page_id=19","url":"https:\/\/rodeko.pl\/?page_id=19","name":"\u015aWIADECTWA - rodeko.pl","isPartOf":{"@id":"https:\/\/rodeko.pl\/#website"},"primaryImageOfPage":{"@id":"https:\/\/rodeko.pl\/?page_id=19#primaryimage"},"image":{"@id":"https:\/\/rodeko.pl\/?page_id=19#primaryimage"},"thumbnailUrl":"https:\/\/rodeko.pl\/wp-content\/uploads\/2023\/07\/472165_4424_Piotr-Krawczyk-1-Copykompresja.jpg","datePublished":"2021-01-06T16:05:47+00:00","dateModified":"2023-07-06T01:14:11+00:00","breadcrumb":{"@id":"https:\/\/rodeko.pl\/?page_id=19#breadcrumb"},"inLanguage":"en-US","potentialAction":[{"@type":"ReadAction","target":["https:\/\/rodeko.pl\/?page_id=19"]}]},{"@type":"ImageObject","inLanguage":"en-US","@id":"https:\/\/rodeko.pl\/?page_id=19#primaryimage","url":"https:\/\/rodeko.pl\/wp-content\/uploads\/2023\/07\/472165_4424_Piotr-Krawczyk-1-Copykompresja.jpg","contentUrl":"https:\/\/rodeko.pl\/wp-content\/uploads\/2023\/07\/472165_4424_Piotr-Krawczyk-1-Copykompresja.jpg"},{"@type":"BreadcrumbList","@id":"https:\/\/rodeko.pl\/?page_id=19#breadcrumb","itemListElement":[{"@type":"ListItem","position":1,"name":"Strona g\u0142\u00f3wna","item":"https:\/\/rodeko.pl\/"},{"@type":"ListItem","position":2,"name":"\u015aWIADECTWA"}]},{"@type":"WebSite","@id":"https:\/\/rodeko.pl\/#website","url":"https:\/\/rodeko.pl\/","name":"rodeko.pl","description":"pompy ciep\u0142a I wyko\u0144czenia I remonty I hydraulika I elektryka I kurs krawiecki","publisher":{"@id":"https:\/\/rodeko.pl\/#organization"},"potentialAction":[{"@type":"SearchAction","target":{"@type":"EntryPoint","urlTemplate":"https:\/\/rodeko.pl\/?s={search_term_string}"},"query-input":{"@type":"PropertyValueSpecification","valueRequired":true,"valueName":"search_term_string"}}],"inLanguage":"en-US"},{"@type":"Organization","@id":"https:\/\/rodeko.pl\/#organization","name":"rodeko.pl","url":"https:\/\/rodeko.pl\/","logo":{"@type":"ImageObject","inLanguage":"en-US","@id":"https:\/\/rodeko.pl\/#\/schema\/logo\/image\/","url":"http:\/\/rodeko.pl\/wp-content\/uploads\/2023\/05\/IMG_20211229_223701_HDR-Copy.jpg","contentUrl":"http:\/\/rodeko.pl\/wp-content\/uploads\/2023\/05\/IMG_20211229_223701_HDR-Copy.jpg","width":1024,"height":768,"caption":"rodeko.pl"},"image":{"@id":"https:\/\/rodeko.pl\/#\/schema\/logo\/image\/"},"sameAs":["https:\/\/www.facebook.com\/profile.php?id=100092443299246"]}]}},"_links":{"self":[{"href":"https:\/\/rodeko.pl\/index.php?rest_route=\/wp\/v2\/pages\/19","targetHints":{"allow":["GET"]}}],"collection":[{"href":"https:\/\/rodeko.pl\/index.php?rest_route=\/wp\/v2\/pages"}],"about":[{"href":"https:\/\/rodeko.pl\/index.php?rest_route=\/wp\/v2\/types\/page"}],"author":[{"embeddable":true,"href":"https:\/\/rodeko.pl\/index.php?rest_route=\/wp\/v2\/users\/2"}],"replies":[{"embeddable":true,"href":"https:\/\/rodeko.pl\/index.php?rest_route=%2Fwp%2Fv2%2Fcomments&post=19"}],"version-history":[{"count":1,"href":"https:\/\/rodeko.pl\/index.php?rest_route=\/wp\/v2\/pages\/19\/revisions"}],"predecessor-version":[{"id":854,"href":"https:\/\/rodeko.pl\/index.php?rest_route=\/wp\/v2\/pages\/19\/revisions\/854"}],"wp:attachment":[{"href":"https:\/\/rodeko.pl\/index.php?rest_route=%2Fwp%2Fv2%2Fmedia&parent=19"}],"curies":[{"name":"wp","href":"https:\/\/api.w.org\/{rel}","templated":true}]}}