{"id":13,"date":"2021-01-06T15:50:24","date_gmt":"2021-01-06T15:50:24","guid":{"rendered":"http:\/\/server324116.nazwa.pl\/wp\/?page_id=13"},"modified":"2025-02-25T11:54:13","modified_gmt":"2025-02-25T10:54:13","slug":"kontakt","status":"publish","type":"page","link":"https:\/\/rodeko.pl\/?page_id=13","title":{"rendered":"KONTAKT"},"content":{"rendered":"\n<p>Kontakt<\/p>\n\n\n\n<p><strong>Wychodz\u0105c naprzeciw klientom i przysz\u0142ym przedsi\u0119wzi\u0119ciom prosz\u0119 o przesy\u0142anie opisu inwestycji wraz z rysunkami do wst\u0119pnego oszacowania ceny us\u0142ugi oraz kontakt telefoniczny z Panem Piotrem. <\/strong><\/p>\n\n\n\n<p><strong> Kontakt:<\/strong>  <strong>e-mail:  rodeko.spzoo@gmail.com<\/strong><\/p>\n\n\n\n<p><strong>tel: +48 726 403 823<\/strong> <strong>Pan Piotr -ELEKTRYKA-HYDRAULIKA<\/strong>&#8211;<strong>REMONTY-WYKO\u0143CZENIA-KOT\u0141Y-GAZ-POMPY-CIEP\u0141A<\/strong><\/p>\n\n\n\n<p><strong>RODEKO , ul.Wroc\u0142awska 44a \u015aliwice,<\/strong> <strong>55-093 Kie\u0142cz\u00f3w, powiat.Wroc\u0142awski<\/strong><\/p>\n\n\n\n<p><\/p>\n\n\n\n<p><\/p>\n\n\n\n<figure class=\"wp-block-image size-large\"><img loading=\"lazy\" decoding=\"async\" width=\"1024\" height=\"768\" src=\"http:\/\/rodeko.pl\/wp-content\/uploads\/2021\/01\/xxxrealizacje-Copy-1.jpg\" alt=\"\" class=\"wp-image-340\" srcset=\"https:\/\/rodeko.pl\/wp-content\/uploads\/2021\/01\/xxxrealizacje-Copy-1.jpg 1024w, https:\/\/rodeko.pl\/wp-content\/uploads\/2021\/01\/xxxrealizacje-Copy-1-300x225.jpg 300w, https:\/\/rodeko.pl\/wp-content\/uploads\/2021\/01\/xxxrealizacje-Copy-1-768x576.jpg 768w\" sizes=\"auto, (max-width: 1024px) 100vw, 1024px\" \/><\/figure>\n","protected":false},"excerpt":{"rendered":"<p>Kontakt Wychodz\u0105c naprzeciw klientom i przysz\u0142ym przedsi\u0119wzi\u0119ciom prosz\u0119 o przesy\u0142anie opisu inwestycji wraz z rysunkami do wst\u0119pnego oszacowania ceny us\u0142ugi oraz kontakt telefoniczny z Panem Piotrem. Kontakt: e-mail: rodeko.spzoo@gmail.com tel: +48 726 403 823 Pan Piotr -ELEKTRYKA-HYDRAULIKA&#8211;REMONTY-WYKO\u0143CZENIA-KOT\u0141Y-GAZ-POMPY-CIEP\u0141A RODEKO , ul.Wroc\u0142awska 44a \u015aliwice, 55-093 Kie\u0142cz\u00f3w, powiat.Wroc\u0142awski<\/p>\n","protected":false},"author":2,"featured_media":0,"parent":0,"menu_order":0,"comment_status":"closed","ping_status":"closed","template":"","meta":{"footnotes":""},"class_list":["post-13","page","type-page","status-publish","hentry"],"yoast_head":"<!-- This site is optimized with the Yoast SEO plugin v24.5 - https:\/\/yoast.com\/wordpress\/plugins\/seo\/ -->\n<title>KONTAKT - rodeko.pl<\/title>\n<meta name=\"robots\" content=\"index, follow, max-snippet:-1, max-image-preview:large, max-video-preview:-1\" \/>\n<link rel=\"canonical\" href=\"https:\/\/rodeko.pl\/?page_id=13\" \/>\n<meta property=\"og:locale\" content=\"en_US\" \/>\n<meta property=\"og:type\" content=\"article\" \/>\n<meta property=\"og:title\" content=\"KONTAKT - rodeko.pl\" \/>\n<meta property=\"og:description\" content=\"Kontakt Wychodz\u0105c naprzeciw klientom i przysz\u0142ym przedsi\u0119wzi\u0119ciom prosz\u0119 o przesy\u0142anie opisu inwestycji wraz z rysunkami do wst\u0119pnego oszacowania ceny us\u0142ugi oraz kontakt telefoniczny z Panem Piotrem. Kontakt: e-mail: rodeko.spzoo@gmail.com tel: +48 726 403 823 Pan Piotr -ELEKTRYKA-HYDRAULIKA&#8211;REMONTY-WYKO\u0143CZENIA-KOT\u0141Y-GAZ-POMPY-CIEP\u0141A RODEKO , ul.Wroc\u0142awska 44a \u015aliwice, 55-093 Kie\u0142cz\u00f3w, powiat.Wroc\u0142awski\" \/>\n<meta property=\"og:url\" content=\"https:\/\/rodeko.pl\/?page_id=13\" \/>\n<meta property=\"og:site_name\" content=\"rodeko.pl\" \/>\n<meta property=\"article:publisher\" content=\"https:\/\/www.facebook.com\/profile.php?id=100092443299246\" \/>\n<meta property=\"article:modified_time\" content=\"2025-02-25T10:54:13+00:00\" \/>\n<meta property=\"og:image\" content=\"http:\/\/rodeko.pl\/wp-content\/uploads\/2021\/01\/xxxrealizacje-Copy-1.jpg\" \/>\n<meta name=\"twitter:card\" content=\"summary_large_image\" \/>\n<meta name=\"twitter:label1\" content=\"Est. reading time\" \/>\n\t<meta name=\"twitter:data1\" content=\"1 minute\" \/>\n<script type=\"application\/ld+json\" class=\"yoast-schema-graph\">{\"@context\":\"https:\/\/schema.org\",\"@graph\":[{\"@type\":\"WebPage\",\"@id\":\"https:\/\/rodeko.pl\/?page_id=13\",\"url\":\"https:\/\/rodeko.pl\/?page_id=13\",\"name\":\"KONTAKT - rodeko.pl\",\"isPartOf\":{\"@id\":\"https:\/\/rodeko.pl\/#website\"},\"primaryImageOfPage\":{\"@id\":\"https:\/\/rodeko.pl\/?page_id=13#primaryimage\"},\"image\":{\"@id\":\"https:\/\/rodeko.pl\/?page_id=13#primaryimage\"},\"thumbnailUrl\":\"http:\/\/rodeko.pl\/wp-content\/uploads\/2021\/01\/xxxrealizacje-Copy-1.jpg\",\"datePublished\":\"2021-01-06T15:50:24+00:00\",\"dateModified\":\"2025-02-25T10:54:13+00:00\",\"breadcrumb\":{\"@id\":\"https:\/\/rodeko.pl\/?page_id=13#breadcrumb\"},\"inLanguage\":\"en-US\",\"potentialAction\":[{\"@type\":\"ReadAction\",\"target\":[\"https:\/\/rodeko.pl\/?page_id=13\"]}]},{\"@type\":\"ImageObject\",\"inLanguage\":\"en-US\",\"@id\":\"https:\/\/rodeko.pl\/?page_id=13#primaryimage\",\"url\":\"http:\/\/rodeko.pl\/wp-content\/uploads\/2021\/01\/xxxrealizacje-Copy-1.jpg\",\"contentUrl\":\"http:\/\/rodeko.pl\/wp-content\/uploads\/2021\/01\/xxxrealizacje-Copy-1.jpg\"},{\"@type\":\"BreadcrumbList\",\"@id\":\"https:\/\/rodeko.pl\/?page_id=13#breadcrumb\",\"itemListElement\":[{\"@type\":\"ListItem\",\"position\":1,\"name\":\"Strona g\u0142\u00f3wna\",\"item\":\"https:\/\/rodeko.pl\/\"},{\"@type\":\"ListItem\",\"position\":2,\"name\":\"KONTAKT\"}]},{\"@type\":\"WebSite\",\"@id\":\"https:\/\/rodeko.pl\/#website\",\"url\":\"https:\/\/rodeko.pl\/\",\"name\":\"rodeko.pl\",\"description\":\"pompy ciep\u0142a I wyko\u0144czenia I remonty I hydraulika I elektryka I kurs krawiecki\",\"publisher\":{\"@id\":\"https:\/\/rodeko.pl\/#organization\"},\"potentialAction\":[{\"@type\":\"SearchAction\",\"target\":{\"@type\":\"EntryPoint\",\"urlTemplate\":\"https:\/\/rodeko.pl\/?s={search_term_string}\"},\"query-input\":{\"@type\":\"PropertyValueSpecification\",\"valueRequired\":true,\"valueName\":\"search_term_string\"}}],\"inLanguage\":\"en-US\"},{\"@type\":\"Organization\",\"@id\":\"https:\/\/rodeko.pl\/#organization\",\"name\":\"rodeko.pl\",\"url\":\"https:\/\/rodeko.pl\/\",\"logo\":{\"@type\":\"ImageObject\",\"inLanguage\":\"en-US\",\"@id\":\"https:\/\/rodeko.pl\/#\/schema\/logo\/image\/\",\"url\":\"http:\/\/rodeko.pl\/wp-content\/uploads\/2023\/05\/IMG_20211229_223701_HDR-Copy.jpg\",\"contentUrl\":\"http:\/\/rodeko.pl\/wp-content\/uploads\/2023\/05\/IMG_20211229_223701_HDR-Copy.jpg\",\"width\":1024,\"height\":768,\"caption\":\"rodeko.pl\"},\"image\":{\"@id\":\"https:\/\/rodeko.pl\/#\/schema\/logo\/image\/\"},\"sameAs\":[\"https:\/\/www.facebook.com\/profile.php?id=100092443299246\"]}]}<\/script>\n<!-- \/ Yoast SEO plugin. -->","yoast_head_json":{"title":"KONTAKT - rodeko.pl","robots":{"index":"index","follow":"follow","max-snippet":"max-snippet:-1","max-image-preview":"max-image-preview:large","max-video-preview":"max-video-preview:-1"},"canonical":"https:\/\/rodeko.pl\/?page_id=13","og_locale":"en_US","og_type":"article","og_title":"KONTAKT - rodeko.pl","og_description":"Kontakt Wychodz\u0105c naprzeciw klientom i przysz\u0142ym przedsi\u0119wzi\u0119ciom prosz\u0119 o przesy\u0142anie opisu inwestycji wraz z rysunkami do wst\u0119pnego oszacowania ceny us\u0142ugi oraz kontakt telefoniczny z Panem Piotrem. Kontakt: e-mail: rodeko.spzoo@gmail.com tel: +48 726 403 823 Pan Piotr -ELEKTRYKA-HYDRAULIKA&#8211;REMONTY-WYKO\u0143CZENIA-KOT\u0141Y-GAZ-POMPY-CIEP\u0141A RODEKO , ul.Wroc\u0142awska 44a \u015aliwice, 55-093 Kie\u0142cz\u00f3w, powiat.Wroc\u0142awski","og_url":"https:\/\/rodeko.pl\/?page_id=13","og_site_name":"rodeko.pl","article_publisher":"https:\/\/www.facebook.com\/profile.php?id=100092443299246","article_modified_time":"2025-02-25T10:54:13+00:00","og_image":[{"url":"http:\/\/rodeko.pl\/wp-content\/uploads\/2021\/01\/xxxrealizacje-Copy-1.jpg","type":"","width":"","height":""}],"twitter_card":"summary_large_image","twitter_misc":{"Est. reading time":"1 minute"},"schema":{"@context":"https:\/\/schema.org","@graph":[{"@type":"WebPage","@id":"https:\/\/rodeko.pl\/?page_id=13","url":"https:\/\/rodeko.pl\/?page_id=13","name":"KONTAKT - rodeko.pl","isPartOf":{"@id":"https:\/\/rodeko.pl\/#website"},"primaryImageOfPage":{"@id":"https:\/\/rodeko.pl\/?page_id=13#primaryimage"},"image":{"@id":"https:\/\/rodeko.pl\/?page_id=13#primaryimage"},"thumbnailUrl":"http:\/\/rodeko.pl\/wp-content\/uploads\/2021\/01\/xxxrealizacje-Copy-1.jpg","datePublished":"2021-01-06T15:50:24+00:00","dateModified":"2025-02-25T10:54:13+00:00","breadcrumb":{"@id":"https:\/\/rodeko.pl\/?page_id=13#breadcrumb"},"inLanguage":"en-US","potentialAction":[{"@type":"ReadAction","target":["https:\/\/rodeko.pl\/?page_id=13"]}]},{"@type":"ImageObject","inLanguage":"en-US","@id":"https:\/\/rodeko.pl\/?page_id=13#primaryimage","url":"http:\/\/rodeko.pl\/wp-content\/uploads\/2021\/01\/xxxrealizacje-Copy-1.jpg","contentUrl":"http:\/\/rodeko.pl\/wp-content\/uploads\/2021\/01\/xxxrealizacje-Copy-1.jpg"},{"@type":"BreadcrumbList","@id":"https:\/\/rodeko.pl\/?page_id=13#breadcrumb","itemListElement":[{"@type":"ListItem","position":1,"name":"Strona g\u0142\u00f3wna","item":"https:\/\/rodeko.pl\/"},{"@type":"ListItem","position":2,"name":"KONTAKT"}]},{"@type":"WebSite","@id":"https:\/\/rodeko.pl\/#website","url":"https:\/\/rodeko.pl\/","name":"rodeko.pl","description":"pompy ciep\u0142a I wyko\u0144czenia I remonty I hydraulika I elektryka I kurs krawiecki","publisher":{"@id":"https:\/\/rodeko.pl\/#organization"},"potentialAction":[{"@type":"SearchAction","target":{"@type":"EntryPoint","urlTemplate":"https:\/\/rodeko.pl\/?s={search_term_string}"},"query-input":{"@type":"PropertyValueSpecification","valueRequired":true,"valueName":"search_term_string"}}],"inLanguage":"en-US"},{"@type":"Organization","@id":"https:\/\/rodeko.pl\/#organization","name":"rodeko.pl","url":"https:\/\/rodeko.pl\/","logo":{"@type":"ImageObject","inLanguage":"en-US","@id":"https:\/\/rodeko.pl\/#\/schema\/logo\/image\/","url":"http:\/\/rodeko.pl\/wp-content\/uploads\/2023\/05\/IMG_20211229_223701_HDR-Copy.jpg","contentUrl":"http:\/\/rodeko.pl\/wp-content\/uploads\/2023\/05\/IMG_20211229_223701_HDR-Copy.jpg","width":1024,"height":768,"caption":"rodeko.pl"},"image":{"@id":"https:\/\/rodeko.pl\/#\/schema\/logo\/image\/"},"sameAs":["https:\/\/www.facebook.com\/profile.php?id=100092443299246"]}]}},"_links":{"self":[{"href":"https:\/\/rodeko.pl\/index.php?rest_route=\/wp\/v2\/pages\/13","targetHints":{"allow":["GET"]}}],"collection":[{"href":"https:\/\/rodeko.pl\/index.php?rest_route=\/wp\/v2\/pages"}],"about":[{"href":"https:\/\/rodeko.pl\/index.php?rest_route=\/wp\/v2\/types\/page"}],"author":[{"embeddable":true,"href":"https:\/\/rodeko.pl\/index.php?rest_route=\/wp\/v2\/users\/2"}],"replies":[{"embeddable":true,"href":"https:\/\/rodeko.pl\/index.php?rest_route=%2Fwp%2Fv2%2Fcomments&post=13"}],"version-history":[{"count":3,"href":"https:\/\/rodeko.pl\/index.php?rest_route=\/wp\/v2\/pages\/13\/revisions"}],"predecessor-version":[{"id":1021,"href":"https:\/\/rodeko.pl\/index.php?rest_route=\/wp\/v2\/pages\/13\/revisions\/1021"}],"wp:attachment":[{"href":"https:\/\/rodeko.pl\/index.php?rest_route=%2Fwp%2Fv2%2Fmedia&parent=13"}],"curies":[{"name":"wp","href":"https:\/\/api.w.org\/{rel}","templated":true}]}}