{"id":11,"date":"2021-01-06T15:38:17","date_gmt":"2021-01-06T15:38:17","guid":{"rendered":"http:\/\/server324116.nazwa.pl\/wp\/?page_id=8"},"modified":"2025-02-25T11:57:01","modified_gmt":"2025-02-25T10:57:01","slug":"gazowe-c-o-woda","status":"publish","type":"page","link":"https:\/\/rodeko.pl\/?page_id=11","title":{"rendered":"GAZOWE I HYDRAULICZNE"},"content":{"rendered":"\n<p>PRZEGL\u0104DY OKRESOWE , MONTA\u017b KOT\u0141\u00d3W GAZOWYCH ,INSTALACJE C.O. I WODY, HYDRAULIKA , KANALIZACJA.<\/p>\n\n\n\n<figure class=\"wp-block-gallery has-nested-images columns-default is-cropped wp-block-gallery-1 is-layout-flex wp-block-gallery-is-layout-flex\">\n<figure class=\"wp-block-image size-large\"><img loading=\"lazy\" decoding=\"async\" width=\"1920\" height=\"1080\" data-id=\"471\" src=\"http:\/\/rodeko.pl\/wp-content\/uploads\/2021\/09\/20210921_153247-x.jpg\" alt=\"\" class=\"wp-image-471\" srcset=\"https:\/\/rodeko.pl\/wp-content\/uploads\/2021\/09\/20210921_153247-x.jpg 1920w, https:\/\/rodeko.pl\/wp-content\/uploads\/2021\/09\/20210921_153247-x-300x169.jpg 300w, https:\/\/rodeko.pl\/wp-content\/uploads\/2021\/09\/20210921_153247-x-1024x576.jpg 1024w, https:\/\/rodeko.pl\/wp-content\/uploads\/2021\/09\/20210921_153247-x-768x432.jpg 768w, https:\/\/rodeko.pl\/wp-content\/uploads\/2021\/09\/20210921_153247-x-1536x864.jpg 1536w\" sizes=\"auto, (max-width: 1920px) 100vw, 1920px\" \/><\/figure>\n<\/figure>\n\n\n\n<p><\/p>\n\n\n\n<p>W zakresie naszych us\u0142ug znajd\u0105 Pa\u0144stwo:<\/p>\n\n\n\n<ul class=\"wp-block-list\">\n<li>pod\u0142\u0105czenie oraz instalacja kuchenki gazowej z podbiciem gwarancji ;<\/li>\n\n\n\n<li>pierwsze uruchomienia kot\u0142\u00f3w gazowych oraz instalacji centralnego ogrzewania i wody u\u017cytkowej ;<\/li>\n\n\n\n<li>okresowe przegl\u0105dy instalacji gazowych (mieszkania, domy,urz\u0119dy,szko\u0142y,wsp\u00f3lnoty mieszkaniowe) wraz z wystawieniem protoko\u0142u kontrolno-pomiarowego;<\/li>\n\n\n\n<li>pierwsze odbiory instalacji gazowych z projektem oraz wykonawstwem;<\/li>\n\n\n\n<li>wykonywanie test\u00f3w szczelno\u015bci instalacji, urz\u0105dze\u0144 grzewczych, kuchni i p\u0142yt gazowych ;<\/li>\n\n\n\n<li>wykonawstwo ca\u0142ych kot\u0142owni (centralnego ogrzewania) z pomp\u0105 ciep\u0142a lub kot\u0142em gazowym tak\u017ce solar\u00f3w i innych<br>(posiadamy autoryzacj\u0119 polskiego producenta Termet);<\/li>\n\n\n\n<li>pomiary energetyczne urz\u0105dze\u0144 i instalacji wraz ze stosownym protoko\u0142em, badania termowizyjne budynk\u00f3w i instalacji<br>energetycznych<\/li>\n<\/ul>\n\n\n\n<figure class=\"wp-block-image size-large\"><img loading=\"lazy\" decoding=\"async\" width=\"939\" height=\"768\" src=\"http:\/\/rodeko.pl\/wp-content\/uploads\/2021\/01\/GAZrems-zaciskarka-Copy-1.jpg\" alt=\"\" class=\"wp-image-310\" srcset=\"https:\/\/rodeko.pl\/wp-content\/uploads\/2021\/01\/GAZrems-zaciskarka-Copy-1.jpg 939w, https:\/\/rodeko.pl\/wp-content\/uploads\/2021\/01\/GAZrems-zaciskarka-Copy-1-300x245.jpg 300w, https:\/\/rodeko.pl\/wp-content\/uploads\/2021\/01\/GAZrems-zaciskarka-Copy-1-768x628.jpg 768w\" sizes=\"auto, (max-width: 939px) 100vw, 939px\" \/><\/figure>\n\n\n\n<p>Przegl\u0105d okresowy kot\u0142a C.O.  polega na wykonaniu czynno\u015bci<br>okre\u015blonych przez jego producenta. Zwykle s\u0105 to:<\/p>\n\n\n\n<ul class=\"wp-block-list\">\n<li>czyszczenie powierzchni grzewczych w cz\u0119\u015bci spalinowej kot\u0142a;<br>demonta\u017c i czyszczenie element\u00f3w palnika;<\/li>\n\n\n\n<li>kontrola i ewentualna wymiana uszczelek;<br>sprawdzenie i nastawienie elektrody zap\u0142onowej oraz jonizacyjnej;<\/li>\n\n\n\n<li>monta\u017c palnika;<\/li>\n\n\n\n<li>kontrola odp\u0142ywu kondensatu (w kot\u0142ach kondensacyjnych) i czyszczenie syfonu;<\/li>\n\n\n\n<li>ocena stabilno\u015bci po\u0142\u0105cze\u0144 elektrycznych;<\/li>\n\n\n\n<li>kontrola szczelno\u015bci po\u0142\u0105cze\u0144 hydraulicznych;<\/li>\n\n\n\n<li>sprawdzenie szczelno\u015bci przewodu powietrzno-spalinowego;<\/li>\n\n\n\n<li>pomiar pr\u0105du jonizacji;<\/li>\n\n\n\n<li>regulacja palnika i analiza sk\u0142adu spalin;<\/li>\n\n\n\n<li>kontrola zawor\u00f3w bezpiecze\u0144stwa;<\/li>\n\n\n\n<li>sprawdzenie nastaw regulatora;<\/li>\n\n\n\n<li>kontrola czujnik\u00f3w;<\/li>\n\n\n\n<li>ocena pracy pomp i zawor\u00f3w automatycznych.<\/li>\n\n\n\n<li>test szczelno\u015bci gazowej podzespo\u0142\u00f3w gazowych urz\u0105dzenia jak r\u00f3wnie\u017c drogi gazowej doprowadzaj\u0105cej gaz;<\/li>\n\n\n\n<li>protok\u00f3\u0142 serwisowy zawieraj\u0105cy wszelkie wykonane czynno\u015bci i stan zabezpiecze\u0144, wystawiam paragon lub faktur\u0119<\/li>\n<\/ul>\n\n\n\n<figure class=\"wp-block-image size-large\"><img loading=\"lazy\" decoding=\"async\" width=\"617\" height=\"768\" src=\"http:\/\/rodeko.pl\/wp-content\/uploads\/2021\/01\/GAZanalizator-spalin-kociol-w-tle-Copy.jpg\" alt=\"\" class=\"wp-image-312\" srcset=\"https:\/\/rodeko.pl\/wp-content\/uploads\/2021\/01\/GAZanalizator-spalin-kociol-w-tle-Copy.jpg 617w, https:\/\/rodeko.pl\/wp-content\/uploads\/2021\/01\/GAZanalizator-spalin-kociol-w-tle-Copy-241x300.jpg 241w\" sizes=\"auto, (max-width: 617px) 100vw, 617px\" \/><figcaption class=\"wp-element-caption\"><strong>Pos\u0142ugujemy si\u0119 w naszej pracy urz\u0105dzeniami homologowanymi<br>znanych producent\u00f3w ze \u015bwiadectwami wzorcowania:<br>Zaciskarka elektryczna Rems do wykonywania pewnych po\u0142\u0105cze\u0144 w instalacjach gazowych ,centralnego ogrzewania , wody u\u017cytkowej<br>Miernik pomiaru st\u0119\u017cenia gaz\u00f3w; tlenu(O2), siarkowodoru(H2S), tlenku w\u0119gla(CO), gaz\u00f3w \u0142atwopalnych (LEL)<br>Anemometr wiatromierz miernik wiatru temperatury<br>Manometr ,pompa kontrolna testowa do pr\u00f3b szczelno\u015bci instalacji gazowych ,centralnego ogrzewania ,wody u\u017cytkowej.<br>Miernik wielofunkcyjny do pomiaru urz\u0105dze\u0144 oraz instalacji elektroenergetycznych w zakresie spe\u0142nionych warunk\u00f3w ochrony<br>przeciwpora\u017ceniowej, przeciwprzepi\u0119ciowej i odgromowej w kontek\u015bcie obowi\u0105zuj\u0105cych wymaga\u0144 technicznych.<\/strong><\/figcaption><\/figure>\n\n\n\n<figure class=\"wp-block-image size-large\"><img loading=\"lazy\" decoding=\"async\" width=\"1024\" height=\"610\" src=\"http:\/\/rodeko.pl\/wp-content\/uploads\/2021\/01\/GAZtermet-logo-Copy-1.jpg\" alt=\"\" class=\"wp-image-314\" srcset=\"https:\/\/rodeko.pl\/wp-content\/uploads\/2021\/01\/GAZtermet-logo-Copy-1.jpg 1024w, https:\/\/rodeko.pl\/wp-content\/uploads\/2021\/01\/GAZtermet-logo-Copy-1-300x179.jpg 300w, https:\/\/rodeko.pl\/wp-content\/uploads\/2021\/01\/GAZtermet-logo-Copy-1-768x458.jpg 768w\" sizes=\"auto, (max-width: 1024px) 100vw, 1024px\" \/><figcaption class=\"wp-element-caption\"><strong>Jestem autoryzowanym Instalatorem Kot\u0142\u00f3w Gazowych TERMET oraz Pompy Ciep\u0142a powietrze-woda w instalacjach C.O.<\/strong><\/figcaption><\/figure>\n\n\n\n<figure class=\"wp-block-image size-large\"><img loading=\"lazy\" decoding=\"async\" width=\"340\" height=\"156\" src=\"http:\/\/rodeko.pl\/wp-content\/uploads\/2021\/04\/logo_header_new.png\" alt=\"\" class=\"wp-image-429\" srcset=\"https:\/\/rodeko.pl\/wp-content\/uploads\/2021\/04\/logo_header_new.png 340w, https:\/\/rodeko.pl\/wp-content\/uploads\/2021\/04\/logo_header_new-300x138.png 300w\" sizes=\"auto, (max-width: 340px) 100vw, 340px\" \/><figcaption class=\"wp-element-caption\"><strong>Jestem autoryzowanym instalatorem Ko<\/strong>t\u0142\u00f3w Gazowych BERETTA w\u0142oskiego producenta z fabryk\u0105 w Toruniu .Pompy ciep\u0142a r\u00f3wnie\u017c.<\/figcaption><\/figure>\n\n\n\n<figure class=\"wp-block-image size-full\"><img loading=\"lazy\" decoding=\"async\" width=\"1024\" height=\"260\" src=\"http:\/\/rodeko.pl\/wp-content\/uploads\/2023\/07\/logo-bosch.jpg\" alt=\"\" class=\"wp-image-851\" srcset=\"https:\/\/rodeko.pl\/wp-content\/uploads\/2023\/07\/logo-bosch.jpg 1024w, https:\/\/rodeko.pl\/wp-content\/uploads\/2023\/07\/logo-bosch-300x76.jpg 300w, https:\/\/rodeko.pl\/wp-content\/uploads\/2023\/07\/logo-bosch-768x195.jpg 768w\" sizes=\"auto, (max-width: 1024px) 100vw, 1024px\" \/><\/figure>\n\n\n\n<p>KOT\u0141Y GAZOWE-BOSCH-JUNKERS -POMPY CIEP\u0141A &#8211; AUTORYZOWANY INSTALATOR<\/p>\n\n\n\n<p>Pompy Ciep\u0142a Marki AIWA , HISENSE oraz pozosta\u0142e w zak\u0142adce &#8211;<strong>POMPY CIEP\u0141A<\/strong><\/p>\n\n\n\n<figure class=\"wp-block-image size-large\"><img loading=\"lazy\" decoding=\"async\" width=\"1024\" height=\"683\" src=\"http:\/\/rodeko.pl\/wp-content\/uploads\/2021\/01\/GAZinstalacja-fotka-internet-Copy-2.jpg\" alt=\"\" class=\"wp-image-315\" srcset=\"https:\/\/rodeko.pl\/wp-content\/uploads\/2021\/01\/GAZinstalacja-fotka-internet-Copy-2.jpg 1024w, https:\/\/rodeko.pl\/wp-content\/uploads\/2021\/01\/GAZinstalacja-fotka-internet-Copy-2-300x200.jpg 300w, https:\/\/rodeko.pl\/wp-content\/uploads\/2021\/01\/GAZinstalacja-fotka-internet-Copy-2-768x512.jpg 768w\" sizes=\"auto, (max-width: 1024px) 100vw, 1024px\" \/><\/figure>\n","protected":false},"excerpt":{"rendered":"<p>PRZEGL\u0104DY OKRESOWE , MONTA\u017b KOT\u0141\u00d3W GAZOWYCH ,INSTALACJE C.O. I WODY, HYDRAULIKA , KANALIZACJA. W zakresie naszych us\u0142ug znajd\u0105 Pa\u0144stwo: Przegl\u0105d okresowy kot\u0142a C.O. polega na wykonaniu czynno\u015bciokre\u015blonych przez jego producenta. Zwykle s\u0105 to: KOT\u0141Y GAZOWE-BOSCH-JUNKERS -POMPY CIEP\u0141A &#8211; AUTORYZOWANY INSTALATOR Pompy Ciep\u0142a Marki AIWA , HISENSE oraz pozosta\u0142e w zak\u0142adce &#8211;POMPY CIEP\u0141A<\/p>\n","protected":false},"author":2,"featured_media":0,"parent":0,"menu_order":0,"comment_status":"closed","ping_status":"closed","template":"","meta":{"footnotes":""},"class_list":["post-11","page","type-page","status-publish","hentry"],"yoast_head":"<!-- This site is optimized with the Yoast SEO plugin v24.5 - https:\/\/yoast.com\/wordpress\/plugins\/seo\/ -->\n<title>GAZOWE I HYDRAULICZNE - rodeko.pl<\/title>\n<meta name=\"robots\" content=\"index, follow, max-snippet:-1, max-image-preview:large, max-video-preview:-1\" \/>\n<link rel=\"canonical\" href=\"https:\/\/rodeko.pl\/?page_id=11\" \/>\n<meta property=\"og:locale\" content=\"en_US\" \/>\n<meta property=\"og:type\" content=\"article\" \/>\n<meta property=\"og:title\" content=\"GAZOWE I HYDRAULICZNE - rodeko.pl\" \/>\n<meta property=\"og:description\" content=\"PRZEGL\u0104DY OKRESOWE , MONTA\u017b KOT\u0141\u00d3W GAZOWYCH ,INSTALACJE C.O. I WODY, HYDRAULIKA , KANALIZACJA. W zakresie naszych us\u0142ug znajd\u0105 Pa\u0144stwo: Przegl\u0105d okresowy kot\u0142a C.O. polega na wykonaniu czynno\u015bciokre\u015blonych przez jego producenta. Zwykle s\u0105 to: KOT\u0141Y GAZOWE-BOSCH-JUNKERS -POMPY CIEP\u0141A &#8211; AUTORYZOWANY INSTALATOR Pompy Ciep\u0142a Marki AIWA , HISENSE oraz pozosta\u0142e w zak\u0142adce &#8211;POMPY CIEP\u0141A\" \/>\n<meta property=\"og:url\" content=\"https:\/\/rodeko.pl\/?page_id=11\" \/>\n<meta property=\"og:site_name\" content=\"rodeko.pl\" \/>\n<meta property=\"article:publisher\" content=\"https:\/\/www.facebook.com\/profile.php?id=100092443299246\" \/>\n<meta property=\"article:modified_time\" content=\"2025-02-25T10:57:01+00:00\" \/>\n<meta property=\"og:image\" content=\"http:\/\/rodeko.pl\/wp-content\/uploads\/2021\/09\/20210921_153247-x.jpg\" \/>\n<meta name=\"twitter:card\" content=\"summary_large_image\" \/>\n<meta name=\"twitter:label1\" content=\"Est. reading time\" \/>\n\t<meta name=\"twitter:data1\" content=\"3 minutes\" \/>\n<script type=\"application\/ld+json\" class=\"yoast-schema-graph\">{\"@context\":\"https:\/\/schema.org\",\"@graph\":[{\"@type\":\"WebPage\",\"@id\":\"https:\/\/rodeko.pl\/?page_id=11\",\"url\":\"https:\/\/rodeko.pl\/?page_id=11\",\"name\":\"GAZOWE I HYDRAULICZNE - rodeko.pl\",\"isPartOf\":{\"@id\":\"https:\/\/rodeko.pl\/#website\"},\"primaryImageOfPage\":{\"@id\":\"https:\/\/rodeko.pl\/?page_id=11#primaryimage\"},\"image\":{\"@id\":\"https:\/\/rodeko.pl\/?page_id=11#primaryimage\"},\"thumbnailUrl\":\"http:\/\/rodeko.pl\/wp-content\/uploads\/2021\/09\/20210921_153247-x.jpg\",\"datePublished\":\"2021-01-06T15:38:17+00:00\",\"dateModified\":\"2025-02-25T10:57:01+00:00\",\"breadcrumb\":{\"@id\":\"https:\/\/rodeko.pl\/?page_id=11#breadcrumb\"},\"inLanguage\":\"en-US\",\"potentialAction\":[{\"@type\":\"ReadAction\",\"target\":[\"https:\/\/rodeko.pl\/?page_id=11\"]}]},{\"@type\":\"ImageObject\",\"inLanguage\":\"en-US\",\"@id\":\"https:\/\/rodeko.pl\/?page_id=11#primaryimage\",\"url\":\"http:\/\/rodeko.pl\/wp-content\/uploads\/2021\/09\/20210921_153247-x.jpg\",\"contentUrl\":\"http:\/\/rodeko.pl\/wp-content\/uploads\/2021\/09\/20210921_153247-x.jpg\"},{\"@type\":\"BreadcrumbList\",\"@id\":\"https:\/\/rodeko.pl\/?page_id=11#breadcrumb\",\"itemListElement\":[{\"@type\":\"ListItem\",\"position\":1,\"name\":\"Strona g\u0142\u00f3wna\",\"item\":\"https:\/\/rodeko.pl\/\"},{\"@type\":\"ListItem\",\"position\":2,\"name\":\"GAZOWE I HYDRAULICZNE\"}]},{\"@type\":\"WebSite\",\"@id\":\"https:\/\/rodeko.pl\/#website\",\"url\":\"https:\/\/rodeko.pl\/\",\"name\":\"rodeko.pl\",\"description\":\"pompy ciep\u0142a I wyko\u0144czenia I remonty I hydraulika I elektryka I kurs krawiecki\",\"publisher\":{\"@id\":\"https:\/\/rodeko.pl\/#organization\"},\"potentialAction\":[{\"@type\":\"SearchAction\",\"target\":{\"@type\":\"EntryPoint\",\"urlTemplate\":\"https:\/\/rodeko.pl\/?s={search_term_string}\"},\"query-input\":{\"@type\":\"PropertyValueSpecification\",\"valueRequired\":true,\"valueName\":\"search_term_string\"}}],\"inLanguage\":\"en-US\"},{\"@type\":\"Organization\",\"@id\":\"https:\/\/rodeko.pl\/#organization\",\"name\":\"rodeko.pl\",\"url\":\"https:\/\/rodeko.pl\/\",\"logo\":{\"@type\":\"ImageObject\",\"inLanguage\":\"en-US\",\"@id\":\"https:\/\/rodeko.pl\/#\/schema\/logo\/image\/\",\"url\":\"http:\/\/rodeko.pl\/wp-content\/uploads\/2023\/05\/IMG_20211229_223701_HDR-Copy.jpg\",\"contentUrl\":\"http:\/\/rodeko.pl\/wp-content\/uploads\/2023\/05\/IMG_20211229_223701_HDR-Copy.jpg\",\"width\":1024,\"height\":768,\"caption\":\"rodeko.pl\"},\"image\":{\"@id\":\"https:\/\/rodeko.pl\/#\/schema\/logo\/image\/\"},\"sameAs\":[\"https:\/\/www.facebook.com\/profile.php?id=100092443299246\"]}]}<\/script>\n<!-- \/ Yoast SEO plugin. -->","yoast_head_json":{"title":"GAZOWE I HYDRAULICZNE - rodeko.pl","robots":{"index":"index","follow":"follow","max-snippet":"max-snippet:-1","max-image-preview":"max-image-preview:large","max-video-preview":"max-video-preview:-1"},"canonical":"https:\/\/rodeko.pl\/?page_id=11","og_locale":"en_US","og_type":"article","og_title":"GAZOWE I HYDRAULICZNE - rodeko.pl","og_description":"PRZEGL\u0104DY OKRESOWE , MONTA\u017b KOT\u0141\u00d3W GAZOWYCH ,INSTALACJE C.O. I WODY, HYDRAULIKA , KANALIZACJA. W zakresie naszych us\u0142ug znajd\u0105 Pa\u0144stwo: Przegl\u0105d okresowy kot\u0142a C.O. polega na wykonaniu czynno\u015bciokre\u015blonych przez jego producenta. Zwykle s\u0105 to: KOT\u0141Y GAZOWE-BOSCH-JUNKERS -POMPY CIEP\u0141A &#8211; AUTORYZOWANY INSTALATOR Pompy Ciep\u0142a Marki AIWA , HISENSE oraz pozosta\u0142e w zak\u0142adce &#8211;POMPY CIEP\u0141A","og_url":"https:\/\/rodeko.pl\/?page_id=11","og_site_name":"rodeko.pl","article_publisher":"https:\/\/www.facebook.com\/profile.php?id=100092443299246","article_modified_time":"2025-02-25T10:57:01+00:00","og_image":[{"url":"http:\/\/rodeko.pl\/wp-content\/uploads\/2021\/09\/20210921_153247-x.jpg","type":"","width":"","height":""}],"twitter_card":"summary_large_image","twitter_misc":{"Est. reading time":"3 minutes"},"schema":{"@context":"https:\/\/schema.org","@graph":[{"@type":"WebPage","@id":"https:\/\/rodeko.pl\/?page_id=11","url":"https:\/\/rodeko.pl\/?page_id=11","name":"GAZOWE I HYDRAULICZNE - rodeko.pl","isPartOf":{"@id":"https:\/\/rodeko.pl\/#website"},"primaryImageOfPage":{"@id":"https:\/\/rodeko.pl\/?page_id=11#primaryimage"},"image":{"@id":"https:\/\/rodeko.pl\/?page_id=11#primaryimage"},"thumbnailUrl":"http:\/\/rodeko.pl\/wp-content\/uploads\/2021\/09\/20210921_153247-x.jpg","datePublished":"2021-01-06T15:38:17+00:00","dateModified":"2025-02-25T10:57:01+00:00","breadcrumb":{"@id":"https:\/\/rodeko.pl\/?page_id=11#breadcrumb"},"inLanguage":"en-US","potentialAction":[{"@type":"ReadAction","target":["https:\/\/rodeko.pl\/?page_id=11"]}]},{"@type":"ImageObject","inLanguage":"en-US","@id":"https:\/\/rodeko.pl\/?page_id=11#primaryimage","url":"http:\/\/rodeko.pl\/wp-content\/uploads\/2021\/09\/20210921_153247-x.jpg","contentUrl":"http:\/\/rodeko.pl\/wp-content\/uploads\/2021\/09\/20210921_153247-x.jpg"},{"@type":"BreadcrumbList","@id":"https:\/\/rodeko.pl\/?page_id=11#breadcrumb","itemListElement":[{"@type":"ListItem","position":1,"name":"Strona g\u0142\u00f3wna","item":"https:\/\/rodeko.pl\/"},{"@type":"ListItem","position":2,"name":"GAZOWE I HYDRAULICZNE"}]},{"@type":"WebSite","@id":"https:\/\/rodeko.pl\/#website","url":"https:\/\/rodeko.pl\/","name":"rodeko.pl","description":"pompy ciep\u0142a I wyko\u0144czenia I remonty I hydraulika I elektryka I kurs krawiecki","publisher":{"@id":"https:\/\/rodeko.pl\/#organization"},"potentialAction":[{"@type":"SearchAction","target":{"@type":"EntryPoint","urlTemplate":"https:\/\/rodeko.pl\/?s={search_term_string}"},"query-input":{"@type":"PropertyValueSpecification","valueRequired":true,"valueName":"search_term_string"}}],"inLanguage":"en-US"},{"@type":"Organization","@id":"https:\/\/rodeko.pl\/#organization","name":"rodeko.pl","url":"https:\/\/rodeko.pl\/","logo":{"@type":"ImageObject","inLanguage":"en-US","@id":"https:\/\/rodeko.pl\/#\/schema\/logo\/image\/","url":"http:\/\/rodeko.pl\/wp-content\/uploads\/2023\/05\/IMG_20211229_223701_HDR-Copy.jpg","contentUrl":"http:\/\/rodeko.pl\/wp-content\/uploads\/2023\/05\/IMG_20211229_223701_HDR-Copy.jpg","width":1024,"height":768,"caption":"rodeko.pl"},"image":{"@id":"https:\/\/rodeko.pl\/#\/schema\/logo\/image\/"},"sameAs":["https:\/\/www.facebook.com\/profile.php?id=100092443299246"]}]}},"_links":{"self":[{"href":"https:\/\/rodeko.pl\/index.php?rest_route=\/wp\/v2\/pages\/11","targetHints":{"allow":["GET"]}}],"collection":[{"href":"https:\/\/rodeko.pl\/index.php?rest_route=\/wp\/v2\/pages"}],"about":[{"href":"https:\/\/rodeko.pl\/index.php?rest_route=\/wp\/v2\/types\/page"}],"author":[{"embeddable":true,"href":"https:\/\/rodeko.pl\/index.php?rest_route=\/wp\/v2\/users\/2"}],"replies":[{"embeddable":true,"href":"https:\/\/rodeko.pl\/index.php?rest_route=%2Fwp%2Fv2%2Fcomments&post=11"}],"version-history":[{"count":3,"href":"https:\/\/rodeko.pl\/index.php?rest_route=\/wp\/v2\/pages\/11\/revisions"}],"predecessor-version":[{"id":1023,"href":"https:\/\/rodeko.pl\/index.php?rest_route=\/wp\/v2\/pages\/11\/revisions\/1023"}],"wp:attachment":[{"href":"https:\/\/rodeko.pl\/index.php?rest_route=%2Fwp%2Fv2%2Fmedia&parent=11"}],"curies":[{"name":"wp","href":"https:\/\/api.w.org\/{rel}","templated":true}]}}