{"id":10,"date":"2021-01-06T15:31:59","date_gmt":"2021-01-06T15:31:59","guid":{"rendered":"http:\/\/server324116.nazwa.pl\/wp\/?page_id=5"},"modified":"2023-05-04T00:41:51","modified_gmt":"2023-05-03T22:41:51","slug":"elektryczne","status":"publish","type":"page","link":"https:\/\/rodeko.pl\/?page_id=10","title":{"rendered":"ELEKTRYCZNE"},"content":{"rendered":"\n<p>PROTOKO\u0141Y KONTROLNO-POMIAROWE ,WYKONAWSTWO INSTALACJI ELEKTRYCZNYCH ,PROJEKTY I REMONTY.<\/p>\n\n\n\n<figure class=\"wp-block-image size-large\"><img loading=\"lazy\" decoding=\"async\" width=\"1024\" height=\"617\" src=\"http:\/\/rodeko.pl\/wp-content\/uploads\/2021\/01\/ELEKTRYKAinstalacja-elektryczna-budowa-Copy.jpg\" alt=\"\" class=\"wp-image-301\" srcset=\"https:\/\/rodeko.pl\/wp-content\/uploads\/2021\/01\/ELEKTRYKAinstalacja-elektryczna-budowa-Copy.jpg 1024w, https:\/\/rodeko.pl\/wp-content\/uploads\/2021\/01\/ELEKTRYKAinstalacja-elektryczna-budowa-Copy-300x181.jpg 300w, https:\/\/rodeko.pl\/wp-content\/uploads\/2021\/01\/ELEKTRYKAinstalacja-elektryczna-budowa-Copy-768x463.jpg 768w\" sizes=\"auto, (max-width: 1024px) 100vw, 1024px\" \/><\/figure>\n\n\n\n<p>!!!W dobrej cenie Punkt elektryczny !!!<br>!!!W dobrej cenie Pomiary elektryczne-protok\u00f3\u0142  za  dom !!!<\/p>\n\n\n\n<p>Wykonujemy odpowiednie pomiary i wystawiamy stosowne za\u015bwiadczenia w celu:<\/p>\n\n\n\n<ul class=\"wp-block-list\">\n<li>zg\u0142oszenia nowych instalacji oraz zwi\u0119kszanie mocy do TAURON<\/li>\n\n\n\n<li>protoko\u0142y pomiarowe istniej\u0105cych instalacji (nie rzadziej jak co 5lat wed\u0142ug przepis\u00f3w)<\/li>\n\n\n\n<li>protok\u00f3\u0142 pomiarowy odbioru nowych instalacji elektrycznych lub po remoncie<\/li>\n\n\n\n<li>pomiary i przegl\u0105dy instalacji dla sanepidu ,stra\u017cy po\u017carnej ,architektury ,starostwa<\/li>\n\n\n\n<li>pomiary i przegl\u0105dy urz\u0105dze\u0144 pr\u0105dotw\u00f3rczych takich jak: instalacje fotowoltaiczne<\/li>\n<\/ul>\n\n\n\n<p>A ponadto wykonujemy wszelkie inne prace elektryczne<\/p>\n\n\n\n<ul class=\"wp-block-list\">\n<li>przegl\u0105dy i konserwacje rozdzielnic i instalacji elektrycznych<\/li>\n\n\n\n<li>wymian\u0119 ,remonty, monta\u017c ,instalacje elektryczne<\/li>\n\n\n\n<li>pod\u0142\u0105czanie kuchenek elektrycznych ,indukcyjnych wraz z podbiciem gwarancji<\/li>\n\n\n\n<li>instalacja piec\u00f3w kumulacyjnych (z programatorem i czasomierzem)<\/li>\n\n\n\n<li>instalacja pomp ciep\u0142a do C.O. powietrze-woda (posiadamy autoryzacj\u0119 polskiego producenta Termet, Aiwa, Hisense, Beretta),zak\u0142adka;<strong> POMPY CIEP\u0141A<\/strong><\/li>\n\n\n\n<li>instalacja i monta\u017c system\u00f3w pr\u0105dotw\u00f3rczych fotowoltaicznych ,tak\u017ce solar\u00f3w<\/li>\n<\/ul>\n\n\n\n<figure class=\"wp-block-gallery has-nested-images columns-default is-cropped wp-block-gallery-1 is-layout-flex wp-block-gallery-is-layout-flex\">\n<figure class=\"wp-block-image size-large\"><img loading=\"lazy\" decoding=\"async\" width=\"1024\" height=\"451\" data-id=\"303\" src=\"http:\/\/rodeko.pl\/wp-content\/uploads\/2021\/01\/ELEKTRYKAfotowoltaika-Copy.jpg\" alt=\"\" class=\"wp-image-303\" srcset=\"https:\/\/rodeko.pl\/wp-content\/uploads\/2021\/01\/ELEKTRYKAfotowoltaika-Copy.jpg 1024w, https:\/\/rodeko.pl\/wp-content\/uploads\/2021\/01\/ELEKTRYKAfotowoltaika-Copy-300x132.jpg 300w, https:\/\/rodeko.pl\/wp-content\/uploads\/2021\/01\/ELEKTRYKAfotowoltaika-Copy-768x338.jpg 768w\" sizes=\"auto, (max-width: 1024px) 100vw, 1024px\" \/><\/figure>\n\n\n\n<figure class=\"wp-block-image size-large\"><img loading=\"lazy\" decoding=\"async\" width=\"828\" height=\"768\" data-id=\"304\" src=\"http:\/\/rodeko.pl\/wp-content\/uploads\/2021\/01\/ELEKTRYKAsonelmiernik-Copy-1.jpg\" alt=\"\" class=\"wp-image-304\" srcset=\"https:\/\/rodeko.pl\/wp-content\/uploads\/2021\/01\/ELEKTRYKAsonelmiernik-Copy-1.jpg 828w, https:\/\/rodeko.pl\/wp-content\/uploads\/2021\/01\/ELEKTRYKAsonelmiernik-Copy-1-300x278.jpg 300w, https:\/\/rodeko.pl\/wp-content\/uploads\/2021\/01\/ELEKTRYKAsonelmiernik-Copy-1-768x712.jpg 768w\" sizes=\"auto, (max-width: 828px) 100vw, 828px\" \/><\/figure>\n<\/figure>\n\n\n\n<ul class=\"wp-block-list\">\n<li>pomiary rezystancji izolacji<\/li>\n\n\n\n<li>pomiary skuteczno\u015bci ochrony przeciwpora\u017ceniowej<\/li>\n\n\n\n<li>pomiary wy\u0142\u0105cznik\u00f3w przeciwpora\u017ceniowych r\u00f3\u017cnicowopr\u0105dowych<\/li>\n\n\n\n<li>pomiary rezystancji uziemie\u0144<\/li>\n\n\n\n<li>pomiary rezystywno\u015bci gruntu<\/li>\n\n\n\n<li>badanie elektronarz\u0119dzi<\/li>\n\n\n\n<li>badanie sprz\u0119tu ochronnego i dielektrycznego<\/li>\n\n\n\n<li>badanie ci\u0105g\u0142o\u015b\u0107 po\u0142\u0105cze\u0144 ochronnych i wyr\u00f3wnawczych<\/li>\n<\/ul>\n\n\n\n<figure class=\"wp-block-gallery has-nested-images columns-default is-cropped wp-block-gallery-2 is-layout-flex wp-block-gallery-is-layout-flex\">\n<figure class=\"wp-block-image size-large\"><img loading=\"lazy\" decoding=\"async\" width=\"1024\" height=\"768\" data-id=\"305\" src=\"http:\/\/rodeko.pl\/wp-content\/uploads\/2021\/01\/ELEKTRYKA19xsystemogrzewaniaelektrycznokondensacyjnego-a-na-scianach-tynki-angielskie-motoda-skimming-Copy-1024x768-Copy.jpg\" alt=\"\" class=\"wp-image-305\" srcset=\"https:\/\/rodeko.pl\/wp-content\/uploads\/2021\/01\/ELEKTRYKA19xsystemogrzewaniaelektrycznokondensacyjnego-a-na-scianach-tynki-angielskie-motoda-skimming-Copy-1024x768-Copy.jpg 1024w, https:\/\/rodeko.pl\/wp-content\/uploads\/2021\/01\/ELEKTRYKA19xsystemogrzewaniaelektrycznokondensacyjnego-a-na-scianach-tynki-angielskie-motoda-skimming-Copy-1024x768-Copy-300x225.jpg 300w, https:\/\/rodeko.pl\/wp-content\/uploads\/2021\/01\/ELEKTRYKA19xsystemogrzewaniaelektrycznokondensacyjnego-a-na-scianach-tynki-angielskie-motoda-skimming-Copy-1024x768-Copy-768x576.jpg 768w\" sizes=\"auto, (max-width: 1024px) 100vw, 1024px\" \/><\/figure>\n\n\n\n<figure class=\"wp-block-image size-large\"><img loading=\"lazy\" decoding=\"async\" width=\"911\" height=\"768\" data-id=\"306\" src=\"http:\/\/rodeko.pl\/wp-content\/uploads\/2021\/01\/ELEKTRYKApompa-ciepla-termet-Copy.jpg\" alt=\"\" class=\"wp-image-306\" srcset=\"https:\/\/rodeko.pl\/wp-content\/uploads\/2021\/01\/ELEKTRYKApompa-ciepla-termet-Copy.jpg 911w, https:\/\/rodeko.pl\/wp-content\/uploads\/2021\/01\/ELEKTRYKApompa-ciepla-termet-Copy-300x253.jpg 300w, https:\/\/rodeko.pl\/wp-content\/uploads\/2021\/01\/ELEKTRYKApompa-ciepla-termet-Copy-768x647.jpg 768w\" sizes=\"auto, (max-width: 911px) 100vw, 911px\" \/><\/figure>\n<\/figure>\n\n\n\n<p><strong>Pos\u0142ugujemy si\u0119 w naszej pracy urz\u0105dzeniami homologowanymi<br>znanych producent\u00f3w ze \u015bwiadectwami wzorcowania:<br>Miernik wielofunkcyjny do pomiaru urz\u0105dze\u0144 oraz instalacji elektroenergetycznych w zakresie spe\u0142nionych warunk\u00f3w ochrony przeciwpora\u017ceniowej , przeciwprzepi\u0119ciowej i odgromowej w kontek\u015bcie obowi\u0105zuj\u0105cych wymaga\u0144 technicznych.<\/strong><\/p>\n","protected":false},"excerpt":{"rendered":"<p>PROTOKO\u0141Y KONTROLNO-POMIAROWE ,WYKONAWSTWO INSTALACJI ELEKTRYCZNYCH ,PROJEKTY I REMONTY. !!!W dobrej cenie Punkt elektryczny !!!!!!W dobrej cenie Pomiary elektryczne-protok\u00f3\u0142 za dom !!! Wykonujemy odpowiednie pomiary i wystawiamy stosowne za\u015bwiadczenia w celu: A ponadto wykonujemy wszelkie inne prace elektryczne Pos\u0142ugujemy si\u0119 w naszej pracy urz\u0105dzeniami homologowanymiznanych producent\u00f3w ze \u015bwiadectwami wzorcowania:Miernik wielofunkcyjny do pomiaru urz\u0105dze\u0144 oraz instalacji elektroenergetycznych &hellip; <a href=\"https:\/\/rodeko.pl\/?page_id=10\" class=\"more-link\">Continue reading <span class=\"screen-reader-text\">ELEKTRYCZNE<\/span> <span class=\"meta-nav\">&rarr;<\/span><\/a><\/p>\n","protected":false},"author":2,"featured_media":0,"parent":0,"menu_order":0,"comment_status":"closed","ping_status":"closed","template":"","meta":{"footnotes":""},"class_list":["post-10","page","type-page","status-publish","hentry"],"yoast_head":"<!-- This site is optimized with the Yoast SEO plugin v24.5 - https:\/\/yoast.com\/wordpress\/plugins\/seo\/ -->\n<title>ELEKTRYCZNE - rodeko.pl<\/title>\n<meta name=\"robots\" content=\"index, follow, max-snippet:-1, max-image-preview:large, max-video-preview:-1\" \/>\n<link rel=\"canonical\" href=\"https:\/\/rodeko.pl\/?page_id=10\" \/>\n<meta property=\"og:locale\" content=\"en_US\" \/>\n<meta property=\"og:type\" content=\"article\" \/>\n<meta property=\"og:title\" content=\"ELEKTRYCZNE - rodeko.pl\" \/>\n<meta property=\"og:description\" content=\"PROTOKO\u0141Y KONTROLNO-POMIAROWE ,WYKONAWSTWO INSTALACJI ELEKTRYCZNYCH ,PROJEKTY I REMONTY. !!!W dobrej cenie Punkt elektryczny !!!!!!W dobrej cenie Pomiary elektryczne-protok\u00f3\u0142 za dom !!! Wykonujemy odpowiednie pomiary i wystawiamy stosowne za\u015bwiadczenia w celu: A ponadto wykonujemy wszelkie inne prace elektryczne Pos\u0142ugujemy si\u0119 w naszej pracy urz\u0105dzeniami homologowanymiznanych producent\u00f3w ze \u015bwiadectwami wzorcowania:Miernik wielofunkcyjny do pomiaru urz\u0105dze\u0144 oraz instalacji elektroenergetycznych &hellip; Continue reading ELEKTRYCZNE &rarr;\" \/>\n<meta property=\"og:url\" content=\"https:\/\/rodeko.pl\/?page_id=10\" \/>\n<meta property=\"og:site_name\" content=\"rodeko.pl\" \/>\n<meta property=\"article:publisher\" content=\"https:\/\/www.facebook.com\/profile.php?id=100092443299246\" \/>\n<meta property=\"article:modified_time\" content=\"2023-05-03T22:41:51+00:00\" \/>\n<meta property=\"og:image\" content=\"http:\/\/rodeko.pl\/wp-content\/uploads\/2021\/01\/ELEKTRYKAinstalacja-elektryczna-budowa-Copy.jpg\" \/>\n<meta name=\"twitter:card\" content=\"summary_large_image\" \/>\n<meta name=\"twitter:label1\" content=\"Est. reading time\" \/>\n\t<meta name=\"twitter:data1\" content=\"1 minute\" \/>\n<script type=\"application\/ld+json\" class=\"yoast-schema-graph\">{\"@context\":\"https:\/\/schema.org\",\"@graph\":[{\"@type\":\"WebPage\",\"@id\":\"https:\/\/rodeko.pl\/?page_id=10\",\"url\":\"https:\/\/rodeko.pl\/?page_id=10\",\"name\":\"ELEKTRYCZNE - rodeko.pl\",\"isPartOf\":{\"@id\":\"https:\/\/rodeko.pl\/#website\"},\"primaryImageOfPage\":{\"@id\":\"https:\/\/rodeko.pl\/?page_id=10#primaryimage\"},\"image\":{\"@id\":\"https:\/\/rodeko.pl\/?page_id=10#primaryimage\"},\"thumbnailUrl\":\"http:\/\/rodeko.pl\/wp-content\/uploads\/2021\/01\/ELEKTRYKAinstalacja-elektryczna-budowa-Copy.jpg\",\"datePublished\":\"2021-01-06T15:31:59+00:00\",\"dateModified\":\"2023-05-03T22:41:51+00:00\",\"breadcrumb\":{\"@id\":\"https:\/\/rodeko.pl\/?page_id=10#breadcrumb\"},\"inLanguage\":\"en-US\",\"potentialAction\":[{\"@type\":\"ReadAction\",\"target\":[\"https:\/\/rodeko.pl\/?page_id=10\"]}]},{\"@type\":\"ImageObject\",\"inLanguage\":\"en-US\",\"@id\":\"https:\/\/rodeko.pl\/?page_id=10#primaryimage\",\"url\":\"http:\/\/rodeko.pl\/wp-content\/uploads\/2021\/01\/ELEKTRYKAinstalacja-elektryczna-budowa-Copy.jpg\",\"contentUrl\":\"http:\/\/rodeko.pl\/wp-content\/uploads\/2021\/01\/ELEKTRYKAinstalacja-elektryczna-budowa-Copy.jpg\"},{\"@type\":\"BreadcrumbList\",\"@id\":\"https:\/\/rodeko.pl\/?page_id=10#breadcrumb\",\"itemListElement\":[{\"@type\":\"ListItem\",\"position\":1,\"name\":\"Strona g\u0142\u00f3wna\",\"item\":\"https:\/\/rodeko.pl\/\"},{\"@type\":\"ListItem\",\"position\":2,\"name\":\"ELEKTRYCZNE\"}]},{\"@type\":\"WebSite\",\"@id\":\"https:\/\/rodeko.pl\/#website\",\"url\":\"https:\/\/rodeko.pl\/\",\"name\":\"rodeko.pl\",\"description\":\"pompy ciep\u0142a I wyko\u0144czenia I remonty I hydraulika I elektryka I kurs krawiecki\",\"publisher\":{\"@id\":\"https:\/\/rodeko.pl\/#organization\"},\"potentialAction\":[{\"@type\":\"SearchAction\",\"target\":{\"@type\":\"EntryPoint\",\"urlTemplate\":\"https:\/\/rodeko.pl\/?s={search_term_string}\"},\"query-input\":{\"@type\":\"PropertyValueSpecification\",\"valueRequired\":true,\"valueName\":\"search_term_string\"}}],\"inLanguage\":\"en-US\"},{\"@type\":\"Organization\",\"@id\":\"https:\/\/rodeko.pl\/#organization\",\"name\":\"rodeko.pl\",\"url\":\"https:\/\/rodeko.pl\/\",\"logo\":{\"@type\":\"ImageObject\",\"inLanguage\":\"en-US\",\"@id\":\"https:\/\/rodeko.pl\/#\/schema\/logo\/image\/\",\"url\":\"http:\/\/rodeko.pl\/wp-content\/uploads\/2023\/05\/IMG_20211229_223701_HDR-Copy.jpg\",\"contentUrl\":\"http:\/\/rodeko.pl\/wp-content\/uploads\/2023\/05\/IMG_20211229_223701_HDR-Copy.jpg\",\"width\":1024,\"height\":768,\"caption\":\"rodeko.pl\"},\"image\":{\"@id\":\"https:\/\/rodeko.pl\/#\/schema\/logo\/image\/\"},\"sameAs\":[\"https:\/\/www.facebook.com\/profile.php?id=100092443299246\"]}]}<\/script>\n<!-- \/ Yoast SEO plugin. -->","yoast_head_json":{"title":"ELEKTRYCZNE - rodeko.pl","robots":{"index":"index","follow":"follow","max-snippet":"max-snippet:-1","max-image-preview":"max-image-preview:large","max-video-preview":"max-video-preview:-1"},"canonical":"https:\/\/rodeko.pl\/?page_id=10","og_locale":"en_US","og_type":"article","og_title":"ELEKTRYCZNE - rodeko.pl","og_description":"PROTOKO\u0141Y KONTROLNO-POMIAROWE ,WYKONAWSTWO INSTALACJI ELEKTRYCZNYCH ,PROJEKTY I REMONTY. !!!W dobrej cenie Punkt elektryczny !!!!!!W dobrej cenie Pomiary elektryczne-protok\u00f3\u0142 za dom !!! Wykonujemy odpowiednie pomiary i wystawiamy stosowne za\u015bwiadczenia w celu: A ponadto wykonujemy wszelkie inne prace elektryczne Pos\u0142ugujemy si\u0119 w naszej pracy urz\u0105dzeniami homologowanymiznanych producent\u00f3w ze \u015bwiadectwami wzorcowania:Miernik wielofunkcyjny do pomiaru urz\u0105dze\u0144 oraz instalacji elektroenergetycznych &hellip; Continue reading ELEKTRYCZNE &rarr;","og_url":"https:\/\/rodeko.pl\/?page_id=10","og_site_name":"rodeko.pl","article_publisher":"https:\/\/www.facebook.com\/profile.php?id=100092443299246","article_modified_time":"2023-05-03T22:41:51+00:00","og_image":[{"url":"http:\/\/rodeko.pl\/wp-content\/uploads\/2021\/01\/ELEKTRYKAinstalacja-elektryczna-budowa-Copy.jpg","type":"","width":"","height":""}],"twitter_card":"summary_large_image","twitter_misc":{"Est. reading time":"1 minute"},"schema":{"@context":"https:\/\/schema.org","@graph":[{"@type":"WebPage","@id":"https:\/\/rodeko.pl\/?page_id=10","url":"https:\/\/rodeko.pl\/?page_id=10","name":"ELEKTRYCZNE - rodeko.pl","isPartOf":{"@id":"https:\/\/rodeko.pl\/#website"},"primaryImageOfPage":{"@id":"https:\/\/rodeko.pl\/?page_id=10#primaryimage"},"image":{"@id":"https:\/\/rodeko.pl\/?page_id=10#primaryimage"},"thumbnailUrl":"http:\/\/rodeko.pl\/wp-content\/uploads\/2021\/01\/ELEKTRYKAinstalacja-elektryczna-budowa-Copy.jpg","datePublished":"2021-01-06T15:31:59+00:00","dateModified":"2023-05-03T22:41:51+00:00","breadcrumb":{"@id":"https:\/\/rodeko.pl\/?page_id=10#breadcrumb"},"inLanguage":"en-US","potentialAction":[{"@type":"ReadAction","target":["https:\/\/rodeko.pl\/?page_id=10"]}]},{"@type":"ImageObject","inLanguage":"en-US","@id":"https:\/\/rodeko.pl\/?page_id=10#primaryimage","url":"http:\/\/rodeko.pl\/wp-content\/uploads\/2021\/01\/ELEKTRYKAinstalacja-elektryczna-budowa-Copy.jpg","contentUrl":"http:\/\/rodeko.pl\/wp-content\/uploads\/2021\/01\/ELEKTRYKAinstalacja-elektryczna-budowa-Copy.jpg"},{"@type":"BreadcrumbList","@id":"https:\/\/rodeko.pl\/?page_id=10#breadcrumb","itemListElement":[{"@type":"ListItem","position":1,"name":"Strona g\u0142\u00f3wna","item":"https:\/\/rodeko.pl\/"},{"@type":"ListItem","position":2,"name":"ELEKTRYCZNE"}]},{"@type":"WebSite","@id":"https:\/\/rodeko.pl\/#website","url":"https:\/\/rodeko.pl\/","name":"rodeko.pl","description":"pompy ciep\u0142a I wyko\u0144czenia I remonty I hydraulika I elektryka I kurs krawiecki","publisher":{"@id":"https:\/\/rodeko.pl\/#organization"},"potentialAction":[{"@type":"SearchAction","target":{"@type":"EntryPoint","urlTemplate":"https:\/\/rodeko.pl\/?s={search_term_string}"},"query-input":{"@type":"PropertyValueSpecification","valueRequired":true,"valueName":"search_term_string"}}],"inLanguage":"en-US"},{"@type":"Organization","@id":"https:\/\/rodeko.pl\/#organization","name":"rodeko.pl","url":"https:\/\/rodeko.pl\/","logo":{"@type":"ImageObject","inLanguage":"en-US","@id":"https:\/\/rodeko.pl\/#\/schema\/logo\/image\/","url":"http:\/\/rodeko.pl\/wp-content\/uploads\/2023\/05\/IMG_20211229_223701_HDR-Copy.jpg","contentUrl":"http:\/\/rodeko.pl\/wp-content\/uploads\/2023\/05\/IMG_20211229_223701_HDR-Copy.jpg","width":1024,"height":768,"caption":"rodeko.pl"},"image":{"@id":"https:\/\/rodeko.pl\/#\/schema\/logo\/image\/"},"sameAs":["https:\/\/www.facebook.com\/profile.php?id=100092443299246"]}]}},"_links":{"self":[{"href":"https:\/\/rodeko.pl\/index.php?rest_route=\/wp\/v2\/pages\/10","targetHints":{"allow":["GET"]}}],"collection":[{"href":"https:\/\/rodeko.pl\/index.php?rest_route=\/wp\/v2\/pages"}],"about":[{"href":"https:\/\/rodeko.pl\/index.php?rest_route=\/wp\/v2\/types\/page"}],"author":[{"embeddable":true,"href":"https:\/\/rodeko.pl\/index.php?rest_route=\/wp\/v2\/users\/2"}],"replies":[{"embeddable":true,"href":"https:\/\/rodeko.pl\/index.php?rest_route=%2Fwp%2Fv2%2Fcomments&post=10"}],"version-history":[{"count":1,"href":"https:\/\/rodeko.pl\/index.php?rest_route=\/wp\/v2\/pages\/10\/revisions"}],"predecessor-version":[{"id":817,"href":"https:\/\/rodeko.pl\/index.php?rest_route=\/wp\/v2\/pages\/10\/revisions\/817"}],"wp:attachment":[{"href":"https:\/\/rodeko.pl\/index.php?rest_route=%2Fwp%2Fv2%2Fmedia&parent=10"}],"curies":[{"name":"wp","href":"https:\/\/api.w.org\/{rel}","templated":true}]}}